{"id":594,"date":"2019-01-21T18:42:15","date_gmt":"2019-01-21T16:42:15","guid":{"rendered":"https:\/\/vangelis-house.com\/shop\/camera-de-familie-6\/"},"modified":"2025-11-19T14:50:37","modified_gmt":"2025-11-19T12:50:37","slug":"camera-de-familie-6","status":"publish","type":"product","link":"https:\/\/vangelis-house.com\/ro\/produs\/camera-de-familie-6\/","title":{"rendered":"Camer\u0103 de familie 6"},"content":{"rendered":"\n<p><strong>Camera de ocupare:<\/strong><\/p>\n\n<ul class=\"wp-block-list\">\n<li>Maximum 6 persoane.<\/li>\n\n\n\n<li>Suma minima de adulti: 1.<\/li>\n\n\n\n<li>Suma maxima de adulti: 6.<\/li>\n\n\n\n<li>Num\u0103rul maxim de copii: 5.<\/li>\n\n\n\n<li>Num\u0103rul maxim de sugari: 2.<\/li>\n<\/ul>\n\n<p><strong>Marimea apartamentului: <\/strong>45 m \u00b2<\/p>\n\n<p><strong>Tipul de pat(e):<\/strong><\/p>\n\n<ul class=\"wp-block-list\">\n<li>Camera 1 (camera cu TV): 1 pat single 120 cm x 190 cm \u0219i 1 pat single 90 cm x 190 cm.<\/li>\n\n\n\n<li>Camera 2: 1 pat single 120 cm x 190 cm \u0219i 1 pat single 90 cm x 190 cm.<\/li>\n<\/ul>\n\n<p><strong>Pre\u0163urile:<\/strong><\/p>\n\n<figure class=\"wp-block-table is-style-regular\"><table class=\"has-background\" style=\"background-color:#151515\"><thead><tr><th class=\"has-text-align-left\" data-align=\"left\">Sezonul 2026<\/th><th><\/th><th><\/th><\/tr><\/thead><tbody><tr><td class=\"has-text-align-left\" data-align=\"left\">C<\/td><td>Sezonul sc\u0103zut<\/td><td>20.04.2026 \u2013 17.05.2026<\/td><\/tr><tr><td class=\"has-text-align-left\" data-align=\"left\">B<\/td><td>Sezonul intermediar<\/td><td>18.05.2026 \u2013 28.06.2026<\/td><\/tr><tr><td class=\"has-text-align-left\" data-align=\"left\">A<\/td><td>Sezonul de v\u00e2rf<\/td><td>29.06.2026 \u2013 23.08.2026<\/td><\/tr><tr><td class=\"has-text-align-left\" data-align=\"left\">B<\/td><td>Sezonul intermediar<\/td><td>24.08.2026 \u2013 13.09.2026<\/td><\/tr><tr><td class=\"has-text-align-left\" data-align=\"left\">C<\/td><td>Sezonul sc\u0103zut<\/td><td>14.09.2026 \u2013 30.09.2026<\/td><\/tr><\/tbody><\/table><\/figure>\n\n<ul class=\"wp-block-list\">\n<li>Oaspe\u021bii # 1 &#8211; # 4:\n<ul class=\"wp-block-list\">\n<li><strong>\u20ac 80<\/strong> \/ noapte (sezonul A).<\/li>\n\n\n\n<li><strong>\u20ac 65<\/strong> \/ noapte (sezonul B).<\/li>\n\n\n\n<li><strong>\u20ac 50<\/strong> \/ noapte (sezonul C).<\/li>\n<\/ul>\n<\/li>\n\n\n\n<li>Oaspete # 5:\n<ul class=\"wp-block-list\">\n<li><strong>+ \u20ac 10<\/strong> \/ noapte (sezonul A, B, C).<\/li>\n<\/ul>\n<\/li>\n\n\n\n<li>Oaspete # 6:\n<ul class=\"wp-block-list\">\n<li><strong>+ \u20ac 5<\/strong> \/ noapte (sezonul A, B, C).<\/li>\n<\/ul>\n<\/li>\n\n\n\n<li>Aer condi\u021bionat (optional):\n<ul class=\"wp-block-list\">\n<li><strong>+ \u20ac 7<\/strong> \/ noapte (sezonul A, B, C).<\/li>\n<\/ul>\n<\/li>\n<\/ul>\n\n<p>Inclus\u0103 este ultima cur\u0103\u021benie.<\/p>\n\n<ul class=\"wp-block-list\">\n<li>TVA <strong>13 %<\/strong><\/li>\n\n\n\n<li>Tax\u0103 guvernamental\u0103 <strong>0.5 %<\/strong><\/li>\n\n\n\n<li>Taxa de rezilien\u021b\u0103 la schimb\u0103rile climatice: <strong>2 \u20ac<\/strong> \/ noapte per apartament.<\/li>\n<\/ul>\n","protected":false},"excerpt":{"rendered":"<ul>\n<li>2 camere<\/li>\n<li>P\u00e2n\u0103 la 6 persoane<\/li>\n<li>Etajul 2<\/li>\n<\/ul>\n","protected":false},"featured_media":15057,"comment_status":"open","ping_status":"closed","template":"","meta":[],"product_brand":[],"product_cat":[46,56],"product_tag":[],"class_list":{"0":"post-594","1":"product","2":"type-product","3":"status-publish","4":"has-post-thumbnail","6":"product_cat-apartamente","7":"product_cat-camere-de-familie","8":"yith_booking_service-air-conditioner","9":"sales-flash-overlay","10":"woocommerce-text-align-center","11":"woocommerce-image-align-center","12":"do-quantity-buttons","13":"wc-has-gallery","15":"first","16":"instock","17":"virtual","18":"sold-individually","19":"taxable","20":"purchasable","21":"product-type-booking"},"yoast_head":"<!-- This site is optimized with the Yoast SEO plugin v27.5 - https:\/\/yoast.com\/product\/yoast-seo-wordpress\/ -->\n<title>Camer\u0103 de familie 6 - Vangelis-House<\/title>\n<meta name=\"robots\" content=\"index, follow, max-snippet:-1, max-image-preview:large, max-video-preview:-1\" \/>\n<link rel=\"canonical\" href=\"https:\/\/vangelis-house.com\/ro\/produs\/camera-de-familie-6\/\" \/>\n<meta property=\"og:locale\" content=\"ro_RO\" \/>\n<meta property=\"og:type\" content=\"article\" \/>\n<meta property=\"og:title\" content=\"Camer\u0103 de familie 6 - Vangelis-House\" \/>\n<meta property=\"og:description\" content=\"2 camere P\u00e2n\u0103 la 6 persoane Etajul 2\" \/>\n<meta property=\"og:url\" content=\"https:\/\/vangelis-house.com\/ro\/produs\/camera-de-familie-6\/\" \/>\n<meta property=\"og:site_name\" content=\"Vangelis-House\" \/>\n<meta property=\"article:publisher\" content=\"https:\/\/facebook.com\/vangelishouse\" \/>\n<meta property=\"article:modified_time\" content=\"2025-11-19T12:50:37+00:00\" \/>\n<meta property=\"og:image\" content=\"https:\/\/vangelis-house.com\/wp-content\/uploads\/2023\/02\/Vangelis-House-Family-room-6-01.jpg\" \/>\n\t<meta property=\"og:image:width\" content=\"1400\" \/>\n\t<meta property=\"og:image:height\" content=\"930\" \/>\n\t<meta property=\"og:image:type\" content=\"image\/jpeg\" \/>\n<meta name=\"twitter:card\" content=\"summary_large_image\" \/>\n<meta name=\"twitter:site\" content=\"@vangelishouse\" \/>\n<meta name=\"twitter:label1\" content=\"Timp estimat pentru citire\" \/>\n\t<meta name=\"twitter:data1\" content=\"1 minut\" \/>\n<script type=\"application\/ld+json\" class=\"yoast-schema-graph\">{\"@context\":\"https:\\\/\\\/schema.org\",\"@graph\":[{\"@type\":\"WebPage\",\"@id\":\"https:\\\/\\\/vangelis-house.com\\\/ro\\\/produs\\\/camera-de-familie-6\\\/\",\"url\":\"https:\\\/\\\/vangelis-house.com\\\/ro\\\/produs\\\/camera-de-familie-6\\\/\",\"name\":\"Camer\u0103 de familie 6 - Vangelis-House\",\"isPartOf\":{\"@id\":\"https:\\\/\\\/vangelis-house.com\\\/#website\"},\"primaryImageOfPage\":{\"@id\":\"https:\\\/\\\/vangelis-house.com\\\/ro\\\/produs\\\/camera-de-familie-6\\\/#primaryimage\"},\"image\":{\"@id\":\"https:\\\/\\\/vangelis-house.com\\\/ro\\\/produs\\\/camera-de-familie-6\\\/#primaryimage\"},\"thumbnailUrl\":\"https:\\\/\\\/vangelis-house.com\\\/wp-content\\\/uploads\\\/2023\\\/02\\\/Vangelis-House-Family-room-6-01.jpg\",\"datePublished\":\"2019-01-21T16:42:15+00:00\",\"dateModified\":\"2025-11-19T12:50:37+00:00\",\"breadcrumb\":{\"@id\":\"https:\\\/\\\/vangelis-house.com\\\/ro\\\/produs\\\/camera-de-familie-6\\\/#breadcrumb\"},\"inLanguage\":\"ro-RO\",\"potentialAction\":[{\"@type\":\"ReadAction\",\"target\":[\"https:\\\/\\\/vangelis-house.com\\\/ro\\\/produs\\\/camera-de-familie-6\\\/\"]}]},{\"@type\":\"ImageObject\",\"inLanguage\":\"ro-RO\",\"@id\":\"https:\\\/\\\/vangelis-house.com\\\/ro\\\/produs\\\/camera-de-familie-6\\\/#primaryimage\",\"url\":\"https:\\\/\\\/vangelis-house.com\\\/wp-content\\\/uploads\\\/2023\\\/02\\\/Vangelis-House-Family-room-6-01.jpg\",\"contentUrl\":\"https:\\\/\\\/vangelis-house.com\\\/wp-content\\\/uploads\\\/2023\\\/02\\\/Vangelis-House-Family-room-6-01.jpg\",\"width\":1400,\"height\":930},{\"@type\":\"BreadcrumbList\",\"@id\":\"https:\\\/\\\/vangelis-house.com\\\/ro\\\/produs\\\/camera-de-familie-6\\\/#breadcrumb\",\"itemListElement\":[{\"@type\":\"ListItem\",\"position\":1,\"name\":\"Home\",\"item\":\"https:\\\/\\\/vangelis-house.com\\\/ro\\\/\"},{\"@type\":\"ListItem\",\"position\":2,\"name\":\"Apartamente\",\"item\":\"https:\\\/\\\/vangelis-house.com\\\/ro\\\/apartamente\\\/\"},{\"@type\":\"ListItem\",\"position\":3,\"name\":\"Camer\u0103 de familie 6\"}]},{\"@type\":\"WebSite\",\"@id\":\"https:\\\/\\\/vangelis-house.com\\\/#website\",\"url\":\"https:\\\/\\\/vangelis-house.com\\\/\",\"name\":\"Vangelis-House\",\"description\":\"Holiday Apartments in Olympic Beach\",\"publisher\":{\"@id\":\"https:\\\/\\\/vangelis-house.com\\\/#organization\"},\"potentialAction\":[{\"@type\":\"SearchAction\",\"target\":{\"@type\":\"EntryPoint\",\"urlTemplate\":\"https:\\\/\\\/vangelis-house.com\\\/?s={search_term_string}\"},\"query-input\":{\"@type\":\"PropertyValueSpecification\",\"valueRequired\":true,\"valueName\":\"search_term_string\"}}],\"inLanguage\":\"ro-RO\"},{\"@type\":\"Organization\",\"@id\":\"https:\\\/\\\/vangelis-house.com\\\/#organization\",\"name\":\"Vangelis-House\",\"alternateName\":\"Holiday Apartments in Olympic Beach\",\"url\":\"https:\\\/\\\/vangelis-house.com\\\/\",\"logo\":{\"@type\":\"ImageObject\",\"inLanguage\":\"ro-RO\",\"@id\":\"https:\\\/\\\/vangelis-house.com\\\/#\\\/schema\\\/logo\\\/image\\\/\",\"url\":\"https:\\\/\\\/vangelis-house.com\\\/wp-content\\\/uploads\\\/2024\\\/03\\\/vh_04_2024_logo.png\",\"contentUrl\":\"https:\\\/\\\/vangelis-house.com\\\/wp-content\\\/uploads\\\/2024\\\/03\\\/vh_04_2024_logo.png\",\"width\":1500,\"height\":600,\"caption\":\"Vangelis-House\"},\"image\":{\"@id\":\"https:\\\/\\\/vangelis-house.com\\\/#\\\/schema\\\/logo\\\/image\\\/\"},\"sameAs\":[\"https:\\\/\\\/facebook.com\\\/vangelishouse\",\"https:\\\/\\\/x.com\\\/vangelishouse\",\"https:\\\/\\\/instagram.com\\\/vangelishouse\",\"https:\\\/\\\/wa.me\\\/491775069348\"]}]}<\/script>\n<!-- \/ Yoast SEO plugin. -->","yoast_head_json":{"title":"Camer\u0103 de familie 6 - Vangelis-House","robots":{"index":"index","follow":"follow","max-snippet":"max-snippet:-1","max-image-preview":"max-image-preview:large","max-video-preview":"max-video-preview:-1"},"canonical":"https:\/\/vangelis-house.com\/ro\/produs\/camera-de-familie-6\/","og_locale":"ro_RO","og_type":"article","og_title":"Camer\u0103 de familie 6 - Vangelis-House","og_description":"2 camere P\u00e2n\u0103 la 6 persoane Etajul 2","og_url":"https:\/\/vangelis-house.com\/ro\/produs\/camera-de-familie-6\/","og_site_name":"Vangelis-House","article_publisher":"https:\/\/facebook.com\/vangelishouse","article_modified_time":"2025-11-19T12:50:37+00:00","og_image":[{"width":1400,"height":930,"url":"https:\/\/vangelis-house.com\/wp-content\/uploads\/2023\/02\/Vangelis-House-Family-room-6-01.jpg","type":"image\/jpeg"}],"twitter_card":"summary_large_image","twitter_site":"@vangelishouse","twitter_misc":{"Timp estimat pentru citire":"1 minut"},"schema":{"@context":"https:\/\/schema.org","@graph":[{"@type":"WebPage","@id":"https:\/\/vangelis-house.com\/ro\/produs\/camera-de-familie-6\/","url":"https:\/\/vangelis-house.com\/ro\/produs\/camera-de-familie-6\/","name":"Camer\u0103 de familie 6 - Vangelis-House","isPartOf":{"@id":"https:\/\/vangelis-house.com\/#website"},"primaryImageOfPage":{"@id":"https:\/\/vangelis-house.com\/ro\/produs\/camera-de-familie-6\/#primaryimage"},"image":{"@id":"https:\/\/vangelis-house.com\/ro\/produs\/camera-de-familie-6\/#primaryimage"},"thumbnailUrl":"https:\/\/vangelis-house.com\/wp-content\/uploads\/2023\/02\/Vangelis-House-Family-room-6-01.jpg","datePublished":"2019-01-21T16:42:15+00:00","dateModified":"2025-11-19T12:50:37+00:00","breadcrumb":{"@id":"https:\/\/vangelis-house.com\/ro\/produs\/camera-de-familie-6\/#breadcrumb"},"inLanguage":"ro-RO","potentialAction":[{"@type":"ReadAction","target":["https:\/\/vangelis-house.com\/ro\/produs\/camera-de-familie-6\/"]}]},{"@type":"ImageObject","inLanguage":"ro-RO","@id":"https:\/\/vangelis-house.com\/ro\/produs\/camera-de-familie-6\/#primaryimage","url":"https:\/\/vangelis-house.com\/wp-content\/uploads\/2023\/02\/Vangelis-House-Family-room-6-01.jpg","contentUrl":"https:\/\/vangelis-house.com\/wp-content\/uploads\/2023\/02\/Vangelis-House-Family-room-6-01.jpg","width":1400,"height":930},{"@type":"BreadcrumbList","@id":"https:\/\/vangelis-house.com\/ro\/produs\/camera-de-familie-6\/#breadcrumb","itemListElement":[{"@type":"ListItem","position":1,"name":"Home","item":"https:\/\/vangelis-house.com\/ro\/"},{"@type":"ListItem","position":2,"name":"Apartamente","item":"https:\/\/vangelis-house.com\/ro\/apartamente\/"},{"@type":"ListItem","position":3,"name":"Camer\u0103 de familie 6"}]},{"@type":"WebSite","@id":"https:\/\/vangelis-house.com\/#website","url":"https:\/\/vangelis-house.com\/","name":"Vangelis-House","description":"Holiday Apartments in Olympic Beach","publisher":{"@id":"https:\/\/vangelis-house.com\/#organization"},"potentialAction":[{"@type":"SearchAction","target":{"@type":"EntryPoint","urlTemplate":"https:\/\/vangelis-house.com\/?s={search_term_string}"},"query-input":{"@type":"PropertyValueSpecification","valueRequired":true,"valueName":"search_term_string"}}],"inLanguage":"ro-RO"},{"@type":"Organization","@id":"https:\/\/vangelis-house.com\/#organization","name":"Vangelis-House","alternateName":"Holiday Apartments in Olympic Beach","url":"https:\/\/vangelis-house.com\/","logo":{"@type":"ImageObject","inLanguage":"ro-RO","@id":"https:\/\/vangelis-house.com\/#\/schema\/logo\/image\/","url":"https:\/\/vangelis-house.com\/wp-content\/uploads\/2024\/03\/vh_04_2024_logo.png","contentUrl":"https:\/\/vangelis-house.com\/wp-content\/uploads\/2024\/03\/vh_04_2024_logo.png","width":1500,"height":600,"caption":"Vangelis-House"},"image":{"@id":"https:\/\/vangelis-house.com\/#\/schema\/logo\/image\/"},"sameAs":["https:\/\/facebook.com\/vangelishouse","https:\/\/x.com\/vangelishouse","https:\/\/instagram.com\/vangelishouse","https:\/\/wa.me\/491775069348"]}]}},"jetpack_sharing_enabled":true,"_links":{"self":[{"href":"https:\/\/vangelis-house.com\/ro\/wp-json\/wp\/v2\/product\/594","targetHints":{"allow":["GET"]}}],"collection":[{"href":"https:\/\/vangelis-house.com\/ro\/wp-json\/wp\/v2\/product"}],"about":[{"href":"https:\/\/vangelis-house.com\/ro\/wp-json\/wp\/v2\/types\/product"}],"replies":[{"embeddable":true,"href":"https:\/\/vangelis-house.com\/ro\/wp-json\/wp\/v2\/comments?post=594"}],"wp:featuredmedia":[{"embeddable":true,"href":"https:\/\/vangelis-house.com\/ro\/wp-json\/wp\/v2\/media\/15057"}],"wp:attachment":[{"href":"https:\/\/vangelis-house.com\/ro\/wp-json\/wp\/v2\/media?parent=594"}],"wp:term":[{"taxonomy":"product_brand","embeddable":true,"href":"https:\/\/vangelis-house.com\/ro\/wp-json\/wp\/v2\/product_brand?post=594"},{"taxonomy":"product_cat","embeddable":true,"href":"https:\/\/vangelis-house.com\/ro\/wp-json\/wp\/v2\/product_cat?post=594"},{"taxonomy":"product_tag","embeddable":true,"href":"https:\/\/vangelis-house.com\/ro\/wp-json\/wp\/v2\/product_tag?post=594"}],"curies":[{"name":"wp","href":"https:\/\/api.w.org\/{rel}","templated":true}]}}