{"id":19208,"date":"2025-11-08T15:18:56","date_gmt":"2025-11-08T13:18:56","guid":{"rendered":"https:\/\/vangelis-house.com\/termeni-si-conditii\/"},"modified":"2025-11-08T15:18:56","modified_gmt":"2025-11-08T13:18:56","slug":"termeni-si-conditii","status":"publish","type":"page","link":"https:\/\/vangelis-house.com\/ro\/termeni-si-conditii\/","title":{"rendered":"Termeni \u0219i condi\u021bii"},"content":{"rendered":"<div class=\"gb-container gb-container-f280fd78 alignfull\">\n<div class=\"gb-grid-wrapper gb-grid-wrapper-7397db71\">\n<div class=\"gb-grid-column gb-grid-column-1a76069d\"><div class=\"gb-container gb-container-1a76069d\">\n\n<p>Urm\u0103toarele condi\u021bii generale se aplic\u0103 \u00eenchirierii apartamentelor:<\/p>\n\n\n\n<p><strong>1. Generalit\u0103\u021bi &#8211; Bookin<\/strong>g<\/p>\n\n\n\n<p>Prin rezervare \u0219i confirmarea rezerv\u0103rii se creeaz\u0103 un contract eficient din punct de vedere juridic. P\u0103r\u021bile contractante sunt chiria\u0219ul \u0219i proprietarul, ca furnizor al apartamentelor. Nu este permis s\u0103 se \u00eencheie o rezervare \u00een numele ter\u021bilor sau s\u0103 se medieze acest lucru. Persoanele enumerate \u00een rezervare sunt singurele permise pentru a ocupa fiecare apartament. Sub\u00eenchirierea nu este permis\u0103.<\/p>\n\n\n\n<p><strong>2. ocupare-mai mult\u0103 ocupare-r\u0103spundere pentru daune<\/strong><\/p>\n\n\n\n<p>Obiectul contractului poate fi ocupat numai de num\u0103rul de persoane \u0219i de persoanele specificate \u00een confirmarea rezerv\u0103rii. Num\u0103rul maxim de persoane overcrowding nu este niciodat\u0103 posibil. \u00cen cazul unei mai multe ocupare, este necesar\u0103 o compensa\u021bie suplimentar\u0103 pentru perioada de ocupare \u00een exces. Dreptul la rezilierea imediat\u0103 a contractului \u00eencheiat cu rezervarea r\u0103m\u00e2ne neafectat. Chiria\u0219 se angajeaz\u0103 s\u0103 trateze obiectul cu grij\u0103 \u0219i s\u0103 raporteze orice daune suferite \u00een timpul perioadei de \u00eenchiriere imediat pe site-ul. Chiria\u0219ul este responsabil pentru supravegherea colegilor s\u0103i, care, de asemenea, trebuie s\u0103 trateze proprietatea cu grij\u0103. Locatarii sunt r\u0103spunz\u0103tori pentru toate daunele provocate de locatar \u0219i\/sau de ceilal\u021bi c\u0103l\u0103tori \u00een obiectul de \u00eenchiriere, inventarul \u0219i facilit\u0103\u021bile Comunit\u0103\u021bii, de exemplu, feluri de m\u00e2ncare sparte, deteriorarea mobilierului. Aceasta include costul de chei pierdute (sistem de blocare).<\/p>\n\n\n\n<p><strong>3. plata-anulare-costuri \u0219i comisioane<\/strong><\/p>\n\n\n\n<p>Prin rezervarea unei oferte \u0219i acceptarea rezerv\u0103rii printr-o confirmare de rezervare, suma total\u0103 trebuie pl\u0103tit\u0103 \u00een termen de \u0219apte (7) zile lucr\u0103toare de la confirmarea rezerv\u0103rii. Cu rezervarea \u0219i, \u00een plus, cu transferul depozitului, chiria\u0219 accept\u0103 termenii \u0219i condi\u021biile generale. Ei devin parte a contractului. \u00cen cazul \u00een care pre\u021bul total nu este pl\u0103tit cu trei (3) zile \u00eenainte de data sosirii men\u021bionat\u0103 \u00een rezervare, proprietarul are dreptul de a rezilia imediat contractul f\u0103r\u0103 a stabili un termen limit\u0103 \u0219i de a \u00eenchiria obiectul contractului \u00een alt\u0103 parte. Pl\u0103\u021bile pentru serviciile ulterioare \u0219i cele rezervate la nivel local trebuie achitate direct \u0219i \u00een numerar la fa\u021ba locului.<\/p>\n\n\n\n<p><strong>4. \u00eencetarea anticipat\u0103 a contractului de leasing<\/strong><\/p>\n\n\n\n<p>\u00cen caz de reziliere prematur\u0103 a contractului de \u00eenchiriere (chiar dac\u0103 proprietarul reziliaz\u0103 contractul de arend\u0103 din motive \u00eentemeiate) sau \u00een caz de neprezentare, locatarul nu are preten\u021bii de desp\u0103gubire pentru perioada de \u00eenchiriere neutilizat\u0103.<\/p>\n\n\n\n<p><strong>5. note<\/strong><\/p>\n\n\n\n<p>Se recomand\u0103 s\u0103 se ia de asigurare de anulare de c\u0103l\u0103torie \u0219i de asigurare de r\u0103spundere ter\u021b\u0103 parte. Astfel, sunte\u021bi protejat \u00eempotriva oric\u0103ror costuri. Timpii de sosire \u0219i de plecare trebuie s\u0103 fie comunica\u021bi de c\u0103tre chiria\u0219 devreme pentru a face un flux optim \u0219i neted. Zilele de sosire \u0219i de plecare sunt num\u0103rate ca zile \u00eentregi pentru perioada \u00eenchirierii. \u00cen ziua sosirii, chiria\u0219ul se poate referi \u00een continuare la obiectul de \u00eenchiriere de la pr\u00e2nz mai devreme. \u00cen cazul \u00een care obiectul nu a fost inchiriat anterior, o colec\u021bie anterioar\u0103 de aranjament este posibil\u0103 \u0219i va fi comunicat \u00een scris. Apartamentul \u00eenchiriat este l\u0103sat \u00een ziua plec\u0103rii m\u0103turate. Vasele, paharele \u0219i echipamentele de buc\u0103t\u0103rie trebuie l\u0103sate curate, Co\u0219ul de gunoi poate fi golit \u0219i frigiderul este cur\u0103\u021bat. Toaleta este cur\u0103\u021bat\u0103 \u0219i echipamentul de baie este func\u021bional. \u00cen cazul \u00een care acest lucru nu este f\u0103cut, vom percepe o tax\u0103 de cur\u0103\u021bare de cel pu\u021bin 30,-\u20ac, acest lucru se aplic\u0103, de asemenea, murd\u0103rie grosier (pete sau utilizare necorespunz\u0103toare). Modific\u0103rile sau complet\u0103rile necesit\u0103 ca formularul scris s\u0103 fie eficient. \u00cen cazul \u00een care oricare dintre ace\u0219ti termeni \u0219i condi\u021bii s\u0103 fie sau s\u0103 devin\u0103 invalid sau nule, acest lucru nu va afecta valabilitatea legal\u0103 a con\u021binutului r\u0103mase a contractului. Sediul administrativ din Germania nu este parte contractant\u0103 \u0219i este r\u0103spunz\u0103tor doar pentru inten\u021bie. Locul de competen\u021b\u0103 pentru toate litigiile dintre p\u0103r\u021bile care decurg din rela\u021bia contractual\u0103 este sediul social al societ\u0103\u021bii Katerini\/Grecia.<\/p>\n\n\n\n<p>Valabil este legea Republicii Grecia.<\/p>\n\n<\/div><\/div>\n<\/div>\n<\/div>","protected":false},"excerpt":{"rendered":"","protected":false},"author":1,"featured_media":0,"parent":0,"menu_order":0,"comment_status":"closed","ping_status":"closed","template":"","meta":{"footnotes":""},"class_list":["post-19208","page","type-page","status-publish"],"yoast_head":"<!-- This site is optimized with the Yoast SEO plugin v27.5 - https:\/\/yoast.com\/product\/yoast-seo-wordpress\/ -->\n<title>Termeni \u0219i condi\u021bii - Vangelis-House<\/title>\n<meta name=\"robots\" content=\"index, follow, max-snippet:-1, max-image-preview:large, max-video-preview:-1\" \/>\n<link rel=\"canonical\" href=\"https:\/\/vangelis-house.com\/ro\/termeni-si-conditii\/\" \/>\n<meta property=\"og:locale\" content=\"ro_RO\" \/>\n<meta property=\"og:type\" content=\"article\" \/>\n<meta property=\"og:title\" content=\"Termeni \u0219i condi\u021bii - Vangelis-House\" \/>\n<meta property=\"og:url\" content=\"https:\/\/vangelis-house.com\/ro\/termeni-si-conditii\/\" \/>\n<meta property=\"og:site_name\" content=\"Vangelis-House\" \/>\n<meta property=\"article:publisher\" content=\"https:\/\/facebook.com\/vangelishouse\" \/>\n<meta name=\"twitter:card\" content=\"summary_large_image\" \/>\n<meta name=\"twitter:site\" content=\"@vangelishouse\" \/>\n<meta name=\"twitter:label1\" content=\"Timp estimat pentru citire\" \/>\n\t<meta name=\"twitter:data1\" content=\"3 minute\" \/>\n<script type=\"application\/ld+json\" class=\"yoast-schema-graph\">{\"@context\":\"https:\\\/\\\/schema.org\",\"@graph\":[{\"@type\":\"WebPage\",\"@id\":\"https:\\\/\\\/vangelis-house.com\\\/ro\\\/termeni-si-conditii\\\/\",\"url\":\"https:\\\/\\\/vangelis-house.com\\\/ro\\\/termeni-si-conditii\\\/\",\"name\":\"Termeni \u0219i condi\u021bii - Vangelis-House\",\"isPartOf\":{\"@id\":\"https:\\\/\\\/vangelis-house.com\\\/#website\"},\"datePublished\":\"2025-11-08T13:18:56+00:00\",\"breadcrumb\":{\"@id\":\"https:\\\/\\\/vangelis-house.com\\\/ro\\\/termeni-si-conditii\\\/#breadcrumb\"},\"inLanguage\":\"ro-RO\",\"potentialAction\":[{\"@type\":\"ReadAction\",\"target\":[\"https:\\\/\\\/vangelis-house.com\\\/ro\\\/termeni-si-conditii\\\/\"]}]},{\"@type\":\"BreadcrumbList\",\"@id\":\"https:\\\/\\\/vangelis-house.com\\\/ro\\\/termeni-si-conditii\\\/#breadcrumb\",\"itemListElement\":[{\"@type\":\"ListItem\",\"position\":1,\"name\":\"Home\",\"item\":\"https:\\\/\\\/vangelis-house.com\\\/ro\\\/\"},{\"@type\":\"ListItem\",\"position\":2,\"name\":\"Termeni \u0219i condi\u021bii\"}]},{\"@type\":\"WebSite\",\"@id\":\"https:\\\/\\\/vangelis-house.com\\\/#website\",\"url\":\"https:\\\/\\\/vangelis-house.com\\\/\",\"name\":\"Vangelis-House\",\"description\":\"Holiday Apartments in Olympic Beach\",\"publisher\":{\"@id\":\"https:\\\/\\\/vangelis-house.com\\\/#organization\"},\"potentialAction\":[{\"@type\":\"SearchAction\",\"target\":{\"@type\":\"EntryPoint\",\"urlTemplate\":\"https:\\\/\\\/vangelis-house.com\\\/?s={search_term_string}\"},\"query-input\":{\"@type\":\"PropertyValueSpecification\",\"valueRequired\":true,\"valueName\":\"search_term_string\"}}],\"inLanguage\":\"ro-RO\"},{\"@type\":\"Organization\",\"@id\":\"https:\\\/\\\/vangelis-house.com\\\/#organization\",\"name\":\"Vangelis-House\",\"alternateName\":\"Holiday Apartments in Olympic Beach\",\"url\":\"https:\\\/\\\/vangelis-house.com\\\/\",\"logo\":{\"@type\":\"ImageObject\",\"inLanguage\":\"ro-RO\",\"@id\":\"https:\\\/\\\/vangelis-house.com\\\/#\\\/schema\\\/logo\\\/image\\\/\",\"url\":\"https:\\\/\\\/vangelis-house.com\\\/wp-content\\\/uploads\\\/2024\\\/03\\\/vh_04_2024_logo.png\",\"contentUrl\":\"https:\\\/\\\/vangelis-house.com\\\/wp-content\\\/uploads\\\/2024\\\/03\\\/vh_04_2024_logo.png\",\"width\":1500,\"height\":600,\"caption\":\"Vangelis-House\"},\"image\":{\"@id\":\"https:\\\/\\\/vangelis-house.com\\\/#\\\/schema\\\/logo\\\/image\\\/\"},\"sameAs\":[\"https:\\\/\\\/facebook.com\\\/vangelishouse\",\"https:\\\/\\\/x.com\\\/vangelishouse\",\"https:\\\/\\\/instagram.com\\\/vangelishouse\",\"https:\\\/\\\/wa.me\\\/491775069348\"]}]}<\/script>\n<!-- \/ Yoast SEO plugin. -->","yoast_head_json":{"title":"Termeni \u0219i condi\u021bii - Vangelis-House","robots":{"index":"index","follow":"follow","max-snippet":"max-snippet:-1","max-image-preview":"max-image-preview:large","max-video-preview":"max-video-preview:-1"},"canonical":"https:\/\/vangelis-house.com\/ro\/termeni-si-conditii\/","og_locale":"ro_RO","og_type":"article","og_title":"Termeni \u0219i condi\u021bii - Vangelis-House","og_url":"https:\/\/vangelis-house.com\/ro\/termeni-si-conditii\/","og_site_name":"Vangelis-House","article_publisher":"https:\/\/facebook.com\/vangelishouse","twitter_card":"summary_large_image","twitter_site":"@vangelishouse","twitter_misc":{"Timp estimat pentru citire":"3 minute"},"schema":{"@context":"https:\/\/schema.org","@graph":[{"@type":"WebPage","@id":"https:\/\/vangelis-house.com\/ro\/termeni-si-conditii\/","url":"https:\/\/vangelis-house.com\/ro\/termeni-si-conditii\/","name":"Termeni \u0219i condi\u021bii - Vangelis-House","isPartOf":{"@id":"https:\/\/vangelis-house.com\/#website"},"datePublished":"2025-11-08T13:18:56+00:00","breadcrumb":{"@id":"https:\/\/vangelis-house.com\/ro\/termeni-si-conditii\/#breadcrumb"},"inLanguage":"ro-RO","potentialAction":[{"@type":"ReadAction","target":["https:\/\/vangelis-house.com\/ro\/termeni-si-conditii\/"]}]},{"@type":"BreadcrumbList","@id":"https:\/\/vangelis-house.com\/ro\/termeni-si-conditii\/#breadcrumb","itemListElement":[{"@type":"ListItem","position":1,"name":"Home","item":"https:\/\/vangelis-house.com\/ro\/"},{"@type":"ListItem","position":2,"name":"Termeni \u0219i condi\u021bii"}]},{"@type":"WebSite","@id":"https:\/\/vangelis-house.com\/#website","url":"https:\/\/vangelis-house.com\/","name":"Vangelis-House","description":"Holiday Apartments in Olympic Beach","publisher":{"@id":"https:\/\/vangelis-house.com\/#organization"},"potentialAction":[{"@type":"SearchAction","target":{"@type":"EntryPoint","urlTemplate":"https:\/\/vangelis-house.com\/?s={search_term_string}"},"query-input":{"@type":"PropertyValueSpecification","valueRequired":true,"valueName":"search_term_string"}}],"inLanguage":"ro-RO"},{"@type":"Organization","@id":"https:\/\/vangelis-house.com\/#organization","name":"Vangelis-House","alternateName":"Holiday Apartments in Olympic Beach","url":"https:\/\/vangelis-house.com\/","logo":{"@type":"ImageObject","inLanguage":"ro-RO","@id":"https:\/\/vangelis-house.com\/#\/schema\/logo\/image\/","url":"https:\/\/vangelis-house.com\/wp-content\/uploads\/2024\/03\/vh_04_2024_logo.png","contentUrl":"https:\/\/vangelis-house.com\/wp-content\/uploads\/2024\/03\/vh_04_2024_logo.png","width":1500,"height":600,"caption":"Vangelis-House"},"image":{"@id":"https:\/\/vangelis-house.com\/#\/schema\/logo\/image\/"},"sameAs":["https:\/\/facebook.com\/vangelishouse","https:\/\/x.com\/vangelishouse","https:\/\/instagram.com\/vangelishouse","https:\/\/wa.me\/491775069348"]}]}},"jetpack_sharing_enabled":true,"_links":{"self":[{"href":"https:\/\/vangelis-house.com\/ro\/wp-json\/wp\/v2\/pages\/19208","targetHints":{"allow":["GET"]}}],"collection":[{"href":"https:\/\/vangelis-house.com\/ro\/wp-json\/wp\/v2\/pages"}],"about":[{"href":"https:\/\/vangelis-house.com\/ro\/wp-json\/wp\/v2\/types\/page"}],"author":[{"embeddable":true,"href":"https:\/\/vangelis-house.com\/ro\/wp-json\/wp\/v2\/users\/1"}],"replies":[{"embeddable":true,"href":"https:\/\/vangelis-house.com\/ro\/wp-json\/wp\/v2\/comments?post=19208"}],"version-history":[{"count":0,"href":"https:\/\/vangelis-house.com\/ro\/wp-json\/wp\/v2\/pages\/19208\/revisions"}],"wp:attachment":[{"href":"https:\/\/vangelis-house.com\/ro\/wp-json\/wp\/v2\/media?parent=19208"}],"curies":[{"name":"wp","href":"https:\/\/api.w.org\/{rel}","templated":true}]}}