{"id":19190,"date":"2025-11-08T15:10:05","date_gmt":"2025-11-08T13:10:05","guid":{"rendered":"https:\/\/vangelis-house.com\/politica-de-rambursare-si-returnare\/"},"modified":"2025-11-08T15:10:06","modified_gmt":"2025-11-08T13:10:06","slug":"politica-de-rambursare-si-returnare","status":"publish","type":"page","link":"https:\/\/vangelis-house.com\/ro\/politica-de-rambursare-si-returnare\/","title":{"rendered":"Politica de rambursare \u0219i returnare"},"content":{"rendered":"<div class=\"gb-container gb-container-69e0a319 alignfull\">\n<div class=\"gb-grid-wrapper gb-grid-wrapper-c930d3b3\">\n<div class=\"gb-grid-column gb-grid-column-8e4a0c23\"><div class=\"gb-container gb-container-8e4a0c23\">\n\n<p>Ne dorim s\u0103 ave\u021bi cea mai bun\u0103 experien\u021b\u0103 posibil\u0103 atunci c\u00e2nd r\u0103m\u00e2ne\u021bi cu noi \u0219i \u00een\u021belegem c\u0103 uneori lucrurile pot merge prost. Dac\u0103 nu sunte\u021bi mul\u021bumit de caz\u0103rile dvs., v\u0103 oferim o politic\u0103 de rambursare \u0219i returnare f\u0103r\u0103 probleme.<\/p>\n\n\n\n<p><strong>Anul\u0103ri:<\/strong><\/p>\n\n\n\n<p>Dac\u0103 trebuie s\u0103 anula\u021bi rezervarea, v\u0103 rug\u0103m s\u0103 ne anun\u021ba\u021bi c\u00e2t mai cur\u00e2nd posibil. \u00cen\u021belegem c\u0103 planurile se pot schimba \u0219i vom face tot posibilul pentru a v\u0103 satisface nevoile. Cu toate acestea, v\u0103 rug\u0103m s\u0103 re\u021bine\u021bi c\u0103 anul\u0103rile pot fi supuse unor taxe sau penalit\u0103\u021bi, \u00een func\u021bie de termenii rezerv\u0103rii dvs.<\/p>\n\n\n\n<p><strong>Returneaz\u0103:<\/strong><\/p>\n\n\n\n<p>Dac\u0103 nu sunte\u021bi mul\u021bumit de cazarea dvs., v\u0103 rug\u0103m s\u0103 ne anun\u021ba\u021bi c\u00e2t mai cur\u00e2nd posibil, astfel \u00eenc\u00e2t s\u0103 putem aborda orice probleme. Dac\u0103 nu reu\u0219im s\u0103 rezolv\u0103m problema spre satisfac\u021bia dvs., este posibil s\u0103 v\u0103 oferim o rambursare par\u021bial\u0103 sau complet\u0103, \u00een func\u021bie de circumstan\u021be.<\/p>\n\n\n\n<p>Pentru a fi eligibil pentru o rambursare, trebuie s\u0103 ne anun\u021ba\u021bi cu privire la aceast\u0103 problem\u0103 \u00een termen de 2 zile de la sosirea dvs. Este posibil s\u0103 v\u0103 solicit\u0103m s\u0103 anula\u021bi caz\u0103rile pentru a procesa rambursarea.<\/p>\n\n\n\n<p><strong>Schimburi:<\/strong><\/p>\n\n\n\n<p>Dac\u0103 nu sunte\u021bi mul\u021bumit de cazarea dvs., este posibil s\u0103 v\u0103 putem oferi un schimb pentru o alt\u0103 camer\u0103 sau proprietate. V\u0103 rug\u0103m s\u0103 ne anun\u021ba\u021bi c\u00e2t mai cur\u00e2nd posibil dac\u0103 dori\u021bi s\u0103 explora\u021bi aceast\u0103 op\u021biune.<\/p>\n\n\n\n<p>V\u0103 rug\u0103m s\u0103 re\u021bine\u021bi c\u0103 toate ramburs\u0103rile \u0219i schimburile sunt \u00een func\u021bie de disponibilitate \u0219i sunt la discre\u021bia exclusiv\u0103 a afacerii noastre. Ne rezerv\u0103m dreptul de a refuza orice solicit\u0103ri de rambursare sau de schimb pe care le consider\u0103m nerezonabile sau frauduloase.<\/p>\n\n\n\n<p>Sper\u0103m c\u0103 aceast\u0103 politic\u0103 de rambursare \u0219i returnare v\u0103 face \u0219ederea cu noi f\u0103r\u0103 griji. Dac\u0103 ave\u021bi \u00eentreb\u0103ri sau nel\u0103muriri, v\u0103 rug\u0103m s\u0103 nu ezita\u021bi s\u0103 ne contacta\u021bi la +30 23510 62156 sau info@vangelis-house.com.<\/p>\n\n<\/div><\/div>\n<\/div>\n<\/div>","protected":false},"excerpt":{"rendered":"","protected":false},"author":1,"featured_media":0,"parent":0,"menu_order":0,"comment_status":"closed","ping_status":"closed","template":"","meta":{"footnotes":""},"class_list":["post-19190","page","type-page","status-publish"],"yoast_head":"<!-- This site is optimized with the Yoast SEO plugin v27.5 - https:\/\/yoast.com\/product\/yoast-seo-wordpress\/ -->\n<title>Politica de rambursare \u0219i returnare - Vangelis-House<\/title>\n<meta name=\"robots\" content=\"index, follow, max-snippet:-1, max-image-preview:large, max-video-preview:-1\" \/>\n<link rel=\"canonical\" href=\"https:\/\/vangelis-house.com\/ro\/politica-de-rambursare-si-returnare\/\" \/>\n<meta property=\"og:locale\" content=\"ro_RO\" \/>\n<meta property=\"og:type\" content=\"article\" \/>\n<meta property=\"og:title\" content=\"Politica de rambursare \u0219i returnare - Vangelis-House\" \/>\n<meta property=\"og:url\" content=\"https:\/\/vangelis-house.com\/ro\/politica-de-rambursare-si-returnare\/\" \/>\n<meta property=\"og:site_name\" content=\"Vangelis-House\" \/>\n<meta property=\"article:publisher\" content=\"https:\/\/facebook.com\/vangelishouse\" \/>\n<meta property=\"article:modified_time\" content=\"2025-11-08T13:10:06+00:00\" \/>\n<meta name=\"twitter:card\" content=\"summary_large_image\" \/>\n<meta name=\"twitter:site\" content=\"@vangelishouse\" \/>\n<meta name=\"twitter:label1\" content=\"Timp estimat pentru citire\" \/>\n\t<meta name=\"twitter:data1\" content=\"2 minute\" \/>\n<script type=\"application\/ld+json\" class=\"yoast-schema-graph\">{\"@context\":\"https:\\\/\\\/schema.org\",\"@graph\":[{\"@type\":\"WebPage\",\"@id\":\"https:\\\/\\\/vangelis-house.com\\\/ro\\\/politica-de-rambursare-si-returnare\\\/\",\"url\":\"https:\\\/\\\/vangelis-house.com\\\/ro\\\/politica-de-rambursare-si-returnare\\\/\",\"name\":\"Politica de rambursare \u0219i returnare - Vangelis-House\",\"isPartOf\":{\"@id\":\"https:\\\/\\\/vangelis-house.com\\\/#website\"},\"datePublished\":\"2025-11-08T13:10:05+00:00\",\"dateModified\":\"2025-11-08T13:10:06+00:00\",\"breadcrumb\":{\"@id\":\"https:\\\/\\\/vangelis-house.com\\\/ro\\\/politica-de-rambursare-si-returnare\\\/#breadcrumb\"},\"inLanguage\":\"ro-RO\",\"potentialAction\":[{\"@type\":\"ReadAction\",\"target\":[\"https:\\\/\\\/vangelis-house.com\\\/ro\\\/politica-de-rambursare-si-returnare\\\/\"]}]},{\"@type\":\"BreadcrumbList\",\"@id\":\"https:\\\/\\\/vangelis-house.com\\\/ro\\\/politica-de-rambursare-si-returnare\\\/#breadcrumb\",\"itemListElement\":[{\"@type\":\"ListItem\",\"position\":1,\"name\":\"Home\",\"item\":\"https:\\\/\\\/vangelis-house.com\\\/ro\\\/\"},{\"@type\":\"ListItem\",\"position\":2,\"name\":\"Politica de rambursare \u0219i returnare\"}]},{\"@type\":\"WebSite\",\"@id\":\"https:\\\/\\\/vangelis-house.com\\\/#website\",\"url\":\"https:\\\/\\\/vangelis-house.com\\\/\",\"name\":\"Vangelis-House\",\"description\":\"Holiday Apartments in Olympic Beach\",\"publisher\":{\"@id\":\"https:\\\/\\\/vangelis-house.com\\\/#organization\"},\"potentialAction\":[{\"@type\":\"SearchAction\",\"target\":{\"@type\":\"EntryPoint\",\"urlTemplate\":\"https:\\\/\\\/vangelis-house.com\\\/?s={search_term_string}\"},\"query-input\":{\"@type\":\"PropertyValueSpecification\",\"valueRequired\":true,\"valueName\":\"search_term_string\"}}],\"inLanguage\":\"ro-RO\"},{\"@type\":\"Organization\",\"@id\":\"https:\\\/\\\/vangelis-house.com\\\/#organization\",\"name\":\"Vangelis-House\",\"alternateName\":\"Holiday Apartments in Olympic Beach\",\"url\":\"https:\\\/\\\/vangelis-house.com\\\/\",\"logo\":{\"@type\":\"ImageObject\",\"inLanguage\":\"ro-RO\",\"@id\":\"https:\\\/\\\/vangelis-house.com\\\/#\\\/schema\\\/logo\\\/image\\\/\",\"url\":\"https:\\\/\\\/vangelis-house.com\\\/wp-content\\\/uploads\\\/2024\\\/03\\\/vh_04_2024_logo.png\",\"contentUrl\":\"https:\\\/\\\/vangelis-house.com\\\/wp-content\\\/uploads\\\/2024\\\/03\\\/vh_04_2024_logo.png\",\"width\":1500,\"height\":600,\"caption\":\"Vangelis-House\"},\"image\":{\"@id\":\"https:\\\/\\\/vangelis-house.com\\\/#\\\/schema\\\/logo\\\/image\\\/\"},\"sameAs\":[\"https:\\\/\\\/facebook.com\\\/vangelishouse\",\"https:\\\/\\\/x.com\\\/vangelishouse\",\"https:\\\/\\\/instagram.com\\\/vangelishouse\",\"https:\\\/\\\/wa.me\\\/491775069348\"]}]}<\/script>\n<!-- \/ Yoast SEO plugin. -->","yoast_head_json":{"title":"Politica de rambursare \u0219i returnare - Vangelis-House","robots":{"index":"index","follow":"follow","max-snippet":"max-snippet:-1","max-image-preview":"max-image-preview:large","max-video-preview":"max-video-preview:-1"},"canonical":"https:\/\/vangelis-house.com\/ro\/politica-de-rambursare-si-returnare\/","og_locale":"ro_RO","og_type":"article","og_title":"Politica de rambursare \u0219i returnare - Vangelis-House","og_url":"https:\/\/vangelis-house.com\/ro\/politica-de-rambursare-si-returnare\/","og_site_name":"Vangelis-House","article_publisher":"https:\/\/facebook.com\/vangelishouse","article_modified_time":"2025-11-08T13:10:06+00:00","twitter_card":"summary_large_image","twitter_site":"@vangelishouse","twitter_misc":{"Timp estimat pentru citire":"2 minute"},"schema":{"@context":"https:\/\/schema.org","@graph":[{"@type":"WebPage","@id":"https:\/\/vangelis-house.com\/ro\/politica-de-rambursare-si-returnare\/","url":"https:\/\/vangelis-house.com\/ro\/politica-de-rambursare-si-returnare\/","name":"Politica de rambursare \u0219i returnare - Vangelis-House","isPartOf":{"@id":"https:\/\/vangelis-house.com\/#website"},"datePublished":"2025-11-08T13:10:05+00:00","dateModified":"2025-11-08T13:10:06+00:00","breadcrumb":{"@id":"https:\/\/vangelis-house.com\/ro\/politica-de-rambursare-si-returnare\/#breadcrumb"},"inLanguage":"ro-RO","potentialAction":[{"@type":"ReadAction","target":["https:\/\/vangelis-house.com\/ro\/politica-de-rambursare-si-returnare\/"]}]},{"@type":"BreadcrumbList","@id":"https:\/\/vangelis-house.com\/ro\/politica-de-rambursare-si-returnare\/#breadcrumb","itemListElement":[{"@type":"ListItem","position":1,"name":"Home","item":"https:\/\/vangelis-house.com\/ro\/"},{"@type":"ListItem","position":2,"name":"Politica de rambursare \u0219i returnare"}]},{"@type":"WebSite","@id":"https:\/\/vangelis-house.com\/#website","url":"https:\/\/vangelis-house.com\/","name":"Vangelis-House","description":"Holiday Apartments in Olympic Beach","publisher":{"@id":"https:\/\/vangelis-house.com\/#organization"},"potentialAction":[{"@type":"SearchAction","target":{"@type":"EntryPoint","urlTemplate":"https:\/\/vangelis-house.com\/?s={search_term_string}"},"query-input":{"@type":"PropertyValueSpecification","valueRequired":true,"valueName":"search_term_string"}}],"inLanguage":"ro-RO"},{"@type":"Organization","@id":"https:\/\/vangelis-house.com\/#organization","name":"Vangelis-House","alternateName":"Holiday Apartments in Olympic Beach","url":"https:\/\/vangelis-house.com\/","logo":{"@type":"ImageObject","inLanguage":"ro-RO","@id":"https:\/\/vangelis-house.com\/#\/schema\/logo\/image\/","url":"https:\/\/vangelis-house.com\/wp-content\/uploads\/2024\/03\/vh_04_2024_logo.png","contentUrl":"https:\/\/vangelis-house.com\/wp-content\/uploads\/2024\/03\/vh_04_2024_logo.png","width":1500,"height":600,"caption":"Vangelis-House"},"image":{"@id":"https:\/\/vangelis-house.com\/#\/schema\/logo\/image\/"},"sameAs":["https:\/\/facebook.com\/vangelishouse","https:\/\/x.com\/vangelishouse","https:\/\/instagram.com\/vangelishouse","https:\/\/wa.me\/491775069348"]}]}},"jetpack_sharing_enabled":true,"_links":{"self":[{"href":"https:\/\/vangelis-house.com\/ro\/wp-json\/wp\/v2\/pages\/19190","targetHints":{"allow":["GET"]}}],"collection":[{"href":"https:\/\/vangelis-house.com\/ro\/wp-json\/wp\/v2\/pages"}],"about":[{"href":"https:\/\/vangelis-house.com\/ro\/wp-json\/wp\/v2\/types\/page"}],"author":[{"embeddable":true,"href":"https:\/\/vangelis-house.com\/ro\/wp-json\/wp\/v2\/users\/1"}],"replies":[{"embeddable":true,"href":"https:\/\/vangelis-house.com\/ro\/wp-json\/wp\/v2\/comments?post=19190"}],"version-history":[{"count":0,"href":"https:\/\/vangelis-house.com\/ro\/wp-json\/wp\/v2\/pages\/19190\/revisions"}],"wp:attachment":[{"href":"https:\/\/vangelis-house.com\/ro\/wp-json\/wp\/v2\/media?parent=19190"}],"curies":[{"name":"wp","href":"https:\/\/api.w.org\/{rel}","templated":true}]}}