{"id":19174,"date":"2025-11-08T14:51:31","date_gmt":"2025-11-08T12:51:31","guid":{"rendered":"https:\/\/vangelis-house.com\/politica-de-confidentialitate\/"},"modified":"2025-11-08T14:51:33","modified_gmt":"2025-11-08T12:51:33","slug":"politica-de-confidentialitate","status":"publish","type":"page","link":"https:\/\/vangelis-house.com\/ro\/politica-de-confidentialitate\/","title":{"rendered":"Politica de confiden\u021bialitate"},"content":{"rendered":"<div class=\"gb-container gb-container-6397c18d alignfull\">\n<div class=\"gb-grid-wrapper gb-grid-wrapper-3e5cd9b7\">\n<div class=\"gb-grid-column gb-grid-column-b4426aa7\"><div class=\"gb-container gb-container-b4426aa7\">\n\n<p>Data intr\u0103rii \u00een vigoare: 06 decembrie 2018<\/p>\n\n\n\n<p>Vangelis-House (&#8222;noi&#8221;, &#8222;noi&#8221; sau &#8222;al nostru&#8221;) opereaz\u0103 site-ul https:\/\/vangelis-house.com (&#8222;Serviciul&#8221;).<\/p>\n\n\n\n<p>Aceast\u0103 pagin\u0103 v\u0103 informeaz\u0103 cu privire la politicile noastre privind colectarea, utilizarea \u0219i divulgarea datelor cu caracter personal atunci c\u00e2nd utiliza\u021bi Serviciul nostru \u0219i la op\u021biunile pe care le-a\u021bi asociat cu aceste date. Politica noastr\u0103 de confiden\u021bialitate pentru Vangelis-House este gestionat\u0103 prin intermediul <a href=\"https:\/\/www.freeprivacypolicy.com\/free-privacy-policy-generator.php\">site-ului web al politicii de confiden\u021bialitate gratuite<\/a>.<\/p>\n\n\n\n<p>Utiliz\u0103m datele dumneavoastr\u0103 pentru a furniza \u0219i \u00eembun\u0103t\u0103\u021bi Serviciul. Prin utilizarea Serviciului, sunte\u021bi de acord cu colectarea \u0219i utilizarea informa\u021biilor \u00een conformitate cu aceast\u0103 politic\u0103. Cu excep\u021bia cazului \u00een care se prevede altfel \u00een aceast\u0103 Politic\u0103 de confiden\u021bialitate, termenii utiliza\u021bi \u00een aceast\u0103 Politic\u0103 de confiden\u021bialitate au acelea\u0219i semnifica\u021bii ca \u00een Termenii \u0219i condi\u021biile noastre, accesibile din https:\/\/vangelis-house.com<\/p>\n\n\n\n<h2 class=\"wp-block-heading\">Colectarea \u0219i utilizarea informa\u021biilor<\/h2>\n\n\n\n<p>Colect\u0103m mai multe tipuri diferite de informa\u021bii \u00een diverse scopuri pentru a v\u0103 furniza \u0219i \u00eembun\u0103t\u0103\u021bi Serviciul nostru.<\/p>\n\n\n\n<h3 class=\"wp-block-heading\">Tipuri de date colectate<\/h3>\n\n\n\n<h4 class=\"wp-block-heading\">Date personale<\/h4>\n\n\n\n<p>\u00cen timpul utiliz\u0103rii Serviciului nostru, v\u0103 putem solicita s\u0103 ne furniza\u021bi anumite informa\u021bii de identificare personal\u0103 care pot fi utilizate pentru a v\u0103 contacta sau identifica (&#8222;Date cu caracter personal&#8221;). Informa\u021biile de identificare personal\u0103 pot include, dar nu se limiteaz\u0103 la:<\/p>\n\n\n\n<ul class=\"wp-block-list\">\n<li>Adres\u0103 email<\/li>\n\n\n\n<li>Nume \u0219i prenume<\/li>\n\n\n\n<li>Num\u0103r de telefon<\/li>\n\n\n\n<li>Adresa, statul, provincia, codul po\u0219tal\/ po\u0219tal, ora\u0219ul<\/li>\n\n\n\n<li>Cookie-uri \u0219i date de utilizare<\/li>\n<\/ul>\n\n\n\n<h4 class=\"wp-block-heading\">Date de utilizare<\/h4>\n\n\n\n<p>De asemenea, putem colecta informa\u021bii despre modul \u00een care serviciul este accesat \u0219i utilizat (&#8222;Date de utilizare&#8221;). Aceste date de utilizare pot include informa\u021bii precum adresa protocolului de internet al computerului (de exemplu, adresa IP), tipul de browser, versiunea browserului, paginile Serviciului nostru pe care \u00eel vizita\u021bi, ora \u0219i data vizitei dvs., timpul petrecut pe acele pagini, identificatorii unici ai dispozitivului \u0219i alte date de diagnosticare.<\/p>\n\n\n\n<h4 class=\"wp-block-heading\">Urmarirea si datele cookie-urilor<\/h4>\n\n\n\n<p>Utiliz\u0103m module cookie \u0219i tehnologii de urm\u0103rire similare pentru a urm\u0103ri activitatea serviciului nostru \u0219i pentru a de\u021bine anumite informa\u021bii.<\/p>\n\n\n\n<p>Cookie-urile sunt fi\u0219iere cu o cantitate mic\u0103 de date care pot include un identificator unic anonim. Cookie-urile sunt trimise browser-ului dumneavoastr\u0103 de pe un site web \u0219i stocate pe dispozitivul dvs. Tehnologiile de urm\u0103rire utilizate sunt, de asemenea, balize, etichete \u0219i scripturi pentru a colecta \u0219i urm\u0103ri informa\u021bii \u0219i pentru a \u00eembun\u0103t\u0103\u021bi \u0219i analiza Serviciul nostru.<\/p>\n\n\n\n<p>Pute\u021bi instrui browserul s\u0103 refuze toate cookie-urile sau s\u0103 indice c\u00e2nd este trimis un cookie. Cu toate acestea, dac\u0103 nu accepta\u021bi cookie-uri, este posibil s\u0103 nu pute\u021bi utiliza unele por\u021biuni ale Serviciului nostru.<\/p>\n\n\n\n<p>Exemple de cookie-uri pe care le folosim:<\/p>\n\n\n\n<ul class=\"wp-block-list\">\n<li><strong>Cookie-uri de sesiune.<\/strong> Utiliz\u0103m module cookie de sesiune pentru a opera Serviciul nostru.<\/li>\n\n\n\n<li><strong>Cookie-uri de preferin\u021b\u0103.<\/strong> Utiliz\u0103m cookie-uri de preferin\u021b\u0103 pentru a v\u0103 aminti preferin\u021bele \u0219i diverse set\u0103ri.<\/li>\n\n\n\n<li><strong>Cookie-uri de securitate.<\/strong> Utiliz\u0103m cookie-uri de securitate \u00een scopuri de securitate.<\/li>\n<\/ul>\n\n\n\n<h2 class=\"wp-block-heading\">Utilizarea datelor<\/h2>\n\n\n\n<p>Vangelis-House utilizeaz\u0103 datele colectate \u00een diverse scopuri:<\/p>\n\n\n\n<ul class=\"wp-block-list\">\n<li>Pentru a furniza \u0219i \u00eentre\u021bine Serviciul<\/li>\n\n\n\n<li>Pentru a v\u0103 notifica cu privire la modific\u0103rile aduse Serviciului nostru<\/li>\n\n\n\n<li>Pentru a v\u0103 permite s\u0103 participa\u021bi la caracteristicile interactive ale Serviciului nostru atunci c\u00e2nd alege\u021bi s\u0103 face\u021bi acest lucru<\/li>\n\n\n\n<li>Pentru a oferi asisten\u021b\u0103 \u0219i asisten\u021b\u0103 pentru clien\u021bi<\/li>\n\n\n\n<li>Pentru a furniza analize sau informa\u021bii valoroase, astfel \u00eenc\u00e2t s\u0103 putem \u00eembun\u0103t\u0103\u021bi Serviciul<\/li>\n\n\n\n<li>Pentru a monitoriza utilizarea Serviciului<\/li>\n\n\n\n<li>Pentru a detecta, preveni \u0219i aborda problemele tehnice<\/li>\n<\/ul>\n\n\n\n<h2 class=\"wp-block-heading\">Transferul de date<\/h2>\n\n\n\n<p>Informa\u021biile dvs., inclusiv datele cu caracter personal, pot fi transferate \u0219i men\u021binute pe computere situate \u00een afara statului, provinciei, \u021b\u0103rii sau altei jurisdic\u021bii guvernamentale \u00een care legile privind protec\u021bia datelor pot fi diferite de cele din jurisdic\u021bia dvs.<\/p>\n\n\n\n<p>Dac\u0103 v\u0103 afla\u021bi \u00een afara Greciei \u0219i alege\u021bi s\u0103 ne furniza\u021bi informa\u021bii, v\u0103 rug\u0103m s\u0103 re\u021bine\u021bi c\u0103 transfer\u0103m datele, inclusiv datele cu caracter personal, \u00een Grecia \u0219i le prelucr\u0103m acolo.<\/p>\n\n\n\n<p>Consim\u021b\u0103m\u00e2ntul dumneavoastr\u0103 pentru aceast\u0103 Politic\u0103 de confiden\u021bialitate urmat\u0103 de transmiterea acestor informa\u021bii reprezint\u0103 acordul dumneavoastr\u0103 pentru acel transfer.<\/p>\n\n\n\n<p>Vangelis-House va lua toate m\u0103surile necesare \u00een mod rezonabil pentru a se asigura c\u0103 datele dumneavoastr\u0103 sunt tratate \u00een siguran\u021b\u0103 \u0219i \u00een conformitate cu aceast\u0103 Politic\u0103 de confiden\u021bialitate \u0219i nu va avea loc niciun transfer al datelor dumneavoastr\u0103 cu caracter personal c\u0103tre o organiza\u021bie sau o \u021bar\u0103, cu excep\u021bia cazului \u00een care exist\u0103 controale adecvate, inclusiv securitatea datelor dumneavoastr\u0103 \u0219i a altor informa\u021bii cu caracter personal.<\/p>\n\n\n\n<h2 class=\"wp-block-heading\">Divulgarea datelor<\/h2>\n\n\n\n<h3 class=\"wp-block-heading\">Cerin\u021be legale<\/h3>\n\n\n\n<p>Vangelis-House v\u0103 poate dezv\u0103lui datele cu caracter personal cu bun\u0103 credin\u021b\u0103, consider\u00e2nd c\u0103 o astfel de ac\u021biune este necesar\u0103 pentru:<\/p>\n\n\n\n<ul class=\"wp-block-list\">\n<li>Pentru a respecta o obliga\u021bie legal\u0103<\/li>\n\n\n\n<li>Pentru a proteja \u0219i ap\u0103ra drepturile sau proprietatea Casei Vangelis<\/li>\n\n\n\n<li>Pentru a preveni sau investiga posibile nereguli \u00een leg\u0103tur\u0103 cu Serviciul<\/li>\n\n\n\n<li>Pentru a proteja siguran\u021ba personal\u0103 a utilizatorilor Serviciului sau a publicului<\/li>\n\n\n\n<li>Pentru a proteja \u00eempotriva r\u0103spunderii juridice<\/li>\n<\/ul>\n\n\n\n<h2 class=\"wp-block-heading\">Securitatea datelor<\/h2>\n\n\n\n<p>Securitatea datelor dumneavoastr\u0103 este important\u0103 pentru noi, dar aminti\u021bi-v\u0103 c\u0103 nicio metod\u0103 de transmitere prin Internet sau metod\u0103 de stocare electronic\u0103 nu este 100% sigur\u0103. De\u0219i ne str\u0103duim s\u0103 utiliz\u0103m mijloace acceptabile din punct de vedere comercial pentru a v\u0103 proteja datele cu caracter personal, nu putem garanta securitatea absolut\u0103 a acestora.<\/p>\n\n\n\n<h2 class=\"wp-block-heading\">Furnizori de servicii<\/h2>\n\n\n\n<p>Putem angaja companii \u0219i persoane ter\u021be pentru a ne facilita Serviciul (&#8222;Furnizori de servicii&#8221;), pentru a furniza Serviciul \u00een numele nostru, pentru a efectua servicii legate de Servicii sau pentru a ne ajuta s\u0103 analiz\u0103m modul \u00een care este utilizat Serviciul nostru.<\/p>\n\n\n\n<p>Aceste ter\u021be p\u0103r\u021bi au acces la datele dumneavoastr\u0103 cu caracter personal numai pentru a \u00eendeplini aceste sarcini \u00een numele nostru \u0219i sunt obligate s\u0103 nu le divulge sau s\u0103 le utilizeze \u00een niciun alt scop.<\/p>\n\n\n\n<h3 class=\"wp-block-heading\">Analitice<\/h3>\n\n\n\n<p>Putem folosi furnizori de servicii ter\u021bi pentru a monitoriza \u0219i analiza utilizarea Serviciului nostru.<\/p>\n\n\n\n<ul class=\"wp-block-list\">\n<li><strong>Google Analytics. <\/strong>Google Analytics este un serviciu de analiz\u0103 web oferit de Google care urm\u0103re\u0219te \u0219i raporteaz\u0103 traficul pe site-ul web. Google utilizeaz\u0103 datele colectate pentru a urm\u0103ri \u0219i monitoriza utilizarea Serviciului nostru. Aceste date sunt partajate cu alte servicii Google. Google poate utiliza datele colectate pentru a contextualiza \u0219i personaliza anun\u021burile din propria re\u021bea de publicitate. Pute\u021bi renun\u021ba la faptul c\u0103 v-a\u021bi pus activitatea \u00een cadrul Serviciului la dispozi\u021bia Google Analytics instal\u00e2nd programul de completare pentru browserul de renun\u021bare la Google Analytics. Suplimentul \u00eempiedic\u0103 JavaScript-ul Google Analytics (ga.js, analytics.js \u0219i dc.js) s\u0103 partajeze informa\u021bii cu Google Analytics despre activitatea vizitelor. Pentru mai multe informa\u021bii despre practicile de confiden\u021bialitate ale Google, v\u0103 rug\u0103m s\u0103 vizita\u021bi pagina web Confiden\u021bialitate \u0219i termeni Google: <a href=\"https:\/\/policies.google.com\/privacy?hl=en\">https:\/\/policies.google.com\/privacy?hl=en<\/a><\/li>\n<\/ul>\n\n\n\n<h2 class=\"wp-block-heading\">Link-uri c\u0103tre alte site-uri<\/h2>\n\n\n\n<p>Serviciul nostru poate con\u021bine link-uri c\u0103tre alte site-uri care nu sunt operate de noi. Dac\u0103 face\u021bi clic pe un link ter\u021b\u0103 parte, ve\u021bi fi direc\u021bionat c\u0103tre site-ul acelei ter\u021be p\u0103r\u021bi. V\u0103 sf\u0103tuim s\u0103 consulta\u021bi Politica de confiden\u021bialitate a fiec\u0103rui site pe care \u00eel vizita\u021bi.<\/p>\n\n\n\n<p>Nu avem niciun control \u0219i nu ne asum\u0103m nicio responsabilitate pentru con\u021binutul, politicile de confiden\u021bialitate sau practicile site-urilor sau serviciilor ter\u021bilor.<\/p>\n\n\n\n<h2 class=\"wp-block-heading\">Confiden\u021bialitatea copiilor<\/h2>\n\n\n\n<p>Serviciul nostru nu se adreseaz\u0103 nim\u0103nui cu v\u00e2rsta sub 18 ani (&#8222;Copii&#8221;).<\/p>\n\n\n\n<p>Nu colect\u0103m cu bun\u0103 \u0219tiin\u021b\u0103 informa\u021bii de identificare personal\u0103 de la persoane cu v\u00e2rsta sub 18 ani. Dac\u0103 sunte\u021bi p\u0103rinte sau tutore \u0219i sunte\u021bi con\u0219tient de faptul c\u0103 copiii dumneavoastr\u0103 ne-au furnizat date cu caracter personal, v\u0103 rug\u0103m s\u0103 ne contacta\u021bi. Dac\u0103 constat\u0103m c\u0103 am colectat date cu caracter personal de la copii f\u0103r\u0103 verificarea consim\u021b\u0103m\u00e2ntului p\u0103rin\u021bilor, lu\u0103m m\u0103suri pentru a elimina aceste informa\u021bii de pe serverele noastre.<\/p>\n\n\n\n<h2 class=\"wp-block-heading\">Modific\u0103ri ale acestei Politici de confiden\u021bialitate<\/h2>\n\n\n\n<p>Este posibil s\u0103 ne actualiz\u0103m politica de confiden\u021bialitate din c\u00e2nd \u00een c\u00e2nd. V\u0103 vom notifica cu privire la orice modific\u0103ri prin postarea noii Politici de confiden\u021bialitate pe aceast\u0103 pagin\u0103.<\/p>\n\n\n\n<p>V\u0103 vom anun\u021ba prin e-mail \u0219i\/sau printr-o notificare vizibil\u0103 cu privire la Serviciul nostru, \u00eenainte ca modificarea s\u0103 intre \u00een vigoare \u0219i s\u0103 actualiza\u021bi &#8222;data intr\u0103rii \u00een vigoare&#8221; din partea de sus a acestei Politici de confiden\u021bialitate.<\/p>\n\n\n\n<p>V\u0103 recomand\u0103m s\u0103 revizui\u021bi periodic aceast\u0103 Politic\u0103 de confiden\u021bialitate pentru orice modific\u0103ri. Modific\u0103rile aduse acestei Politici de confiden\u021bialitate sunt eficiente atunci c\u00e2nd sunt postate pe aceast\u0103 pagin\u0103.<\/p>\n\n\n\n<h2 class=\"wp-block-heading\">Contactati-ne<\/h2>\n\n\n\n<p>Dac\u0103 ave\u021bi \u00eentreb\u0103ri despre aceast\u0103 Politic\u0103 de confiden\u021bialitate, v\u0103 rug\u0103m s\u0103 ne contacta\u021bi:<\/p>\n\n\n\n<ul class=\"wp-block-list\">\n<li>Prin e-mail: info@vangelis-house.com<\/li>\n<\/ul>\n\n<\/div><\/div>\n<\/div>\n<\/div>","protected":false},"excerpt":{"rendered":"","protected":false},"author":1,"featured_media":0,"parent":0,"menu_order":0,"comment_status":"closed","ping_status":"closed","template":"","meta":{"footnotes":""},"class_list":["post-19174","page","type-page","status-publish"],"yoast_head":"<!-- This site is optimized with the Yoast SEO plugin v27.5 - https:\/\/yoast.com\/product\/yoast-seo-wordpress\/ -->\n<title>Politica de confiden\u021bialitate - Vangelis-House<\/title>\n<meta name=\"robots\" content=\"index, follow, max-snippet:-1, max-image-preview:large, max-video-preview:-1\" \/>\n<link rel=\"canonical\" href=\"https:\/\/vangelis-house.com\/ro\/politica-de-confidentialitate\/\" \/>\n<meta property=\"og:locale\" content=\"ro_RO\" \/>\n<meta property=\"og:type\" content=\"article\" \/>\n<meta property=\"og:title\" content=\"Politica de confiden\u021bialitate - Vangelis-House\" \/>\n<meta property=\"og:url\" content=\"https:\/\/vangelis-house.com\/ro\/politica-de-confidentialitate\/\" \/>\n<meta property=\"og:site_name\" content=\"Vangelis-House\" \/>\n<meta property=\"article:publisher\" content=\"https:\/\/facebook.com\/vangelishouse\" \/>\n<meta property=\"article:modified_time\" content=\"2025-11-08T12:51:33+00:00\" \/>\n<meta name=\"twitter:card\" content=\"summary_large_image\" \/>\n<meta name=\"twitter:site\" content=\"@vangelishouse\" \/>\n<meta name=\"twitter:label1\" content=\"Timp estimat pentru citire\" \/>\n\t<meta name=\"twitter:data1\" content=\"7 minute\" \/>\n<script type=\"application\/ld+json\" class=\"yoast-schema-graph\">{\"@context\":\"https:\\\/\\\/schema.org\",\"@graph\":[{\"@type\":\"WebPage\",\"@id\":\"https:\\\/\\\/vangelis-house.com\\\/ro\\\/politica-de-confidentialitate\\\/\",\"url\":\"https:\\\/\\\/vangelis-house.com\\\/ro\\\/politica-de-confidentialitate\\\/\",\"name\":\"Politica de confiden\u021bialitate - Vangelis-House\",\"isPartOf\":{\"@id\":\"https:\\\/\\\/vangelis-house.com\\\/#website\"},\"datePublished\":\"2025-11-08T12:51:31+00:00\",\"dateModified\":\"2025-11-08T12:51:33+00:00\",\"breadcrumb\":{\"@id\":\"https:\\\/\\\/vangelis-house.com\\\/ro\\\/politica-de-confidentialitate\\\/#breadcrumb\"},\"inLanguage\":\"ro-RO\",\"potentialAction\":[{\"@type\":\"ReadAction\",\"target\":[\"https:\\\/\\\/vangelis-house.com\\\/ro\\\/politica-de-confidentialitate\\\/\"]}]},{\"@type\":\"BreadcrumbList\",\"@id\":\"https:\\\/\\\/vangelis-house.com\\\/ro\\\/politica-de-confidentialitate\\\/#breadcrumb\",\"itemListElement\":[{\"@type\":\"ListItem\",\"position\":1,\"name\":\"Home\",\"item\":\"https:\\\/\\\/vangelis-house.com\\\/ro\\\/\"},{\"@type\":\"ListItem\",\"position\":2,\"name\":\"Politica de confiden\u021bialitate\"}]},{\"@type\":\"WebSite\",\"@id\":\"https:\\\/\\\/vangelis-house.com\\\/#website\",\"url\":\"https:\\\/\\\/vangelis-house.com\\\/\",\"name\":\"Vangelis-House\",\"description\":\"Holiday Apartments in Olympic Beach\",\"publisher\":{\"@id\":\"https:\\\/\\\/vangelis-house.com\\\/#organization\"},\"potentialAction\":[{\"@type\":\"SearchAction\",\"target\":{\"@type\":\"EntryPoint\",\"urlTemplate\":\"https:\\\/\\\/vangelis-house.com\\\/?s={search_term_string}\"},\"query-input\":{\"@type\":\"PropertyValueSpecification\",\"valueRequired\":true,\"valueName\":\"search_term_string\"}}],\"inLanguage\":\"ro-RO\"},{\"@type\":\"Organization\",\"@id\":\"https:\\\/\\\/vangelis-house.com\\\/#organization\",\"name\":\"Vangelis-House\",\"alternateName\":\"Holiday Apartments in Olympic Beach\",\"url\":\"https:\\\/\\\/vangelis-house.com\\\/\",\"logo\":{\"@type\":\"ImageObject\",\"inLanguage\":\"ro-RO\",\"@id\":\"https:\\\/\\\/vangelis-house.com\\\/#\\\/schema\\\/logo\\\/image\\\/\",\"url\":\"https:\\\/\\\/vangelis-house.com\\\/wp-content\\\/uploads\\\/2024\\\/03\\\/vh_04_2024_logo.png\",\"contentUrl\":\"https:\\\/\\\/vangelis-house.com\\\/wp-content\\\/uploads\\\/2024\\\/03\\\/vh_04_2024_logo.png\",\"width\":1500,\"height\":600,\"caption\":\"Vangelis-House\"},\"image\":{\"@id\":\"https:\\\/\\\/vangelis-house.com\\\/#\\\/schema\\\/logo\\\/image\\\/\"},\"sameAs\":[\"https:\\\/\\\/facebook.com\\\/vangelishouse\",\"https:\\\/\\\/x.com\\\/vangelishouse\",\"https:\\\/\\\/instagram.com\\\/vangelishouse\",\"https:\\\/\\\/wa.me\\\/491775069348\"]}]}<\/script>\n<!-- \/ Yoast SEO plugin. -->","yoast_head_json":{"title":"Politica de confiden\u021bialitate - Vangelis-House","robots":{"index":"index","follow":"follow","max-snippet":"max-snippet:-1","max-image-preview":"max-image-preview:large","max-video-preview":"max-video-preview:-1"},"canonical":"https:\/\/vangelis-house.com\/ro\/politica-de-confidentialitate\/","og_locale":"ro_RO","og_type":"article","og_title":"Politica de confiden\u021bialitate - Vangelis-House","og_url":"https:\/\/vangelis-house.com\/ro\/politica-de-confidentialitate\/","og_site_name":"Vangelis-House","article_publisher":"https:\/\/facebook.com\/vangelishouse","article_modified_time":"2025-11-08T12:51:33+00:00","twitter_card":"summary_large_image","twitter_site":"@vangelishouse","twitter_misc":{"Timp estimat pentru citire":"7 minute"},"schema":{"@context":"https:\/\/schema.org","@graph":[{"@type":"WebPage","@id":"https:\/\/vangelis-house.com\/ro\/politica-de-confidentialitate\/","url":"https:\/\/vangelis-house.com\/ro\/politica-de-confidentialitate\/","name":"Politica de confiden\u021bialitate - Vangelis-House","isPartOf":{"@id":"https:\/\/vangelis-house.com\/#website"},"datePublished":"2025-11-08T12:51:31+00:00","dateModified":"2025-11-08T12:51:33+00:00","breadcrumb":{"@id":"https:\/\/vangelis-house.com\/ro\/politica-de-confidentialitate\/#breadcrumb"},"inLanguage":"ro-RO","potentialAction":[{"@type":"ReadAction","target":["https:\/\/vangelis-house.com\/ro\/politica-de-confidentialitate\/"]}]},{"@type":"BreadcrumbList","@id":"https:\/\/vangelis-house.com\/ro\/politica-de-confidentialitate\/#breadcrumb","itemListElement":[{"@type":"ListItem","position":1,"name":"Home","item":"https:\/\/vangelis-house.com\/ro\/"},{"@type":"ListItem","position":2,"name":"Politica de confiden\u021bialitate"}]},{"@type":"WebSite","@id":"https:\/\/vangelis-house.com\/#website","url":"https:\/\/vangelis-house.com\/","name":"Vangelis-House","description":"Holiday Apartments in Olympic Beach","publisher":{"@id":"https:\/\/vangelis-house.com\/#organization"},"potentialAction":[{"@type":"SearchAction","target":{"@type":"EntryPoint","urlTemplate":"https:\/\/vangelis-house.com\/?s={search_term_string}"},"query-input":{"@type":"PropertyValueSpecification","valueRequired":true,"valueName":"search_term_string"}}],"inLanguage":"ro-RO"},{"@type":"Organization","@id":"https:\/\/vangelis-house.com\/#organization","name":"Vangelis-House","alternateName":"Holiday Apartments in Olympic Beach","url":"https:\/\/vangelis-house.com\/","logo":{"@type":"ImageObject","inLanguage":"ro-RO","@id":"https:\/\/vangelis-house.com\/#\/schema\/logo\/image\/","url":"https:\/\/vangelis-house.com\/wp-content\/uploads\/2024\/03\/vh_04_2024_logo.png","contentUrl":"https:\/\/vangelis-house.com\/wp-content\/uploads\/2024\/03\/vh_04_2024_logo.png","width":1500,"height":600,"caption":"Vangelis-House"},"image":{"@id":"https:\/\/vangelis-house.com\/#\/schema\/logo\/image\/"},"sameAs":["https:\/\/facebook.com\/vangelishouse","https:\/\/x.com\/vangelishouse","https:\/\/instagram.com\/vangelishouse","https:\/\/wa.me\/491775069348"]}]}},"jetpack_sharing_enabled":true,"_links":{"self":[{"href":"https:\/\/vangelis-house.com\/ro\/wp-json\/wp\/v2\/pages\/19174","targetHints":{"allow":["GET"]}}],"collection":[{"href":"https:\/\/vangelis-house.com\/ro\/wp-json\/wp\/v2\/pages"}],"about":[{"href":"https:\/\/vangelis-house.com\/ro\/wp-json\/wp\/v2\/types\/page"}],"author":[{"embeddable":true,"href":"https:\/\/vangelis-house.com\/ro\/wp-json\/wp\/v2\/users\/1"}],"replies":[{"embeddable":true,"href":"https:\/\/vangelis-house.com\/ro\/wp-json\/wp\/v2\/comments?post=19174"}],"version-history":[{"count":0,"href":"https:\/\/vangelis-house.com\/ro\/wp-json\/wp\/v2\/pages\/19174\/revisions"}],"wp:attachment":[{"href":"https:\/\/vangelis-house.com\/ro\/wp-json\/wp\/v2\/media?parent=19174"}],"curies":[{"name":"wp","href":"https:\/\/api.w.org\/{rel}","templated":true}]}}