{"id":583,"date":"2019-01-21T18:42:15","date_gmt":"2019-01-21T16:42:15","guid":{"rendered":"https:\/\/vangelis-house.com\/shop\/csaladi-szoba-6\/"},"modified":"2025-11-19T14:23:08","modified_gmt":"2025-11-19T12:23:08","slug":"csaladi-szoba-6","status":"publish","type":"product","link":"https:\/\/vangelis-house.com\/hu\/termek\/csaladi-szoba-6\/","title":{"rendered":"Csal\u00e1di szoba 6"},"content":{"rendered":"\n<p><strong>Terem foglal\u00e1s:<\/strong><\/p>\n\n<ul class=\"wp-block-list\">\n<li>Maximum 6 vend\u00e9g.<\/li>\n\n\n\n<li>Minim\u00e1lis mennyis\u00e9g\u0171 feln\u0151tt: 1.<\/li>\n\n\n\n<li>Feln\u0151ttek maxim\u00e1lis \u00f6sszege: 6.<\/li>\n\n\n\n<li>Maxim\u00e1lis \u00f6sszege-a gyermekek: 5.<\/li>\n\n\n\n<li>Maxim\u00e1lis \u00f6sszeg a csecsem\u0151k: 2.<\/li>\n<\/ul>\n\n<p><strong>Apartman m\u00e9rete: <\/strong>45 m\u00b2<\/p>\n\n<p><strong>\u00c1gyt\u00edpus (ok):<\/strong><\/p>\n\n<ul class=\"wp-block-list\">\n<li>Szoba 1 (szoba TV-vel): 1 egyszem\u00e9lyes \u00e1gy 120 cm x 190 cm \u00e9s 1 egyszem\u00e9lyes \u00e1gy 90 cm x 190 cm.<\/li>\n\n\n\n<li>Szoba 2: 1 egyszem\u00e9lyes \u00e1gy 120 cm x 190 cm \u00e9s 1 egyszem\u00e9lyes \u00e1gy 90 cm x 190 cm.<\/li>\n<\/ul>\n\n<p><strong>\u00c1rak:<\/strong><\/p>\n\n<figure class=\"wp-block-table is-style-regular\"><table class=\"has-background\" style=\"background-color:#151515\"><thead><tr><th class=\"has-text-align-left\" data-align=\"left\">2026-os szezon<\/th><th><\/th><th><\/th><\/tr><\/thead><tbody><tr><td class=\"has-text-align-left\" data-align=\"left\">C<\/td><td>Alacsony szezon<\/td><td>20.04.2026 \u2013 17.05.2026<\/td><\/tr><tr><td class=\"has-text-align-left\" data-align=\"left\">B<\/td><td>K\u00f6zepes szezonban<\/td><td>18.05.2026 \u2013 28.06.2026<\/td><\/tr><tr><td class=\"has-text-align-left\" data-align=\"left\">A<\/td><td>Cs\u00facsid\u00e9ny<\/td><td>29.06.2026 \u2013 23.08.2026<\/td><\/tr><tr><td class=\"has-text-align-left\" data-align=\"left\">B<\/td><td>K\u00f6zepes szezonban<\/td><td>24.08.2026 \u2013 13.09.2026<\/td><\/tr><tr><td class=\"has-text-align-left\" data-align=\"left\">C<\/td><td>Alacsony szezon<\/td><td>14.09.2026 \u2013 30.09.2026<\/td><\/tr><\/tbody><\/table><\/figure>\n\n<ul class=\"wp-block-list\">\n<li>Vend\u00e9gek # 1 &#8211; # 4:\n<ul class=\"wp-block-list\">\n<li><strong>\u20ac 80<\/strong> \/ \u00e9j (szezon A).<\/li>\n\n\n\n<li><strong>\u20ac 65<\/strong> \/ \u00e9j (szezon B).<\/li>\n\n\n\n<li><strong>\u20ac 50<\/strong> \/ \u00e9j (szezon C).<\/li>\n<\/ul>\n<\/li>\n\n\n\n<li>Vend\u00e9g # 5:\n<ul class=\"wp-block-list\">\n<li><strong>+ \u20ac 10<\/strong> \/ \u00e9j (szezon A, B, C).<\/li>\n<\/ul>\n<\/li>\n\n\n\n<li>Vend\u00e9g # 6:\n<ul class=\"wp-block-list\">\n<li><strong>+ \u20ac 5<\/strong> \/ \u00e9j (szezon A, B, C).<\/li>\n<\/ul>\n<\/li>\n\n\n\n<li>L\u00e9gkondicion\u00e1l\u00f3 (opcion\u00e1lis):\n<ul class=\"wp-block-list\">\n<li><strong>+ \u20ac 7<\/strong> \/ \u00e9jszaka (A, B, C szezon).<\/li>\n<\/ul>\n<\/li>\n<\/ul>\n\n<p>Tartalmazza a k\u00f6vetkez\u0151 ad\u00f3kat is:<\/p>\n\n<ul class=\"wp-block-list\">\n<li>\u00c1FA <strong>13 %<\/strong><\/li>\n\n\n\n<li>V\u00e1rosi ad\u00f3 <strong>0.5 %<\/strong><\/li>\n\n\n\n<li>Kl\u00edma\u00e1ll\u00f3s\u00e1gi d\u00edj: <strong>2 \u20ac \/<\/strong> \u00e9j apartmanonk\u00e9nt.<\/li>\n<\/ul>\n","protected":false},"excerpt":{"rendered":"<ul>\n<li>2 szoba<\/li>\n<li>Max. 6 vend\u00e9g<\/li>\n<li>2. emelet<\/li>\n<\/ul>\n","protected":false},"featured_media":15056,"comment_status":"open","ping_status":"closed","template":"","meta":[],"product_brand":[],"product_cat":[45,55],"product_tag":[],"class_list":{"0":"post-583","1":"product","2":"type-product","3":"status-publish","4":"has-post-thumbnail","6":"product_cat-apartmanok","7":"product_cat-csaladi-szobak","8":"yith_booking_service-air-conditioner","9":"sales-flash-overlay","10":"woocommerce-text-align-center","11":"woocommerce-image-align-center","12":"do-quantity-buttons","13":"wc-has-gallery","15":"first","16":"instock","17":"virtual","18":"sold-individually","19":"taxable","20":"purchasable","21":"product-type-booking"},"yoast_head":"<!-- This site is optimized with the Yoast SEO plugin v27.5 - https:\/\/yoast.com\/product\/yoast-seo-wordpress\/ -->\n<title>Csal\u00e1di szoba 6 - Vangelis-House<\/title>\n<meta name=\"robots\" content=\"index, follow, max-snippet:-1, max-image-preview:large, max-video-preview:-1\" \/>\n<link rel=\"canonical\" href=\"https:\/\/vangelis-house.com\/hu\/termek\/csaladi-szoba-6\/\" \/>\n<meta property=\"og:locale\" content=\"hu_HU\" \/>\n<meta property=\"og:type\" content=\"article\" \/>\n<meta property=\"og:title\" content=\"Csal\u00e1di szoba 6 - Vangelis-House\" \/>\n<meta property=\"og:description\" content=\"2 szoba Max. 6 vend\u00e9g 2. emelet\" \/>\n<meta property=\"og:url\" content=\"https:\/\/vangelis-house.com\/hu\/termek\/csaladi-szoba-6\/\" \/>\n<meta property=\"og:site_name\" content=\"Vangelis-House\" \/>\n<meta property=\"article:publisher\" content=\"https:\/\/facebook.com\/vangelishouse\" \/>\n<meta property=\"article:modified_time\" content=\"2025-11-19T12:23:08+00:00\" \/>\n<meta property=\"og:image\" content=\"https:\/\/vangelis-house.com\/wp-content\/uploads\/2023\/02\/Vangelis-House-Family-room-6-01.jpg\" \/>\n\t<meta property=\"og:image:width\" content=\"1400\" \/>\n\t<meta property=\"og:image:height\" content=\"930\" \/>\n\t<meta property=\"og:image:type\" content=\"image\/jpeg\" \/>\n<meta name=\"twitter:card\" content=\"summary_large_image\" \/>\n<meta name=\"twitter:site\" content=\"@vangelishouse\" \/>\n<meta name=\"twitter:label1\" content=\"Becs\u00fclt olvas\u00e1si id\u0151\" \/>\n\t<meta name=\"twitter:data1\" content=\"1 perc\" \/>\n<script type=\"application\/ld+json\" class=\"yoast-schema-graph\">{\"@context\":\"https:\\\/\\\/schema.org\",\"@graph\":[{\"@type\":\"WebPage\",\"@id\":\"https:\\\/\\\/vangelis-house.com\\\/hu\\\/termek\\\/csaladi-szoba-6\\\/\",\"url\":\"https:\\\/\\\/vangelis-house.com\\\/hu\\\/termek\\\/csaladi-szoba-6\\\/\",\"name\":\"Csal\u00e1di szoba 6 - Vangelis-House\",\"isPartOf\":{\"@id\":\"https:\\\/\\\/vangelis-house.com\\\/#website\"},\"primaryImageOfPage\":{\"@id\":\"https:\\\/\\\/vangelis-house.com\\\/hu\\\/termek\\\/csaladi-szoba-6\\\/#primaryimage\"},\"image\":{\"@id\":\"https:\\\/\\\/vangelis-house.com\\\/hu\\\/termek\\\/csaladi-szoba-6\\\/#primaryimage\"},\"thumbnailUrl\":\"https:\\\/\\\/vangelis-house.com\\\/wp-content\\\/uploads\\\/2023\\\/02\\\/Vangelis-House-Family-room-6-01.jpg\",\"datePublished\":\"2019-01-21T16:42:15+00:00\",\"dateModified\":\"2025-11-19T12:23:08+00:00\",\"breadcrumb\":{\"@id\":\"https:\\\/\\\/vangelis-house.com\\\/hu\\\/termek\\\/csaladi-szoba-6\\\/#breadcrumb\"},\"inLanguage\":\"hu\",\"potentialAction\":[{\"@type\":\"ReadAction\",\"target\":[\"https:\\\/\\\/vangelis-house.com\\\/hu\\\/termek\\\/csaladi-szoba-6\\\/\"]}]},{\"@type\":\"ImageObject\",\"inLanguage\":\"hu\",\"@id\":\"https:\\\/\\\/vangelis-house.com\\\/hu\\\/termek\\\/csaladi-szoba-6\\\/#primaryimage\",\"url\":\"https:\\\/\\\/vangelis-house.com\\\/wp-content\\\/uploads\\\/2023\\\/02\\\/Vangelis-House-Family-room-6-01.jpg\",\"contentUrl\":\"https:\\\/\\\/vangelis-house.com\\\/wp-content\\\/uploads\\\/2023\\\/02\\\/Vangelis-House-Family-room-6-01.jpg\",\"width\":1400,\"height\":930},{\"@type\":\"BreadcrumbList\",\"@id\":\"https:\\\/\\\/vangelis-house.com\\\/hu\\\/termek\\\/csaladi-szoba-6\\\/#breadcrumb\",\"itemListElement\":[{\"@type\":\"ListItem\",\"position\":1,\"name\":\"Home\",\"item\":\"https:\\\/\\\/vangelis-house.com\\\/hu\\\/\"},{\"@type\":\"ListItem\",\"position\":2,\"name\":\"Apartmanok\",\"item\":\"https:\\\/\\\/vangelis-house.com\\\/hu\\\/apartmanok\\\/\"},{\"@type\":\"ListItem\",\"position\":3,\"name\":\"Csal\u00e1di szoba 6\"}]},{\"@type\":\"WebSite\",\"@id\":\"https:\\\/\\\/vangelis-house.com\\\/#website\",\"url\":\"https:\\\/\\\/vangelis-house.com\\\/\",\"name\":\"Vangelis-House\",\"description\":\"Holiday Apartments in Olympic Beach\",\"publisher\":{\"@id\":\"https:\\\/\\\/vangelis-house.com\\\/#organization\"},\"potentialAction\":[{\"@type\":\"SearchAction\",\"target\":{\"@type\":\"EntryPoint\",\"urlTemplate\":\"https:\\\/\\\/vangelis-house.com\\\/?s={search_term_string}\"},\"query-input\":{\"@type\":\"PropertyValueSpecification\",\"valueRequired\":true,\"valueName\":\"search_term_string\"}}],\"inLanguage\":\"hu\"},{\"@type\":\"Organization\",\"@id\":\"https:\\\/\\\/vangelis-house.com\\\/#organization\",\"name\":\"Vangelis-House\",\"alternateName\":\"Holiday Apartments in Olympic Beach\",\"url\":\"https:\\\/\\\/vangelis-house.com\\\/\",\"logo\":{\"@type\":\"ImageObject\",\"inLanguage\":\"hu\",\"@id\":\"https:\\\/\\\/vangelis-house.com\\\/#\\\/schema\\\/logo\\\/image\\\/\",\"url\":\"https:\\\/\\\/vangelis-house.com\\\/wp-content\\\/uploads\\\/2024\\\/03\\\/vh_04_2024_logo.png\",\"contentUrl\":\"https:\\\/\\\/vangelis-house.com\\\/wp-content\\\/uploads\\\/2024\\\/03\\\/vh_04_2024_logo.png\",\"width\":1500,\"height\":600,\"caption\":\"Vangelis-House\"},\"image\":{\"@id\":\"https:\\\/\\\/vangelis-house.com\\\/#\\\/schema\\\/logo\\\/image\\\/\"},\"sameAs\":[\"https:\\\/\\\/facebook.com\\\/vangelishouse\",\"https:\\\/\\\/x.com\\\/vangelishouse\",\"https:\\\/\\\/instagram.com\\\/vangelishouse\",\"https:\\\/\\\/wa.me\\\/491775069348\"]}]}<\/script>\n<!-- \/ Yoast SEO plugin. -->","yoast_head_json":{"title":"Csal\u00e1di szoba 6 - Vangelis-House","robots":{"index":"index","follow":"follow","max-snippet":"max-snippet:-1","max-image-preview":"max-image-preview:large","max-video-preview":"max-video-preview:-1"},"canonical":"https:\/\/vangelis-house.com\/hu\/termek\/csaladi-szoba-6\/","og_locale":"hu_HU","og_type":"article","og_title":"Csal\u00e1di szoba 6 - Vangelis-House","og_description":"2 szoba Max. 6 vend\u00e9g 2. emelet","og_url":"https:\/\/vangelis-house.com\/hu\/termek\/csaladi-szoba-6\/","og_site_name":"Vangelis-House","article_publisher":"https:\/\/facebook.com\/vangelishouse","article_modified_time":"2025-11-19T12:23:08+00:00","og_image":[{"width":1400,"height":930,"url":"https:\/\/vangelis-house.com\/wp-content\/uploads\/2023\/02\/Vangelis-House-Family-room-6-01.jpg","type":"image\/jpeg"}],"twitter_card":"summary_large_image","twitter_site":"@vangelishouse","twitter_misc":{"Becs\u00fclt olvas\u00e1si id\u0151":"1 perc"},"schema":{"@context":"https:\/\/schema.org","@graph":[{"@type":"WebPage","@id":"https:\/\/vangelis-house.com\/hu\/termek\/csaladi-szoba-6\/","url":"https:\/\/vangelis-house.com\/hu\/termek\/csaladi-szoba-6\/","name":"Csal\u00e1di szoba 6 - Vangelis-House","isPartOf":{"@id":"https:\/\/vangelis-house.com\/#website"},"primaryImageOfPage":{"@id":"https:\/\/vangelis-house.com\/hu\/termek\/csaladi-szoba-6\/#primaryimage"},"image":{"@id":"https:\/\/vangelis-house.com\/hu\/termek\/csaladi-szoba-6\/#primaryimage"},"thumbnailUrl":"https:\/\/vangelis-house.com\/wp-content\/uploads\/2023\/02\/Vangelis-House-Family-room-6-01.jpg","datePublished":"2019-01-21T16:42:15+00:00","dateModified":"2025-11-19T12:23:08+00:00","breadcrumb":{"@id":"https:\/\/vangelis-house.com\/hu\/termek\/csaladi-szoba-6\/#breadcrumb"},"inLanguage":"hu","potentialAction":[{"@type":"ReadAction","target":["https:\/\/vangelis-house.com\/hu\/termek\/csaladi-szoba-6\/"]}]},{"@type":"ImageObject","inLanguage":"hu","@id":"https:\/\/vangelis-house.com\/hu\/termek\/csaladi-szoba-6\/#primaryimage","url":"https:\/\/vangelis-house.com\/wp-content\/uploads\/2023\/02\/Vangelis-House-Family-room-6-01.jpg","contentUrl":"https:\/\/vangelis-house.com\/wp-content\/uploads\/2023\/02\/Vangelis-House-Family-room-6-01.jpg","width":1400,"height":930},{"@type":"BreadcrumbList","@id":"https:\/\/vangelis-house.com\/hu\/termek\/csaladi-szoba-6\/#breadcrumb","itemListElement":[{"@type":"ListItem","position":1,"name":"Home","item":"https:\/\/vangelis-house.com\/hu\/"},{"@type":"ListItem","position":2,"name":"Apartmanok","item":"https:\/\/vangelis-house.com\/hu\/apartmanok\/"},{"@type":"ListItem","position":3,"name":"Csal\u00e1di szoba 6"}]},{"@type":"WebSite","@id":"https:\/\/vangelis-house.com\/#website","url":"https:\/\/vangelis-house.com\/","name":"Vangelis-House","description":"Holiday Apartments in Olympic Beach","publisher":{"@id":"https:\/\/vangelis-house.com\/#organization"},"potentialAction":[{"@type":"SearchAction","target":{"@type":"EntryPoint","urlTemplate":"https:\/\/vangelis-house.com\/?s={search_term_string}"},"query-input":{"@type":"PropertyValueSpecification","valueRequired":true,"valueName":"search_term_string"}}],"inLanguage":"hu"},{"@type":"Organization","@id":"https:\/\/vangelis-house.com\/#organization","name":"Vangelis-House","alternateName":"Holiday Apartments in Olympic Beach","url":"https:\/\/vangelis-house.com\/","logo":{"@type":"ImageObject","inLanguage":"hu","@id":"https:\/\/vangelis-house.com\/#\/schema\/logo\/image\/","url":"https:\/\/vangelis-house.com\/wp-content\/uploads\/2024\/03\/vh_04_2024_logo.png","contentUrl":"https:\/\/vangelis-house.com\/wp-content\/uploads\/2024\/03\/vh_04_2024_logo.png","width":1500,"height":600,"caption":"Vangelis-House"},"image":{"@id":"https:\/\/vangelis-house.com\/#\/schema\/logo\/image\/"},"sameAs":["https:\/\/facebook.com\/vangelishouse","https:\/\/x.com\/vangelishouse","https:\/\/instagram.com\/vangelishouse","https:\/\/wa.me\/491775069348"]}]}},"jetpack_sharing_enabled":true,"_links":{"self":[{"href":"https:\/\/vangelis-house.com\/hu\/wp-json\/wp\/v2\/product\/583","targetHints":{"allow":["GET"]}}],"collection":[{"href":"https:\/\/vangelis-house.com\/hu\/wp-json\/wp\/v2\/product"}],"about":[{"href":"https:\/\/vangelis-house.com\/hu\/wp-json\/wp\/v2\/types\/product"}],"replies":[{"embeddable":true,"href":"https:\/\/vangelis-house.com\/hu\/wp-json\/wp\/v2\/comments?post=583"}],"wp:featuredmedia":[{"embeddable":true,"href":"https:\/\/vangelis-house.com\/hu\/wp-json\/wp\/v2\/media\/15056"}],"wp:attachment":[{"href":"https:\/\/vangelis-house.com\/hu\/wp-json\/wp\/v2\/media?parent=583"}],"wp:term":[{"taxonomy":"product_brand","embeddable":true,"href":"https:\/\/vangelis-house.com\/hu\/wp-json\/wp\/v2\/product_brand?post=583"},{"taxonomy":"product_cat","embeddable":true,"href":"https:\/\/vangelis-house.com\/hu\/wp-json\/wp\/v2\/product_cat?post=583"},{"taxonomy":"product_tag","embeddable":true,"href":"https:\/\/vangelis-house.com\/hu\/wp-json\/wp\/v2\/product_tag?post=583"}],"curies":[{"name":"wp","href":"https:\/\/api.w.org\/{rel}","templated":true}]}}