{"id":19256,"date":"2025-11-19T15:17:11","date_gmt":"2025-11-19T13:17:11","guid":{"rendered":"https:\/\/vangelis-house.com\/arlista\/"},"modified":"2025-11-20T00:57:59","modified_gmt":"2025-11-19T22:57:59","slug":"arlista","status":"publish","type":"page","link":"https:\/\/vangelis-house.com\/hu\/arlista\/","title":{"rendered":"\u00c1rlista"},"content":{"rendered":"<div class=\"gb-container gb-container-3252f6f2 alignfull\">\n<div class=\"gb-grid-wrapper gb-grid-wrapper-527d80f7\">\n<div class=\"gb-grid-column gb-grid-column-9a4d34f6\"><div class=\"gb-container gb-container-9a4d34f6\">\n\n<h2 class=\"wp-block-heading has-text-align-center\">Szezon t\u00e1bl\u00e1zat<\/h2>\n\n\n\n<hr class=\"wp-block-separator has-alpha-channel-opacity is-style-dots\"\/>\n\n\n\n<figure class=\"wp-block-table is-style-regular\"><table class=\"has-background\" style=\"background-color:#151515\"><thead><tr><th class=\"has-text-align-left\" data-align=\"left\">2026-os szezon<\/th><th><\/th><th><\/th><\/tr><\/thead><tbody><tr><td class=\"has-text-align-left\" data-align=\"left\">C<\/td><td>Alacsony szezon<\/td><td>20.04.2026 \u2013 17.05.2026<\/td><\/tr><tr><td class=\"has-text-align-left\" data-align=\"left\">B<\/td><td>K\u00f6zepes szezonban<\/td><td>18.05.2026 \u2013 28.06.2026<\/td><\/tr><tr><td class=\"has-text-align-left\" data-align=\"left\">A<\/td><td>Cs\u00facsid\u00e9ny<\/td><td>29.06.2026 \u2013 23.08.2026<\/td><\/tr><tr><td class=\"has-text-align-left\" data-align=\"left\">B<\/td><td>K\u00f6zepes szezonban<\/td><td>24.08.2026 \u2013 13.09.2026<\/td><\/tr><tr><td class=\"has-text-align-left\" data-align=\"left\">C<\/td><td>Alacsony szezon<\/td><td>14.09.2026 \u2013 30.09.2026<\/td><\/tr><\/tbody><\/table><\/figure>\n\n<\/div><\/div>\n<\/div>\n<\/div><div class=\"gb-container gb-container-c01a140a alignfull\">\n<div class=\"gb-grid-wrapper gb-grid-wrapper-e300080a\">\n<div class=\"gb-grid-column gb-grid-column-b46a6f72\"><div class=\"gb-container gb-container-b46a6f72\">\n\n<h2 class=\"wp-block-heading has-text-align-center\">Csal\u00e1di szob\u00e1k<\/h2>\n\n\n\n<hr class=\"wp-block-separator has-alpha-channel-opacity is-style-dots\"\/>\n\n<\/div><\/div>\n<\/div>\n\n<div class=\"gb-grid-wrapper gb-grid-wrapper-867a44b4\">\n<div class=\"gb-grid-column gb-grid-column-239b5335\"><div class=\"gb-container gb-container-239b5335\">\n<div class=\"wp-block-image\">\n<figure class=\"aligncenter size-full\"><a href=\"https:\/\/vangelis-house.com\/hu\/termekkategoria\/apartmanok\/csaladi-szobak\/\"><img loading=\"lazy\" decoding=\"async\" width=\"128\" height=\"128\" src=\"https:\/\/vangelis-house.com\/wp-content\/uploads\/2021\/10\/family-silhouette2-128.png\" alt=\"\" class=\"wp-image-12707\" srcset=\"https:\/\/vangelis-house.com\/wp-content\/uploads\/2021\/10\/family-silhouette2-128.png 128w, https:\/\/vangelis-house.com\/wp-content\/uploads\/2021\/10\/family-silhouette2-128-100x100.png 100w\" sizes=\"auto, (max-width: 128px) 100vw, 128px\" \/><\/a><\/figure>\n<\/div>\n<p class=\"has-text-align-center\">Csal\u00e1di szob\u00e1k<\/p>\n\n\n\n<p class=\"has-text-align-center\"><strong>Terem foglal\u00e1s:<\/strong><\/p>\n\n\n\n<ul class=\"wp-block-list\">\n<li>Maxim\u00e1lis 4 &#8211; 6 vend\u00e9g.<\/li>\n\n\n\n<li>Minim\u00e1lis mennyis\u00e9g\u0171 feln\u0151tt: 1.<\/li>\n\n\n\n<li>Maxim\u00e1lis feln\u0151ttek \u00f6sszege: 4 &#8211; 6.<\/li>\n\n\n\n<li>Maxim\u00e1lis \u00f6sszege-a gyermekek: 3 &#8211; 5.<\/li>\n\n\n\n<li>Maxim\u00e1lis \u00f6sszeg a csecsem\u0151k: 2.<\/li>\n<\/ul>\n\n<\/div><\/div>\n\n<div class=\"gb-grid-column gb-grid-column-aee23ab5\"><div class=\"gb-container gb-container-aee23ab5\">\n\n<figure class=\"wp-block-table\"><table class=\"has-background\" style=\"background-color:#151515\"><thead><tr><th class=\"has-text-align-left\" data-align=\"left\">Csal\u00e1di szob\u00e1k<\/th><th class=\"has-text-align-left\" data-align=\"left\"><\/th><th class=\"has-text-align-left\" data-align=\"left\"><\/th><th class=\"has-text-align-left\" data-align=\"left\"><\/th><th class=\"has-text-align-left\" data-align=\"left\"><\/th><\/tr><\/thead><tbody><tr><td class=\"has-text-align-left\" data-align=\"left\">\u00c1r \/ \u00e9j<\/td><td class=\"has-text-align-left\" data-align=\"left\"><\/td><td class=\"has-text-align-left\" data-align=\"left\">A<\/td><td class=\"has-text-align-left\" data-align=\"left\">B<\/td><td class=\"has-text-align-left\" data-align=\"left\">C<\/td><\/tr><tr><td class=\"has-text-align-left\" data-align=\"left\">Vend\u00e9gek # 1 &#8211; # 4<\/td><td class=\"has-text-align-left\" data-align=\"left\">Minden szem\u00e9ly t\u00edpus<\/td><td class=\"has-text-align-left\" data-align=\"left\">\u20ac 80<\/td><td class=\"has-text-align-left\" data-align=\"left\">\u20ac 65<\/td><td class=\"has-text-align-left\" data-align=\"left\">\u20ac 50<\/td><\/tr><tr><td class=\"has-text-align-left\" data-align=\"left\">Vend\u00e9gek # 1 &#8211; # 5<\/td><td class=\"has-text-align-left\" data-align=\"left\">Minden szem\u00e9ly t\u00edpus<\/td><td class=\"has-text-align-left\" data-align=\"left\">\u20ac 90<\/td><td class=\"has-text-align-left\" data-align=\"left\">\u20ac 75<\/td><td class=\"has-text-align-left\" data-align=\"left\">\u20ac 60<\/td><\/tr><tr><td class=\"has-text-align-left\" data-align=\"left\">Vend\u00e9gek # 1 &#8211; # 6<\/td><td class=\"has-text-align-left\" data-align=\"left\">Minden szem\u00e9ly t\u00edpus<\/td><td class=\"has-text-align-left\" data-align=\"left\">\u20ac 95<\/td><td class=\"has-text-align-left\" data-align=\"left\">\u20ac 80<\/td><td class=\"has-text-align-left\" data-align=\"left\">\u20ac 65<\/td><\/tr><tr><td class=\"has-text-align-left\" data-align=\"left\">L\u00e9gkondicion\u00e1l\u00f3<\/td><td class=\"has-text-align-left\" data-align=\"left\">opcion\u00e1lis<\/td><td class=\"has-text-align-left\" data-align=\"left\">\u20ac 7<\/td><td class=\"has-text-align-left\" data-align=\"left\">\u20ac 7<\/td><td class=\"has-text-align-left\" data-align=\"left\">\u20ac 7<\/td><\/tr><\/tbody><\/table><\/figure>\n\n\n\n<p><strong>Foglal\u00e1sok \u00e1ttekint\u00e9se:<\/strong><\/p>\n\n\n\n<ul class=\"wp-block-list\">\n<li>Maxim\u00e1lis 4 vend\u00e9g: Csal\u00e1di szoba 1<\/li>\n\n\n\n<li>Maxim\u00e1lis 5 vend\u00e9g: Csal\u00e1di szoba 2, 4, 5, 7, 8<\/li>\n\n\n\n<li>Maxim\u00e1lis 6 vend\u00e9g: Csal\u00e1di szoba 3, 6<\/li>\n<\/ul>\n\n\n\n<p>Tartalmazza a k\u00f6vetkez\u0151 ad\u00f3kat is:<\/p>\n\n\n\n<ul class=\"wp-block-list\">\n<li>\u00c1FA <strong>13 %<\/strong><\/li>\n\n\n\n<li>V\u00e1rosi ad\u00f3 <strong>0.5 %<\/strong><\/li>\n\n\n\n<li>Kl\u00edma\u00e1ll\u00f3s\u00e1gi d\u00edj: <strong>2 \u20ac \/<\/strong> \u00e9j apartmanonk\u00e9nt.<\/li>\n<\/ul>\n\n\n\n<div class=\"wp-block-buttons is-content-justification-center is-layout-flex wp-container-core-buttons-is-layout-16018d1d wp-block-buttons-is-layout-flex\">\n<div class=\"wp-block-button aligncenter has-custom-width wp-block-button__width-50 is-style-fill\"><a class=\"wp-block-button__link wp-element-button\" href=\"https:\/\/vangelis-house.com\/hu\/termekkategoria\/apartmanok\/csaladi-szobak\/\" style=\"border-radius:30px\">Olvass tov\u00e1bb<\/a><\/div>\n<\/div>\n\n<\/div><\/div>\n<\/div>\n<\/div><div class=\"gb-container gb-container-299c8a8d alignfull\">\n<div class=\"gb-grid-wrapper gb-grid-wrapper-1282adca\">\n<div class=\"gb-grid-column gb-grid-column-5688540c\"><div class=\"gb-container gb-container-5688540c\">\n\n<h2 class=\"wp-block-heading has-text-align-center\">H\u00e1rom\u00e1gyas szob\u00e1k<\/h2>\n\n\n\n<hr class=\"wp-block-separator has-alpha-channel-opacity is-style-dots\"\/>\n\n<\/div><\/div>\n<\/div>\n\n<div class=\"gb-grid-wrapper gb-grid-wrapper-26e618c7\">\n<div class=\"gb-grid-column gb-grid-column-ce1e85b6\"><div class=\"gb-container gb-container-ce1e85b6\">\n<div class=\"wp-block-image\">\n<figure class=\"aligncenter size-full\"><a href=\"https:\/\/vangelis-house.com\/hu\/termekkategoria\/apartmanok\/haromagyas-szobak\/\"><img loading=\"lazy\" decoding=\"async\" width=\"128\" height=\"128\" src=\"https:\/\/vangelis-house.com\/wp-content\/uploads\/2021\/10\/father-daughter-and-mother2-128.png\" alt=\"\" class=\"wp-image-12713\" srcset=\"https:\/\/vangelis-house.com\/wp-content\/uploads\/2021\/10\/father-daughter-and-mother2-128.png 128w, https:\/\/vangelis-house.com\/wp-content\/uploads\/2021\/10\/father-daughter-and-mother2-128-100x100.png 100w\" sizes=\"auto, (max-width: 128px) 100vw, 128px\" \/><\/a><\/figure>\n<\/div>\n<p class=\"has-text-align-center\">H\u00e1rom\u00e1gyas szob\u00e1k<\/p>\n\n\n\n<p class=\"has-text-align-center\"><strong>Terem foglal\u00e1s:<\/strong><\/p>\n\n\n\n<ul class=\"wp-block-list\">\n<li>Maximum 3 vend\u00e9g sz\u00e1m\u00e1ra.<\/li>\n\n\n\n<li>Minim\u00e1lis mennyis\u00e9g\u0171 feln\u0151tt: 1.<\/li>\n\n\n\n<li>Feln\u0151ttek maxim\u00e1lis \u00f6sszege: 3.<\/li>\n\n\n\n<li>Maxim\u00e1lis \u00f6sszege-a gyermekek: 2.<\/li>\n\n\n\n<li>Maxim\u00e1lis \u00f6sszeg a csecsem\u0151k: 1.<\/li>\n<\/ul>\n\n<\/div><\/div>\n\n<div class=\"gb-grid-column gb-grid-column-06b36e96\"><div class=\"gb-container gb-container-06b36e96\">\n\n<figure class=\"wp-block-table\"><table class=\"has-background\" style=\"background-color:#151515\"><thead><tr><th class=\"has-text-align-left\" data-align=\"left\">H\u00e1rom\u00e1gyas szob\u00e1k<\/th><th class=\"has-text-align-left\" data-align=\"left\"><\/th><th class=\"has-text-align-left\" data-align=\"left\"><\/th><th class=\"has-text-align-left\" data-align=\"left\"><\/th><th class=\"has-text-align-left\" data-align=\"left\"><\/th><\/tr><\/thead><tbody><tr><td class=\"has-text-align-left\" data-align=\"left\">\u00c1r \/ \u00e9j<\/td><td class=\"has-text-align-left\" data-align=\"left\"><\/td><td class=\"has-text-align-left\" data-align=\"left\">A<\/td><td class=\"has-text-align-left\" data-align=\"left\">B<\/td><td class=\"has-text-align-left\" data-align=\"left\">C<\/td><\/tr><tr><td class=\"has-text-align-left\" data-align=\"left\">Vend\u00e9gek # 1 &#8211; # 3<\/td><td class=\"has-text-align-left\" data-align=\"left\">Minden szem\u00e9ly t\u00edpus<\/td><td class=\"has-text-align-left\" data-align=\"left\">\u20ac 55<\/td><td class=\"has-text-align-left\" data-align=\"left\">\u20ac 45<\/td><td class=\"has-text-align-left\" data-align=\"left\">\u20ac 35<\/td><\/tr><tr><td class=\"has-text-align-left\" data-align=\"left\">L\u00e9gkondicion\u00e1l\u00f3<\/td><td class=\"has-text-align-left\" data-align=\"left\">opcion\u00e1lis<\/td><td class=\"has-text-align-left\" data-align=\"left\">\u20ac 7<\/td><td class=\"has-text-align-left\" data-align=\"left\">\u20ac 7<\/td><td class=\"has-text-align-left\" data-align=\"left\">\u20ac 7<\/td><\/tr><\/tbody><\/table><\/figure>\n\n\n\n<p>Tartalmazza a k\u00f6vetkez\u0151 ad\u00f3kat is:<\/p>\n\n\n\n<ul class=\"wp-block-list\">\n<li>\u00c1FA <strong>13 %<\/strong><\/li>\n\n\n\n<li>V\u00e1rosi ad\u00f3 <strong>0.5 %<\/strong><\/li>\n\n\n\n<li>Kl\u00edma\u00e1ll\u00f3s\u00e1gi d\u00edj: <strong>2 \u20ac \/<\/strong> \u00e9j apartmanonk\u00e9nt.<\/li>\n<\/ul>\n\n\n\n<div class=\"wp-block-buttons is-content-justification-center is-layout-flex wp-container-core-buttons-is-layout-16018d1d wp-block-buttons-is-layout-flex\">\n<div class=\"wp-block-button aligncenter has-custom-width wp-block-button__width-50\"><a class=\"wp-block-button__link wp-element-button\" href=\"https:\/\/vangelis-house.com\/hu\/termekkategoria\/apartmanok\/haromagyas-szobak\/\" style=\"border-radius:30px\">Olvass tov\u00e1bb<\/a><\/div>\n<\/div>\n\n<\/div><\/div>\n<\/div>\n<\/div><div class=\"gb-container gb-container-36b94268 alignfull\">\n<div class=\"gb-grid-wrapper gb-grid-wrapper-5bd77499\">\n<div class=\"gb-grid-column gb-grid-column-3176bb98\"><div class=\"gb-container gb-container-3176bb98\">\n\n<h2 class=\"wp-block-heading has-text-align-center\">K\u00e9t\u00e1gyas szob\u00e1k<\/h2>\n\n\n\n<hr class=\"wp-block-separator has-alpha-channel-opacity is-style-dots\"\/>\n\n<\/div><\/div>\n<\/div>\n\n<div class=\"gb-grid-wrapper gb-grid-wrapper-78aa1776\">\n<div class=\"gb-grid-column gb-grid-column-56cafd96\"><div class=\"gb-container gb-container-56cafd96\">\n<div class=\"wp-block-image\">\n<figure class=\"aligncenter size-full\"><a href=\"https:\/\/vangelis-house.com\/hu\/termekkategoria\/apartmanok\/ketagyas-szobak\/\"><img loading=\"lazy\" decoding=\"async\" width=\"128\" height=\"128\" src=\"https:\/\/vangelis-house.com\/wp-content\/uploads\/2021\/10\/couple-silhouette2-128.png\" alt=\"\" class=\"wp-image-12701\" srcset=\"https:\/\/vangelis-house.com\/wp-content\/uploads\/2021\/10\/couple-silhouette2-128.png 128w, https:\/\/vangelis-house.com\/wp-content\/uploads\/2021\/10\/couple-silhouette2-128-100x100.png 100w\" sizes=\"auto, (max-width: 128px) 100vw, 128px\" \/><\/a><\/figure>\n<\/div>\n<p class=\"has-text-align-center\">K\u00e9t\u00e1gyas szob\u00e1k<\/p>\n\n\n\n<p class=\"has-text-align-center\"><strong>Terem foglal\u00e1s:<\/strong><\/p>\n\n\n\n<ul class=\"wp-block-list\">\n<li>Maximum 2 vend\u00e9g sz\u00e1m\u00e1ra.<\/li>\n\n\n\n<li>Minim\u00e1lis mennyis\u00e9g\u0171 feln\u0151tt: 1.<\/li>\n\n\n\n<li>Maxim\u00e1lis \u00f6sszege feln\u0151tteknek: 2.<\/li>\n\n\n\n<li>Maxim\u00e1lis mennyis\u00e9g\u0171 gyermek: 1.<\/li>\n<\/ul>\n\n<\/div><\/div>\n\n<div class=\"gb-grid-column gb-grid-column-3f47d1b5\"><div class=\"gb-container gb-container-3f47d1b5\">\n\n<figure class=\"wp-block-table is-style-regular\"><table class=\"has-background\" style=\"background-color:#151515\"><thead><tr><th class=\"has-text-align-left\" data-align=\"left\">K\u00e9t\u00e1gyas szob\u00e1k<\/th><th class=\"has-text-align-left\" data-align=\"left\"><\/th><th><\/th><th class=\"has-text-align-left\" data-align=\"left\"><\/th><th class=\"has-text-align-left\" data-align=\"left\"><\/th><\/tr><\/thead><tbody><tr><td class=\"has-text-align-left\" data-align=\"left\">\u00c1r \/ \u00e9j<\/td><td class=\"has-text-align-left\" data-align=\"left\"><\/td><td>A<\/td><td class=\"has-text-align-left\" data-align=\"left\">B<\/td><td class=\"has-text-align-left\" data-align=\"left\">C<\/td><\/tr><tr><td class=\"has-text-align-left\" data-align=\"left\">Vend\u00e9gek # 1 &#8211; # 2<\/td><td class=\"has-text-align-left\" data-align=\"left\">Minden szem\u00e9ly t\u00edpus<\/td><td>\u20ac 40<\/td><td class=\"has-text-align-left\" data-align=\"left\">\u20ac 35<\/td><td class=\"has-text-align-left\" data-align=\"left\">\u20ac 25<\/td><\/tr><\/tbody><\/table><\/figure>\n\n\n\n<p>Tartalmazza a k\u00f6vetkez\u0151 ad\u00f3kat is:<\/p>\n\n\n\n<ul class=\"wp-block-list\">\n<li>\u00c1FA <strong>13 %<\/strong><\/li>\n\n\n\n<li>V\u00e1rosi ad\u00f3 <strong>0.5 %<\/strong><\/li>\n\n\n\n<li>Kl\u00edma\u00e1ll\u00f3s\u00e1gi d\u00edj: <strong>2 \u20ac \/<\/strong> \u00e9j apartmanonk\u00e9nt.<\/li>\n<\/ul>\n\n\n\n<div class=\"wp-block-buttons is-content-justification-center is-layout-flex wp-container-core-buttons-is-layout-16018d1d wp-block-buttons-is-layout-flex\">\n<div class=\"wp-block-button has-custom-width wp-block-button__width-50\"><a class=\"wp-block-button__link wp-element-button\" href=\"https:\/\/vangelis-house.com\/hu\/termekkategoria\/apartmanok\/ketagyas-szobak\/\" style=\"border-radius:30px\">Olvass tov\u00e1bb<\/a><\/div>\n<\/div>\n\n<\/div><\/div>\n<\/div>\n<\/div>","protected":false},"excerpt":{"rendered":"","protected":false},"author":1,"featured_media":0,"parent":0,"menu_order":0,"comment_status":"closed","ping_status":"closed","template":"","meta":{"footnotes":""},"class_list":["post-19256","page","type-page","status-publish"],"yoast_head":"<!-- This site is optimized with the Yoast SEO plugin v27.5 - https:\/\/yoast.com\/product\/yoast-seo-wordpress\/ -->\n<title>\u00c1rlista - Vangelis-House<\/title>\n<meta name=\"robots\" content=\"index, follow, max-snippet:-1, max-image-preview:large, max-video-preview:-1\" \/>\n<link rel=\"canonical\" href=\"https:\/\/vangelis-house.com\/hu\/arlista\/\" \/>\n<meta property=\"og:locale\" content=\"hu_HU\" \/>\n<meta property=\"og:type\" content=\"article\" \/>\n<meta property=\"og:title\" content=\"\u00c1rlista - Vangelis-House\" \/>\n<meta property=\"og:url\" content=\"https:\/\/vangelis-house.com\/hu\/arlista\/\" \/>\n<meta property=\"og:site_name\" content=\"Vangelis-House\" \/>\n<meta property=\"article:publisher\" content=\"https:\/\/facebook.com\/vangelishouse\" \/>\n<meta property=\"article:modified_time\" content=\"2025-11-19T22:57:59+00:00\" \/>\n<meta name=\"twitter:card\" content=\"summary_large_image\" \/>\n<meta name=\"twitter:site\" content=\"@vangelishouse\" \/>\n<meta name=\"twitter:label1\" content=\"Becs\u00fclt olvas\u00e1si id\u0151\" \/>\n\t<meta name=\"twitter:data1\" content=\"1 perc\" \/>\n<script type=\"application\/ld+json\" class=\"yoast-schema-graph\">{\"@context\":\"https:\\\/\\\/schema.org\",\"@graph\":[{\"@type\":\"WebPage\",\"@id\":\"https:\\\/\\\/vangelis-house.com\\\/hu\\\/arlista\\\/\",\"url\":\"https:\\\/\\\/vangelis-house.com\\\/hu\\\/arlista\\\/\",\"name\":\"\u00c1rlista - Vangelis-House\",\"isPartOf\":{\"@id\":\"https:\\\/\\\/vangelis-house.com\\\/#website\"},\"datePublished\":\"2025-11-19T13:17:11+00:00\",\"dateModified\":\"2025-11-19T22:57:59+00:00\",\"breadcrumb\":{\"@id\":\"https:\\\/\\\/vangelis-house.com\\\/hu\\\/arlista\\\/#breadcrumb\"},\"inLanguage\":\"hu\",\"potentialAction\":[{\"@type\":\"ReadAction\",\"target\":[\"https:\\\/\\\/vangelis-house.com\\\/hu\\\/arlista\\\/\"]}]},{\"@type\":\"BreadcrumbList\",\"@id\":\"https:\\\/\\\/vangelis-house.com\\\/hu\\\/arlista\\\/#breadcrumb\",\"itemListElement\":[{\"@type\":\"ListItem\",\"position\":1,\"name\":\"Home\",\"item\":\"https:\\\/\\\/vangelis-house.com\\\/hu\\\/\"},{\"@type\":\"ListItem\",\"position\":2,\"name\":\"\u00c1rlista\"}]},{\"@type\":\"WebSite\",\"@id\":\"https:\\\/\\\/vangelis-house.com\\\/#website\",\"url\":\"https:\\\/\\\/vangelis-house.com\\\/\",\"name\":\"Vangelis-House\",\"description\":\"Holiday Apartments in Olympic Beach\",\"publisher\":{\"@id\":\"https:\\\/\\\/vangelis-house.com\\\/#organization\"},\"potentialAction\":[{\"@type\":\"SearchAction\",\"target\":{\"@type\":\"EntryPoint\",\"urlTemplate\":\"https:\\\/\\\/vangelis-house.com\\\/?s={search_term_string}\"},\"query-input\":{\"@type\":\"PropertyValueSpecification\",\"valueRequired\":true,\"valueName\":\"search_term_string\"}}],\"inLanguage\":\"hu\"},{\"@type\":\"Organization\",\"@id\":\"https:\\\/\\\/vangelis-house.com\\\/#organization\",\"name\":\"Vangelis-House\",\"alternateName\":\"Holiday Apartments in Olympic Beach\",\"url\":\"https:\\\/\\\/vangelis-house.com\\\/\",\"logo\":{\"@type\":\"ImageObject\",\"inLanguage\":\"hu\",\"@id\":\"https:\\\/\\\/vangelis-house.com\\\/#\\\/schema\\\/logo\\\/image\\\/\",\"url\":\"https:\\\/\\\/vangelis-house.com\\\/wp-content\\\/uploads\\\/2024\\\/03\\\/vh_04_2024_logo.png\",\"contentUrl\":\"https:\\\/\\\/vangelis-house.com\\\/wp-content\\\/uploads\\\/2024\\\/03\\\/vh_04_2024_logo.png\",\"width\":1500,\"height\":600,\"caption\":\"Vangelis-House\"},\"image\":{\"@id\":\"https:\\\/\\\/vangelis-house.com\\\/#\\\/schema\\\/logo\\\/image\\\/\"},\"sameAs\":[\"https:\\\/\\\/facebook.com\\\/vangelishouse\",\"https:\\\/\\\/x.com\\\/vangelishouse\",\"https:\\\/\\\/instagram.com\\\/vangelishouse\",\"https:\\\/\\\/wa.me\\\/491775069348\"]}]}<\/script>\n<!-- \/ Yoast SEO plugin. -->","yoast_head_json":{"title":"\u00c1rlista - Vangelis-House","robots":{"index":"index","follow":"follow","max-snippet":"max-snippet:-1","max-image-preview":"max-image-preview:large","max-video-preview":"max-video-preview:-1"},"canonical":"https:\/\/vangelis-house.com\/hu\/arlista\/","og_locale":"hu_HU","og_type":"article","og_title":"\u00c1rlista - Vangelis-House","og_url":"https:\/\/vangelis-house.com\/hu\/arlista\/","og_site_name":"Vangelis-House","article_publisher":"https:\/\/facebook.com\/vangelishouse","article_modified_time":"2025-11-19T22:57:59+00:00","twitter_card":"summary_large_image","twitter_site":"@vangelishouse","twitter_misc":{"Becs\u00fclt olvas\u00e1si id\u0151":"1 perc"},"schema":{"@context":"https:\/\/schema.org","@graph":[{"@type":"WebPage","@id":"https:\/\/vangelis-house.com\/hu\/arlista\/","url":"https:\/\/vangelis-house.com\/hu\/arlista\/","name":"\u00c1rlista - Vangelis-House","isPartOf":{"@id":"https:\/\/vangelis-house.com\/#website"},"datePublished":"2025-11-19T13:17:11+00:00","dateModified":"2025-11-19T22:57:59+00:00","breadcrumb":{"@id":"https:\/\/vangelis-house.com\/hu\/arlista\/#breadcrumb"},"inLanguage":"hu","potentialAction":[{"@type":"ReadAction","target":["https:\/\/vangelis-house.com\/hu\/arlista\/"]}]},{"@type":"BreadcrumbList","@id":"https:\/\/vangelis-house.com\/hu\/arlista\/#breadcrumb","itemListElement":[{"@type":"ListItem","position":1,"name":"Home","item":"https:\/\/vangelis-house.com\/hu\/"},{"@type":"ListItem","position":2,"name":"\u00c1rlista"}]},{"@type":"WebSite","@id":"https:\/\/vangelis-house.com\/#website","url":"https:\/\/vangelis-house.com\/","name":"Vangelis-House","description":"Holiday Apartments in Olympic Beach","publisher":{"@id":"https:\/\/vangelis-house.com\/#organization"},"potentialAction":[{"@type":"SearchAction","target":{"@type":"EntryPoint","urlTemplate":"https:\/\/vangelis-house.com\/?s={search_term_string}"},"query-input":{"@type":"PropertyValueSpecification","valueRequired":true,"valueName":"search_term_string"}}],"inLanguage":"hu"},{"@type":"Organization","@id":"https:\/\/vangelis-house.com\/#organization","name":"Vangelis-House","alternateName":"Holiday Apartments in Olympic Beach","url":"https:\/\/vangelis-house.com\/","logo":{"@type":"ImageObject","inLanguage":"hu","@id":"https:\/\/vangelis-house.com\/#\/schema\/logo\/image\/","url":"https:\/\/vangelis-house.com\/wp-content\/uploads\/2024\/03\/vh_04_2024_logo.png","contentUrl":"https:\/\/vangelis-house.com\/wp-content\/uploads\/2024\/03\/vh_04_2024_logo.png","width":1500,"height":600,"caption":"Vangelis-House"},"image":{"@id":"https:\/\/vangelis-house.com\/#\/schema\/logo\/image\/"},"sameAs":["https:\/\/facebook.com\/vangelishouse","https:\/\/x.com\/vangelishouse","https:\/\/instagram.com\/vangelishouse","https:\/\/wa.me\/491775069348"]}]}},"jetpack_sharing_enabled":true,"_links":{"self":[{"href":"https:\/\/vangelis-house.com\/hu\/wp-json\/wp\/v2\/pages\/19256","targetHints":{"allow":["GET"]}}],"collection":[{"href":"https:\/\/vangelis-house.com\/hu\/wp-json\/wp\/v2\/pages"}],"about":[{"href":"https:\/\/vangelis-house.com\/hu\/wp-json\/wp\/v2\/types\/page"}],"author":[{"embeddable":true,"href":"https:\/\/vangelis-house.com\/hu\/wp-json\/wp\/v2\/users\/1"}],"replies":[{"embeddable":true,"href":"https:\/\/vangelis-house.com\/hu\/wp-json\/wp\/v2\/comments?post=19256"}],"version-history":[{"count":0,"href":"https:\/\/vangelis-house.com\/hu\/wp-json\/wp\/v2\/pages\/19256\/revisions"}],"wp:attachment":[{"href":"https:\/\/vangelis-house.com\/hu\/wp-json\/wp\/v2\/media?parent=19256"}],"curies":[{"name":"wp","href":"https:\/\/api.w.org\/{rel}","templated":true}]}}