{"id":19204,"date":"2025-11-08T15:16:30","date_gmt":"2025-11-08T13:16:30","guid":{"rendered":"https:\/\/vangelis-house.com\/altalanos-szerzodesi-feltetelek\/"},"modified":"2025-11-08T15:18:24","modified_gmt":"2025-11-08T13:18:24","slug":"altalanos-szerzodesi-feltetelek","status":"publish","type":"page","link":"https:\/\/vangelis-house.com\/hu\/altalanos-szerzodesi-feltetelek\/","title":{"rendered":"\u00c1ltal\u00e1nos szerz\u0151d\u00e9si felt\u00e9telek"},"content":{"rendered":"<div class=\"gb-container gb-container-f280fd78 alignfull\">\n<div class=\"gb-grid-wrapper gb-grid-wrapper-7397db71\">\n<div class=\"gb-grid-column gb-grid-column-1a76069d\"><div class=\"gb-container gb-container-1a76069d\">\n\n<p>Az apartmanok b\u00e9rl\u00e9sre az al\u00e1bbi \u00e1ltal\u00e1nos szerz\u0151d\u00e9si felt\u00e9telek vonatkoznak:<\/p>\n\n\n\n<p><strong>1. \u00c1ltal\u00e1nos &#8211; sz\u00e1ll\u00e1sfoglal\u00e1s<\/strong><\/p>\n\n\n\n<p>Foglal\u00e1ssal \u00e9s a foglal\u00e1s visszaigazol\u00e1s\u00e1val jogilag hat\u00e9kony szerz\u0151d\u00e9s j\u00f6n l\u00e9tre. A szerz\u0151d\u0151 felek a b\u00e9rl\u0151 \u00e9s a b\u00e9rbead\u00f3, mint a szolg\u00e1ltat\u00f3 az apartmanok. A harmadik f\u00e9l megb\u00edz\u00e1s\u00e1b\u00f3l t\u00f6rt\u00e9n\u0151 foglal\u00e1st nem lehet megk\u00f6tni, vagy ezt a k\u00f6zvet\u00edt. A foglal\u00e1sban szerepl\u0151 szem\u00e9lyek csak az egyes apartmanok elfoglal\u00e1s\u00e1ra jogosultak. Az alb\u00e9rlet nem enged\u00e9lyezett.<\/p>\n\n\n\n<p><strong>2. kihaszn\u00e1lts\u00e1gi-t\u00f6bb kihaszn\u00e1lts\u00e1gi-k\u00e1rt\u00e9r\u00edt\u00e9si felel\u0151ss\u00e9g<\/strong><\/p>\n\n\n\n<p>A szerz\u0151d\u00e9s t\u00e1rgya csak azoknak a szem\u00e9lyeknek \u00e9s szem\u00e9lyeknek a sz\u00e1m\u00e1t foglalja el, akik a foglal\u00e1si visszaigazol\u00e1sban meg vannak hat\u00e1rozva. Az emberek maxim\u00e1lis sz\u00e1ma t\u00falzs\u00fafolts\u00e1g soha nem lehets\u00e9ges. T\u00f6bb szem\u00e9ly eset\u00e9n a foglalts\u00e1g id\u0151tartama alatt tov\u00e1bbi kompenz\u00e1ci\u00f3ra van sz\u00fcks\u00e9g. A foglal\u00e1shoz k\u00f6t\u00f6tt szerz\u0151d\u00e9s azonnali felmond\u00e1s\u00e1hoz val\u00f3 jog nem \u00e9rinti. A B\u00e9rl\u0151 v\u00e1llalja, hogy az objektumot gondoss\u00e1ggal kezeli, \u00e9s minden keletkezett k\u00e1rt a helysz\u00ednen k\u00f6teles jelenteni. A b\u00e9rl\u0151 felel\u0151s az \u00fatit\u00e1rsai fel\u00fcgyelet\u00e9\u00e9rt, akik szint\u00e9n gondoz\u00e1st kell, hogy kezelj\u00e9k az ingatlant. A l\u00edzingbe vev\u0151 felel\u0151s minden olyan k\u00e1r\u00e9rt, amelyet a l\u00edzingbe vev\u0151 \u00e9s\/vagy az \u00fatit\u00e1rsai a b\u00e9rleti t\u00e1rgy, a lelt\u00e1r \u00e9s a k\u00f6z\u00f6ss\u00e9gi l\u00e9tes\u00edtm\u00e9nyek, pl. t\u00f6r\u00f6tt ed\u00e9nyek, a b\u00fatorok s\u00e9r\u00fcl\u00e9se okozott. Ez mag\u00e1ban foglalja a k\u00f6lts\u00e9gek elveszett kulcsok (reteszel\u0151 rendszer).<\/p>\n\n\n\n<p><strong>3. fizet\u00e9s-lemond\u00e1s-k\u00f6lts\u00e9gek \u00e9s illet\u00e9kek<\/strong><\/p>\n\n\n\n<p>Az aj\u00e1nlat foglal\u00e1s\u00e1val \u00e9s a foglal\u00e1si visszaigazol\u00e1son kereszt\u00fcli foglal\u00e1s elfogad\u00e1s\u00e1val a teljes \u00f6sszeget a foglal\u00e1si visszaigazol\u00e1son szerepl\u0151 h\u00e9t (7) munkanapon bel\u00fcl kell kifizetni. A foglal\u00e1sn\u00e1l \u00e9s a let\u00e9t \u00e1tutal\u00e1sakor a b\u00e9rl\u0151 elfogadja az \u00e1ltal\u00e1nos szerz\u0151d\u00e9si felt\u00e9teleket. A Szerz\u0151d\u00e9s r\u00e9sz\u00e9v\u00e9 v\u00e1ltak. Ha a teljes \u00e1r kifizet\u00e9se nem t\u00f6rt\u00e9nik meg h\u00e1rom (3) nappal a foglal\u00e1skor megadott \u00e9rkez\u00e9si id\u0151pont el\u0151tt, a b\u00e9rbead\u00f3 jogosult a szerz\u0151d\u00e9s hat\u00e1rid\u0151 n\u00e9lk\u00fcli, illetve a szerz\u0151d\u00e9sben foglalt t\u00e1rgy b\u00e9rl\u00e9s\u00e9t k\u00f6zvetlen\u00fcl megsz\u00fcntetni. A k\u00e9s\u0151bbi \u00e9s helyben lefoglalt szolg\u00e1ltat\u00e1sok kifizet\u00e9se k\u00f6zvetlen\u00fcl, helyben, k\u00e9szp\u00e9nzben t\u00f6rt\u00e9nik.<\/p>\n\n\n\n<p><strong>4. a l\u00edzing id\u0151 el\u0151tti megsz\u0171n\u00e9se<\/strong><\/p>\n\n\n\n<p>Abban az esetben, id\u0151 el\u0151tti megsz\u00fcntet\u00e9s\u00e9t a b\u00e9rleti szerz\u0151d\u00e9s (m\u00e9g akkor is, ha a b\u00e9rbead\u00f3 megsz\u0171nik a b\u00e9rleti szerz\u0151d\u00e9s a j\u00f3 ok), vagy abban az esetben, nem-show, a b\u00e9rl\u0151 nem ig\u00e9nyel k\u00e1rt\u00e9r\u00edt\u00e9st a fel nem haszn\u00e1lt b\u00e9rleti id\u0151szak.<\/p>\n\n\n\n<p><strong>5. jegyzetek<\/strong><\/p>\n\n\n\n<p>Javasoljuk, hogy vegye ki \u00fatlemond\u00e1si biztos\u00edt\u00e1s \u00e9s a harmadik f\u00e9l felel\u0151ss\u00e9gbiztos\u00edt\u00e1s. \u00cdgy, \u00d6n megv\u00e9d ellen ak\u00e1rmi k\u00f6lts\u00e9gek. Az \u00e9rkez\u00e9si \u00e9s indul\u00e1si id\u0151pontokat a b\u00e9rl\u0151nek kor\u00e1n k\u00f6z\u00f6lni\u00fck kell az optim\u00e1lis \u00e9s z\u00f6kken\u0151mentes \u00e1raml\u00e1s \u00e9rdek\u00e9ben. Az \u00e9rkez\u00e9si \u00e9s indul\u00e1si napokat teljes napk\u00e9nt kell sz\u00e1m\u00edtani a b\u00e9rleti id\u0151szakra. Az \u00e9rkez\u00e9s napj\u00e1n d\u00e9lr\u0151l a b\u00e9rl\u0151 tov\u00e1bbra is a b\u00e9rleti t\u00e1rgyat utalhatja. Ha az objektum kor\u00e1bban m\u00e9g nem volt b\u00e9rbe adott, a kor\u00e1bbi kollekci\u00f3k\u00e9nt el\u0151zetes egyeztet\u00e9s lehets\u00e9ges, \u00e9s err\u0151l \u00edr\u00e1sban k\u00f6z\u00f6lnek. A b\u00e9relt lak\u00e1s maradt a t\u00e1voz\u00e1s napj\u00e1n s\u00f6p\u00f6rte. Az ed\u00e9nyek, poharak \u00e9s konyhai berendez\u00e9seket kell hagyni tiszta, a szemetet ki\u00fcr\u00edteni, \u00e9s a h\u0171t\u0151szekr\u00e9ny t\u00f6rl\u0151dik. A WC-tiszt\u00edtani, \u00e9s a f\u00fcrd\u0151szoba berendez\u00e9sek funkcion\u00e1lis. Ha ez nem t\u00f6rt\u00e9nik meg, akkor felel\u0151s a takar\u00edt\u00e1si d\u00edj legal\u00e1bb 30,-\u20ac, ez is vonatkozik a durva szennyez\u0151d\u00e9s (foltok vagy nem megfelel\u0151 haszn\u00e1lat). V\u00e1ltoztat\u00e1sok vagy kieg\u00e9sz\u00edt\u00e9sek megk\u00f6vetelik az \u00edrott form\u00e1ban, hogy hat\u00e9kony legyen. Amennyiben a jelen felt\u00e9telek b\u00e1rmelyike vagy \u00e9rv\u00e9ny\u00e9t veszti vagy \u00e9rv\u00e9nytelenn\u00e9 v\u00e1lik, ez nem befoly\u00e1solja a Szerz\u0151d\u00e9s fennmarad\u00f3 tartalm\u00e1nak \u00e9rv\u00e9nyess\u00e9g\u00e9t. A n\u00e9metorsz\u00e1gi k\u00f6zigazgat\u00e1si sz\u00e9khely nem szerz\u0151d\u0151 f\u00e9l, \u00e9s csak sz\u00e1nd\u00e9k\u00e9rt felel\u0151s. A szerz\u0151d\u00e9ses jogviszonyb\u00f3l ered\u0151, a felek k\u00f6z\u00f6tti jogvit\u00e1k rendez\u00e9s\u00e9re szolg\u00e1l\u00f3 joghat\u00f3s\u00e1gi Hivatal a Katerini\/g\u00f6r\u00f6gorsz\u00e1gi sz\u00e9khellyel rendelkez\u0151 t\u00e1rsas\u00e1g sz\u00e9khelye.<\/p>\n\n\n\n<p>\u00c9rv\u00e9nyes a t\u00f6rv\u00e9ny a G\u00f6r\u00f6g K\u00f6zt\u00e1rsas\u00e1g.<\/p>\n\n<\/div><\/div>\n<\/div>\n<\/div>","protected":false},"excerpt":{"rendered":"","protected":false},"author":1,"featured_media":0,"parent":0,"menu_order":0,"comment_status":"closed","ping_status":"closed","template":"","meta":{"footnotes":""},"class_list":["post-19204","page","type-page","status-publish"],"yoast_head":"<!-- This site is optimized with the Yoast SEO plugin v27.5 - https:\/\/yoast.com\/product\/yoast-seo-wordpress\/ -->\n<title>\u00c1ltal\u00e1nos szerz\u0151d\u00e9si felt\u00e9telek - Vangelis-House<\/title>\n<meta name=\"robots\" content=\"index, follow, max-snippet:-1, max-image-preview:large, max-video-preview:-1\" \/>\n<link rel=\"canonical\" href=\"https:\/\/vangelis-house.com\/hu\/altalanos-szerzodesi-feltetelek\/\" \/>\n<meta property=\"og:locale\" content=\"hu_HU\" \/>\n<meta property=\"og:type\" content=\"article\" \/>\n<meta property=\"og:title\" content=\"\u00c1ltal\u00e1nos szerz\u0151d\u00e9si felt\u00e9telek - Vangelis-House\" \/>\n<meta property=\"og:url\" content=\"https:\/\/vangelis-house.com\/hu\/altalanos-szerzodesi-feltetelek\/\" \/>\n<meta property=\"og:site_name\" content=\"Vangelis-House\" \/>\n<meta property=\"article:publisher\" content=\"https:\/\/facebook.com\/vangelishouse\" \/>\n<meta property=\"article:modified_time\" content=\"2025-11-08T13:18:24+00:00\" \/>\n<meta name=\"twitter:card\" content=\"summary_large_image\" \/>\n<meta name=\"twitter:site\" content=\"@vangelishouse\" \/>\n<meta name=\"twitter:label1\" content=\"Becs\u00fclt olvas\u00e1si id\u0151\" \/>\n\t<meta name=\"twitter:data1\" content=\"4 perc\" \/>\n<script type=\"application\/ld+json\" class=\"yoast-schema-graph\">{\"@context\":\"https:\\\/\\\/schema.org\",\"@graph\":[{\"@type\":\"WebPage\",\"@id\":\"https:\\\/\\\/vangelis-house.com\\\/hu\\\/altalanos-szerzodesi-feltetelek\\\/\",\"url\":\"https:\\\/\\\/vangelis-house.com\\\/hu\\\/altalanos-szerzodesi-feltetelek\\\/\",\"name\":\"\u00c1ltal\u00e1nos szerz\u0151d\u00e9si felt\u00e9telek - Vangelis-House\",\"isPartOf\":{\"@id\":\"https:\\\/\\\/vangelis-house.com\\\/#website\"},\"datePublished\":\"2025-11-08T13:16:30+00:00\",\"dateModified\":\"2025-11-08T13:18:24+00:00\",\"breadcrumb\":{\"@id\":\"https:\\\/\\\/vangelis-house.com\\\/hu\\\/altalanos-szerzodesi-feltetelek\\\/#breadcrumb\"},\"inLanguage\":\"hu\",\"potentialAction\":[{\"@type\":\"ReadAction\",\"target\":[\"https:\\\/\\\/vangelis-house.com\\\/hu\\\/altalanos-szerzodesi-feltetelek\\\/\"]}]},{\"@type\":\"BreadcrumbList\",\"@id\":\"https:\\\/\\\/vangelis-house.com\\\/hu\\\/altalanos-szerzodesi-feltetelek\\\/#breadcrumb\",\"itemListElement\":[{\"@type\":\"ListItem\",\"position\":1,\"name\":\"Home\",\"item\":\"https:\\\/\\\/vangelis-house.com\\\/hu\\\/\"},{\"@type\":\"ListItem\",\"position\":2,\"name\":\"\u00c1ltal\u00e1nos szerz\u0151d\u00e9si felt\u00e9telek\"}]},{\"@type\":\"WebSite\",\"@id\":\"https:\\\/\\\/vangelis-house.com\\\/#website\",\"url\":\"https:\\\/\\\/vangelis-house.com\\\/\",\"name\":\"Vangelis-House\",\"description\":\"Holiday Apartments in Olympic Beach\",\"publisher\":{\"@id\":\"https:\\\/\\\/vangelis-house.com\\\/#organization\"},\"potentialAction\":[{\"@type\":\"SearchAction\",\"target\":{\"@type\":\"EntryPoint\",\"urlTemplate\":\"https:\\\/\\\/vangelis-house.com\\\/?s={search_term_string}\"},\"query-input\":{\"@type\":\"PropertyValueSpecification\",\"valueRequired\":true,\"valueName\":\"search_term_string\"}}],\"inLanguage\":\"hu\"},{\"@type\":\"Organization\",\"@id\":\"https:\\\/\\\/vangelis-house.com\\\/#organization\",\"name\":\"Vangelis-House\",\"alternateName\":\"Holiday Apartments in Olympic Beach\",\"url\":\"https:\\\/\\\/vangelis-house.com\\\/\",\"logo\":{\"@type\":\"ImageObject\",\"inLanguage\":\"hu\",\"@id\":\"https:\\\/\\\/vangelis-house.com\\\/#\\\/schema\\\/logo\\\/image\\\/\",\"url\":\"https:\\\/\\\/vangelis-house.com\\\/wp-content\\\/uploads\\\/2024\\\/03\\\/vh_04_2024_logo.png\",\"contentUrl\":\"https:\\\/\\\/vangelis-house.com\\\/wp-content\\\/uploads\\\/2024\\\/03\\\/vh_04_2024_logo.png\",\"width\":1500,\"height\":600,\"caption\":\"Vangelis-House\"},\"image\":{\"@id\":\"https:\\\/\\\/vangelis-house.com\\\/#\\\/schema\\\/logo\\\/image\\\/\"},\"sameAs\":[\"https:\\\/\\\/facebook.com\\\/vangelishouse\",\"https:\\\/\\\/x.com\\\/vangelishouse\",\"https:\\\/\\\/instagram.com\\\/vangelishouse\",\"https:\\\/\\\/wa.me\\\/491775069348\"]}]}<\/script>\n<!-- \/ Yoast SEO plugin. -->","yoast_head_json":{"title":"\u00c1ltal\u00e1nos szerz\u0151d\u00e9si felt\u00e9telek - Vangelis-House","robots":{"index":"index","follow":"follow","max-snippet":"max-snippet:-1","max-image-preview":"max-image-preview:large","max-video-preview":"max-video-preview:-1"},"canonical":"https:\/\/vangelis-house.com\/hu\/altalanos-szerzodesi-feltetelek\/","og_locale":"hu_HU","og_type":"article","og_title":"\u00c1ltal\u00e1nos szerz\u0151d\u00e9si felt\u00e9telek - Vangelis-House","og_url":"https:\/\/vangelis-house.com\/hu\/altalanos-szerzodesi-feltetelek\/","og_site_name":"Vangelis-House","article_publisher":"https:\/\/facebook.com\/vangelishouse","article_modified_time":"2025-11-08T13:18:24+00:00","twitter_card":"summary_large_image","twitter_site":"@vangelishouse","twitter_misc":{"Becs\u00fclt olvas\u00e1si id\u0151":"4 perc"},"schema":{"@context":"https:\/\/schema.org","@graph":[{"@type":"WebPage","@id":"https:\/\/vangelis-house.com\/hu\/altalanos-szerzodesi-feltetelek\/","url":"https:\/\/vangelis-house.com\/hu\/altalanos-szerzodesi-feltetelek\/","name":"\u00c1ltal\u00e1nos szerz\u0151d\u00e9si felt\u00e9telek - Vangelis-House","isPartOf":{"@id":"https:\/\/vangelis-house.com\/#website"},"datePublished":"2025-11-08T13:16:30+00:00","dateModified":"2025-11-08T13:18:24+00:00","breadcrumb":{"@id":"https:\/\/vangelis-house.com\/hu\/altalanos-szerzodesi-feltetelek\/#breadcrumb"},"inLanguage":"hu","potentialAction":[{"@type":"ReadAction","target":["https:\/\/vangelis-house.com\/hu\/altalanos-szerzodesi-feltetelek\/"]}]},{"@type":"BreadcrumbList","@id":"https:\/\/vangelis-house.com\/hu\/altalanos-szerzodesi-feltetelek\/#breadcrumb","itemListElement":[{"@type":"ListItem","position":1,"name":"Home","item":"https:\/\/vangelis-house.com\/hu\/"},{"@type":"ListItem","position":2,"name":"\u00c1ltal\u00e1nos szerz\u0151d\u00e9si felt\u00e9telek"}]},{"@type":"WebSite","@id":"https:\/\/vangelis-house.com\/#website","url":"https:\/\/vangelis-house.com\/","name":"Vangelis-House","description":"Holiday Apartments in Olympic Beach","publisher":{"@id":"https:\/\/vangelis-house.com\/#organization"},"potentialAction":[{"@type":"SearchAction","target":{"@type":"EntryPoint","urlTemplate":"https:\/\/vangelis-house.com\/?s={search_term_string}"},"query-input":{"@type":"PropertyValueSpecification","valueRequired":true,"valueName":"search_term_string"}}],"inLanguage":"hu"},{"@type":"Organization","@id":"https:\/\/vangelis-house.com\/#organization","name":"Vangelis-House","alternateName":"Holiday Apartments in Olympic Beach","url":"https:\/\/vangelis-house.com\/","logo":{"@type":"ImageObject","inLanguage":"hu","@id":"https:\/\/vangelis-house.com\/#\/schema\/logo\/image\/","url":"https:\/\/vangelis-house.com\/wp-content\/uploads\/2024\/03\/vh_04_2024_logo.png","contentUrl":"https:\/\/vangelis-house.com\/wp-content\/uploads\/2024\/03\/vh_04_2024_logo.png","width":1500,"height":600,"caption":"Vangelis-House"},"image":{"@id":"https:\/\/vangelis-house.com\/#\/schema\/logo\/image\/"},"sameAs":["https:\/\/facebook.com\/vangelishouse","https:\/\/x.com\/vangelishouse","https:\/\/instagram.com\/vangelishouse","https:\/\/wa.me\/491775069348"]}]}},"jetpack_sharing_enabled":true,"_links":{"self":[{"href":"https:\/\/vangelis-house.com\/hu\/wp-json\/wp\/v2\/pages\/19204","targetHints":{"allow":["GET"]}}],"collection":[{"href":"https:\/\/vangelis-house.com\/hu\/wp-json\/wp\/v2\/pages"}],"about":[{"href":"https:\/\/vangelis-house.com\/hu\/wp-json\/wp\/v2\/types\/page"}],"author":[{"embeddable":true,"href":"https:\/\/vangelis-house.com\/hu\/wp-json\/wp\/v2\/users\/1"}],"replies":[{"embeddable":true,"href":"https:\/\/vangelis-house.com\/hu\/wp-json\/wp\/v2\/comments?post=19204"}],"version-history":[{"count":0,"href":"https:\/\/vangelis-house.com\/hu\/wp-json\/wp\/v2\/pages\/19204\/revisions"}],"wp:attachment":[{"href":"https:\/\/vangelis-house.com\/hu\/wp-json\/wp\/v2\/media?parent=19204"}],"curies":[{"name":"wp","href":"https:\/\/api.w.org\/{rel}","templated":true}]}}