{"id":19188,"date":"2025-11-08T15:07:38","date_gmt":"2025-11-08T13:07:38","guid":{"rendered":"https:\/\/vangelis-house.com\/visszateritesi-es-visszakuldesi-iranyelvek\/"},"modified":"2025-11-08T15:07:38","modified_gmt":"2025-11-08T13:07:38","slug":"visszateritesi-es-visszakuldesi-iranyelvek","status":"publish","type":"page","link":"https:\/\/vangelis-house.com\/hu\/visszateritesi-es-visszakuldesi-iranyelvek\/","title":{"rendered":"Visszat\u00e9r\u00edt\u00e9si \u00e9s visszak\u00fcld\u00e9si ir\u00e1nyelvek"},"content":{"rendered":"<div class=\"gb-container gb-container-69e0a319 alignfull\">\n<div class=\"gb-grid-wrapper gb-grid-wrapper-c930d3b3\">\n<div class=\"gb-grid-column gb-grid-column-8e4a0c23\"><div class=\"gb-container gb-container-8e4a0c23\">\n\n<p>Szeretn\u00e9nk, ha a lehet\u0151 legjobb \u00e9lm\u00e9nyben lenne r\u00e9szed, amikor vel\u00fcnk maradsz, \u00e9s meg\u00e9rtj\u00fck, hogy n\u00e9ha elromolhatnak a dolgok. Ha nem el\u00e9gedett a sz\u00e1ll\u00e1s\u00e1val, probl\u00e9mamentes visszat\u00e9r\u00edt\u00e9si \u00e9s visszak\u00fcld\u00e9si politik\u00e1t k\u00edn\u00e1lunk.<\/p>\n\n\n\n<p><strong>T\u00f6rl\u00e9sek:<\/strong><\/p>\n\n\n\n<p>Ha le kell mondanod a foglal\u00e1sodat, k\u00e9rj\u00fck, jelezd nek\u00fcnk a lehet\u0151 leghamarabb. Tiszt\u00e1ban vagyunk azzal, hogy a tervek v\u00e1ltozhatnak, \u00e9s mindent megtesz\u00fcnk annak \u00e9rdek\u00e9ben, hogy megfelelj\u00fcnk az \u00d6n ig\u00e9nyeinek. Felh\u00edvjuk azonban a figyelmedet, hogy a lemond\u00e1s\u00e9rt a foglal\u00e1s felt\u00e9teleit\u0151l f\u00fcgg\u0151en d\u00edjak vagy b\u00fcntet\u00e9sek vonatkozhatnak.<\/p>\n\n\n\n<p><strong>Visszat\u00e9r:<\/strong><\/p>\n\n\n\n<p>Ha nem el\u00e9gedett a sz\u00e1ll\u00e1s\u00e1val, k\u00e9rj\u00fck, a lehet\u0151 leghamarabb tudassa vel\u00fcnk, hogy megoldhassuk a probl\u00e9m\u00e1kat. Ha nem tudjuk kiel\u00e9g\u00edt\u0151 m\u00f3don megoldani a probl\u00e9m\u00e1t, a k\u00f6r\u00fclm\u00e9nyekt\u0151l f\u00fcgg\u0151en r\u00e9szleges vagy teljes visszat\u00e9r\u00edt\u00e9st k\u00edn\u00e1lhatunk \u00d6nnek.<\/p>\n\n\n\n<p>A visszat\u00e9r\u00edt\u00e9sre val\u00f3 jogosults\u00e1ghoz az \u00e9rkez\u00e9s\u00e9t\u0151l sz\u00e1m\u00edtott 2 napon bel\u00fcl \u00e9rtes\u00edtenie kell minket a probl\u00e9m\u00e1r\u00f3l. El\u0151fordulhat, hogy a visszat\u00e9r\u00edt\u00e9s feldolgoz\u00e1s\u00e1hoz meg kell sz\u00fcntetnie a sz\u00e1ll\u00e1sokat.<\/p>\n\n\n\n<p><strong>Cser\u00e9k:<\/strong><\/p>\n\n\n\n<p>Ha nem el\u00e9gedett a sz\u00e1ll\u00e1s\u00e1val, el\u0151fordulhat, hogy fel tudjuk aj\u00e1nlani \u00d6nnek egy m\u00e1sik szoba vagy sz\u00e1ll\u00e1s cser\u00e9j\u00e9t. K\u00e9rj\u00fck, a lehet\u0151 leghamarabb tudassa vel\u00fcnk, ha meg szeretn\u00e9 vizsg\u00e1lni ezt a lehet\u0151s\u00e9get.<\/p>\n\n\n\n<p>Felh\u00edvjuk figyelm\u00e9t, hogy minden visszat\u00e9r\u00edt\u00e9s \u00e9s csere a rendelkez\u00e9sre \u00e1ll\u00e1s f\u00fcggv\u00e9ny\u00e9ben t\u00f6rt\u00e9nik, \u00e9s v\u00e1llalkoz\u00e1sunk kiz\u00e1r\u00f3lagos bel\u00e1t\u00e1sa szerint t\u00f6rt\u00e9nik. Fenntartjuk a jogot, hogy elutas\u00edtsunk minden olyan visszat\u00e9r\u00edt\u00e9si vagy cserek\u00e9relmet, amelyet \u00e9sszer\u0171tlennek vagy csal\u00e1rdnak tartunk.<\/p>\n\n\n\n<p>Rem\u00e9lj\u00fck, hogy ez a visszat\u00e9r\u00edt\u00e9si \u00e9s visszak\u00fcld\u00e9si politika gondtalann\u00e1 teszi a n\u00e1lunk val\u00f3 tart\u00f3zkod\u00e1st. Ha b\u00e1rmilyen k\u00e9rd\u00e9se vagy agg\u00e1lya van, k\u00e9rj\u00fck, ne habozzon kapcsolatba l\u00e9pni vel\u00fcnk a +30 23510 62156 telefonsz\u00e1mon vagy info@vangelis-house.com.<\/p>\n\n<\/div><\/div>\n<\/div>\n<\/div>","protected":false},"excerpt":{"rendered":"","protected":false},"author":1,"featured_media":0,"parent":0,"menu_order":0,"comment_status":"closed","ping_status":"closed","template":"","meta":{"footnotes":""},"class_list":["post-19188","page","type-page","status-publish"],"yoast_head":"<!-- This site is optimized with the Yoast SEO plugin v27.5 - https:\/\/yoast.com\/product\/yoast-seo-wordpress\/ -->\n<title>Visszat\u00e9r\u00edt\u00e9si \u00e9s visszak\u00fcld\u00e9si ir\u00e1nyelvek - Vangelis-House<\/title>\n<meta name=\"robots\" content=\"index, follow, max-snippet:-1, max-image-preview:large, max-video-preview:-1\" \/>\n<link rel=\"canonical\" href=\"https:\/\/vangelis-house.com\/hu\/visszateritesi-es-visszakuldesi-iranyelvek\/\" \/>\n<meta property=\"og:locale\" content=\"hu_HU\" \/>\n<meta property=\"og:type\" content=\"article\" \/>\n<meta property=\"og:title\" content=\"Visszat\u00e9r\u00edt\u00e9si \u00e9s visszak\u00fcld\u00e9si ir\u00e1nyelvek - Vangelis-House\" \/>\n<meta property=\"og:url\" content=\"https:\/\/vangelis-house.com\/hu\/visszateritesi-es-visszakuldesi-iranyelvek\/\" \/>\n<meta property=\"og:site_name\" content=\"Vangelis-House\" \/>\n<meta property=\"article:publisher\" content=\"https:\/\/facebook.com\/vangelishouse\" \/>\n<meta name=\"twitter:card\" content=\"summary_large_image\" \/>\n<meta name=\"twitter:site\" content=\"@vangelishouse\" \/>\n<meta name=\"twitter:label1\" content=\"Becs\u00fclt olvas\u00e1si id\u0151\" \/>\n\t<meta name=\"twitter:data1\" content=\"2 perc\" \/>\n<script type=\"application\/ld+json\" class=\"yoast-schema-graph\">{\"@context\":\"https:\\\/\\\/schema.org\",\"@graph\":[{\"@type\":\"WebPage\",\"@id\":\"https:\\\/\\\/vangelis-house.com\\\/hu\\\/visszateritesi-es-visszakuldesi-iranyelvek\\\/\",\"url\":\"https:\\\/\\\/vangelis-house.com\\\/hu\\\/visszateritesi-es-visszakuldesi-iranyelvek\\\/\",\"name\":\"Visszat\u00e9r\u00edt\u00e9si \u00e9s visszak\u00fcld\u00e9si ir\u00e1nyelvek - Vangelis-House\",\"isPartOf\":{\"@id\":\"https:\\\/\\\/vangelis-house.com\\\/#website\"},\"datePublished\":\"2025-11-08T13:07:38+00:00\",\"breadcrumb\":{\"@id\":\"https:\\\/\\\/vangelis-house.com\\\/hu\\\/visszateritesi-es-visszakuldesi-iranyelvek\\\/#breadcrumb\"},\"inLanguage\":\"hu\",\"potentialAction\":[{\"@type\":\"ReadAction\",\"target\":[\"https:\\\/\\\/vangelis-house.com\\\/hu\\\/visszateritesi-es-visszakuldesi-iranyelvek\\\/\"]}]},{\"@type\":\"BreadcrumbList\",\"@id\":\"https:\\\/\\\/vangelis-house.com\\\/hu\\\/visszateritesi-es-visszakuldesi-iranyelvek\\\/#breadcrumb\",\"itemListElement\":[{\"@type\":\"ListItem\",\"position\":1,\"name\":\"Home\",\"item\":\"https:\\\/\\\/vangelis-house.com\\\/hu\\\/\"},{\"@type\":\"ListItem\",\"position\":2,\"name\":\"Visszat\u00e9r\u00edt\u00e9si \u00e9s visszak\u00fcld\u00e9si ir\u00e1nyelvek\"}]},{\"@type\":\"WebSite\",\"@id\":\"https:\\\/\\\/vangelis-house.com\\\/#website\",\"url\":\"https:\\\/\\\/vangelis-house.com\\\/\",\"name\":\"Vangelis-House\",\"description\":\"Holiday Apartments in Olympic Beach\",\"publisher\":{\"@id\":\"https:\\\/\\\/vangelis-house.com\\\/#organization\"},\"potentialAction\":[{\"@type\":\"SearchAction\",\"target\":{\"@type\":\"EntryPoint\",\"urlTemplate\":\"https:\\\/\\\/vangelis-house.com\\\/?s={search_term_string}\"},\"query-input\":{\"@type\":\"PropertyValueSpecification\",\"valueRequired\":true,\"valueName\":\"search_term_string\"}}],\"inLanguage\":\"hu\"},{\"@type\":\"Organization\",\"@id\":\"https:\\\/\\\/vangelis-house.com\\\/#organization\",\"name\":\"Vangelis-House\",\"alternateName\":\"Holiday Apartments in Olympic Beach\",\"url\":\"https:\\\/\\\/vangelis-house.com\\\/\",\"logo\":{\"@type\":\"ImageObject\",\"inLanguage\":\"hu\",\"@id\":\"https:\\\/\\\/vangelis-house.com\\\/#\\\/schema\\\/logo\\\/image\\\/\",\"url\":\"https:\\\/\\\/vangelis-house.com\\\/wp-content\\\/uploads\\\/2024\\\/03\\\/vh_04_2024_logo.png\",\"contentUrl\":\"https:\\\/\\\/vangelis-house.com\\\/wp-content\\\/uploads\\\/2024\\\/03\\\/vh_04_2024_logo.png\",\"width\":1500,\"height\":600,\"caption\":\"Vangelis-House\"},\"image\":{\"@id\":\"https:\\\/\\\/vangelis-house.com\\\/#\\\/schema\\\/logo\\\/image\\\/\"},\"sameAs\":[\"https:\\\/\\\/facebook.com\\\/vangelishouse\",\"https:\\\/\\\/x.com\\\/vangelishouse\",\"https:\\\/\\\/instagram.com\\\/vangelishouse\",\"https:\\\/\\\/wa.me\\\/491775069348\"]}]}<\/script>\n<!-- \/ Yoast SEO plugin. -->","yoast_head_json":{"title":"Visszat\u00e9r\u00edt\u00e9si \u00e9s visszak\u00fcld\u00e9si ir\u00e1nyelvek - Vangelis-House","robots":{"index":"index","follow":"follow","max-snippet":"max-snippet:-1","max-image-preview":"max-image-preview:large","max-video-preview":"max-video-preview:-1"},"canonical":"https:\/\/vangelis-house.com\/hu\/visszateritesi-es-visszakuldesi-iranyelvek\/","og_locale":"hu_HU","og_type":"article","og_title":"Visszat\u00e9r\u00edt\u00e9si \u00e9s visszak\u00fcld\u00e9si ir\u00e1nyelvek - Vangelis-House","og_url":"https:\/\/vangelis-house.com\/hu\/visszateritesi-es-visszakuldesi-iranyelvek\/","og_site_name":"Vangelis-House","article_publisher":"https:\/\/facebook.com\/vangelishouse","twitter_card":"summary_large_image","twitter_site":"@vangelishouse","twitter_misc":{"Becs\u00fclt olvas\u00e1si id\u0151":"2 perc"},"schema":{"@context":"https:\/\/schema.org","@graph":[{"@type":"WebPage","@id":"https:\/\/vangelis-house.com\/hu\/visszateritesi-es-visszakuldesi-iranyelvek\/","url":"https:\/\/vangelis-house.com\/hu\/visszateritesi-es-visszakuldesi-iranyelvek\/","name":"Visszat\u00e9r\u00edt\u00e9si \u00e9s visszak\u00fcld\u00e9si ir\u00e1nyelvek - Vangelis-House","isPartOf":{"@id":"https:\/\/vangelis-house.com\/#website"},"datePublished":"2025-11-08T13:07:38+00:00","breadcrumb":{"@id":"https:\/\/vangelis-house.com\/hu\/visszateritesi-es-visszakuldesi-iranyelvek\/#breadcrumb"},"inLanguage":"hu","potentialAction":[{"@type":"ReadAction","target":["https:\/\/vangelis-house.com\/hu\/visszateritesi-es-visszakuldesi-iranyelvek\/"]}]},{"@type":"BreadcrumbList","@id":"https:\/\/vangelis-house.com\/hu\/visszateritesi-es-visszakuldesi-iranyelvek\/#breadcrumb","itemListElement":[{"@type":"ListItem","position":1,"name":"Home","item":"https:\/\/vangelis-house.com\/hu\/"},{"@type":"ListItem","position":2,"name":"Visszat\u00e9r\u00edt\u00e9si \u00e9s visszak\u00fcld\u00e9si ir\u00e1nyelvek"}]},{"@type":"WebSite","@id":"https:\/\/vangelis-house.com\/#website","url":"https:\/\/vangelis-house.com\/","name":"Vangelis-House","description":"Holiday Apartments in Olympic Beach","publisher":{"@id":"https:\/\/vangelis-house.com\/#organization"},"potentialAction":[{"@type":"SearchAction","target":{"@type":"EntryPoint","urlTemplate":"https:\/\/vangelis-house.com\/?s={search_term_string}"},"query-input":{"@type":"PropertyValueSpecification","valueRequired":true,"valueName":"search_term_string"}}],"inLanguage":"hu"},{"@type":"Organization","@id":"https:\/\/vangelis-house.com\/#organization","name":"Vangelis-House","alternateName":"Holiday Apartments in Olympic Beach","url":"https:\/\/vangelis-house.com\/","logo":{"@type":"ImageObject","inLanguage":"hu","@id":"https:\/\/vangelis-house.com\/#\/schema\/logo\/image\/","url":"https:\/\/vangelis-house.com\/wp-content\/uploads\/2024\/03\/vh_04_2024_logo.png","contentUrl":"https:\/\/vangelis-house.com\/wp-content\/uploads\/2024\/03\/vh_04_2024_logo.png","width":1500,"height":600,"caption":"Vangelis-House"},"image":{"@id":"https:\/\/vangelis-house.com\/#\/schema\/logo\/image\/"},"sameAs":["https:\/\/facebook.com\/vangelishouse","https:\/\/x.com\/vangelishouse","https:\/\/instagram.com\/vangelishouse","https:\/\/wa.me\/491775069348"]}]}},"jetpack_sharing_enabled":true,"_links":{"self":[{"href":"https:\/\/vangelis-house.com\/hu\/wp-json\/wp\/v2\/pages\/19188","targetHints":{"allow":["GET"]}}],"collection":[{"href":"https:\/\/vangelis-house.com\/hu\/wp-json\/wp\/v2\/pages"}],"about":[{"href":"https:\/\/vangelis-house.com\/hu\/wp-json\/wp\/v2\/types\/page"}],"author":[{"embeddable":true,"href":"https:\/\/vangelis-house.com\/hu\/wp-json\/wp\/v2\/users\/1"}],"replies":[{"embeddable":true,"href":"https:\/\/vangelis-house.com\/hu\/wp-json\/wp\/v2\/comments?post=19188"}],"version-history":[{"count":0,"href":"https:\/\/vangelis-house.com\/hu\/wp-json\/wp\/v2\/pages\/19188\/revisions"}],"wp:attachment":[{"href":"https:\/\/vangelis-house.com\/hu\/wp-json\/wp\/v2\/media?parent=19188"}],"curies":[{"name":"wp","href":"https:\/\/api.w.org\/{rel}","templated":true}]}}