{"id":19172,"date":"2025-11-08T14:49:29","date_gmt":"2025-11-08T12:49:29","guid":{"rendered":"https:\/\/vangelis-house.com\/adatkezelesi-tajekoztato\/"},"modified":"2025-11-08T14:49:33","modified_gmt":"2025-11-08T12:49:33","slug":"adatkezelesi-tajekoztato","status":"publish","type":"page","link":"https:\/\/vangelis-house.com\/hu\/adatkezelesi-tajekoztato\/","title":{"rendered":"Adatkezel\u00e9si t\u00e1j\u00e9koztat\u00f3"},"content":{"rendered":"<div class=\"gb-container gb-container-6397c18d alignfull\">\n<div class=\"gb-grid-wrapper gb-grid-wrapper-3e5cd9b7\">\n<div class=\"gb-grid-column gb-grid-column-b4426aa7\"><div class=\"gb-container gb-container-b4426aa7\">\n\n<p>Hat\u00e1lybal\u00e9p\u00e9s d\u00e1tuma: 2018. december 06.<\/p>\n\n\n\n<p>A Vangelis-House (&#8222;minket&#8221;, &#8222;mi&#8221; vagy &#8222;mi\u00e9nk&#8221;) \u00fczemelteti a https:\/\/vangelis-house.com weboldalt (a &#8222;Szolg\u00e1ltat\u00e1s&#8221;).<\/p>\n\n\n\n<p>Ez az oldal t\u00e1j\u00e9koztatja \u00d6nt a szem\u00e9lyes adatok gy\u0171jt\u00e9s\u00e9re, felhaszn\u00e1l\u00e1s\u00e1ra \u00e9s nyilv\u00e1noss\u00e1gra hozatal\u00e1ra vonatkoz\u00f3 ir\u00e1nyelveinkr\u0151l, amikor \u00d6n a Szolg\u00e1ltat\u00e1sunkat haszn\u00e1lja, valamint az adatokkal kapcsolatos v\u00e1laszt\u00e1si lehet\u0151s\u00e9geir\u0151l. A Vangelis-House adatv\u00e9delmi ir\u00e1nyelveit az <a href=\"https:\/\/www.freeprivacypolicy.com\/free-privacy-policy-generator.php\">Ingyenes adatv\u00e9delmi ir\u00e1nyelvek weboldal\u00e1n<\/a> kereszt\u00fcl kezelj\u00fck.<\/p>\n\n\n\n<p>Adatait a Szolg\u00e1ltat\u00e1s ny\u00fajt\u00e1s\u00e1ra \u00e9s fejleszt\u00e9s\u00e9re haszn\u00e1ljuk fel. A Szolg\u00e1ltat\u00e1s haszn\u00e1lat\u00e1val \u00d6n elfogadja az inform\u00e1ci\u00f3k gy\u0171jt\u00e9s\u00e9t \u00e9s felhaszn\u00e1l\u00e1s\u00e1t a jelen szab\u00e1lyzatnak megfelel\u0151en. Hacsak a jelen Adatv\u00e9delmi szab\u00e1lyzat m\u00e1sk\u00e9nt nem rendelkezik, a jelen Adatv\u00e9delmi szab\u00e1lyzatban haszn\u00e1lt kifejez\u00e9sek jelent\u00e9se megegyezik az \u00c1ltal\u00e1nos Szerz\u0151d\u00e9si Felt\u00e9teleinkben foglaltakkal, amelyek a https:\/\/vangelis-house.com<\/p>\n\n\n\n<h2 class=\"wp-block-heading\">Adatgy\u0171jt\u00e9s \u00e9s -felhaszn\u00e1l\u00e1s<\/h2>\n\n\n\n<p>Sz\u00e1mos k\u00fcl\u00f6nb\u00f6z\u0151 t\u00edpus\u00fa inform\u00e1ci\u00f3t gy\u0171jt\u00fcnk k\u00fcl\u00f6nb\u00f6z\u0151 c\u00e9lokra, hogy Szolg\u00e1ltat\u00e1sunkat ny\u00fajtsuk \u00e9s jav\u00edtsuk \u00d6nnek.<\/p>\n\n\n\n<h3 class=\"wp-block-heading\">A gy\u0171jt\u00f6tt adatok t\u00edpusai<\/h3>\n\n\n\n<h4 class=\"wp-block-heading\">Szem\u00e9lyes adatok<\/h4>\n\n\n\n<p>Szolg\u00e1ltat\u00e1sunk haszn\u00e1lata sor\u00e1n megk\u00e9rhetj\u00fck \u00d6nt, hogy adjon meg nek\u00fcnk bizonyos szem\u00e9lyazonos\u00edt\u00e1sra alkalmas inform\u00e1ci\u00f3kat, amelyek felhaszn\u00e1lhat\u00f3k az \u00d6nnel val\u00f3 kapcsolatfelv\u00e9telre vagy azonos\u00edt\u00e1sra (&#8222;Szem\u00e9lyes adatok&#8221;). A szem\u00e9lyazonos\u00edt\u00e1sra alkalmas adatok k\u00f6z\u00e9 tartozhatnak t\u00f6bbek k\u00f6z\u00f6tt a k\u00f6vetkez\u0151k:<\/p>\n\n\n\n<ul class=\"wp-block-list\">\n<li>E-mail c\u00edm<\/li>\n\n\n\n<li>Keresztn\u00e9v \u00e9s vezet\u00e9kn\u00e9v<\/li>\n\n\n\n<li>Telefonsz\u00e1m<\/li>\n\n\n\n<li>C\u00edm, \u00e1llam, tartom\u00e1ny, ir\u00e1ny\u00edt\u00f3sz\u00e1m, v\u00e1ros<\/li>\n\n\n\n<li>Cookie-k \u00e9s haszn\u00e1lati adatok<\/li>\n<\/ul>\n\n\n\n<h4 class=\"wp-block-heading\">Haszn\u00e1lati adatok<\/h4>\n\n\n\n<p>Inform\u00e1ci\u00f3kat gy\u0171jthet\u00fcnk a Szolg\u00e1ltat\u00e1s el\u00e9r\u00e9s\u00e9r\u0151l \u00e9s haszn\u00e1lat\u00e1r\u00f3l is (&#8222;Haszn\u00e1lati adatok&#8221;). Ezek a haszn\u00e1lati adatok olyan inform\u00e1ci\u00f3kat tartalmazhatnak, mint a sz\u00e1m\u00edt\u00f3g\u00e9p internetprotokoll-c\u00edme (pl. IP-c\u00edm), a b\u00f6ng\u00e9sz\u0151 t\u00edpusa, a b\u00f6ng\u00e9sz\u0151 verzi\u00f3ja, a Szolg\u00e1ltat\u00e1sunk \u00d6n \u00e1ltal megl\u00e1togatott oldalai, a l\u00e1togat\u00e1s id\u0151pontja \u00e9s d\u00e1tuma, az ezeken az oldalakon t\u00f6lt\u00f6tt id\u0151, egyedi eszk\u00f6zazonos\u00edt\u00f3k \u00e9s egy\u00e9b diagnosztikai adatok.<\/p>\n\n\n\n<h4 class=\"wp-block-heading\">Nyomk\u00f6vet\u00e9si \u00e9s cookie-adatok<\/h4>\n\n\n\n<p>Cookie-kat \u00e9s hasonl\u00f3 nyomk\u00f6vet\u0151 technol\u00f3gi\u00e1kat haszn\u00e1lunk a Szolg\u00e1ltat\u00e1sunkon v\u00e9gzett tev\u00e9kenys\u00e9gek nyomon k\u00f6vet\u00e9s\u00e9re \u00e9s bizonyos inform\u00e1ci\u00f3k t\u00e1rol\u00e1s\u00e1ra.<\/p>\n\n\n\n<p>A cookie-k kis mennyis\u00e9g\u0171 adatot tartalmaz\u00f3 f\u00e1jlok, amelyek n\u00e9vtelen egyedi azonos\u00edt\u00f3t tartalmazhatnak. A cookie-kat egy webhely k\u00fcldi el az \u00d6n b\u00f6ng\u00e9sz\u0151j\u00e9nek, \u00e9s az \u00d6n eszk\u00f6z\u00e9n t\u00e1rolj\u00e1k. A nyomk\u00f6vet\u0151 technol\u00f3gi\u00e1k jelz\u0151k, c\u00edmk\u00e9k \u00e9s szkriptek az inform\u00e1ci\u00f3k gy\u0171jt\u00e9s\u00e9re \u00e9s nyomon k\u00f6vet\u00e9s\u00e9re, valamint a Szolg\u00e1ltat\u00e1sunk fejleszt\u00e9s\u00e9re \u00e9s elemz\u00e9s\u00e9re.<\/p>\n\n\n\n<p>Utas\u00edthatja b\u00f6ng\u00e9sz\u0151j\u00e9t, hogy utas\u00edtsa el az \u00f6sszes cookie-t, vagy jelezze, ha cookie-t k\u00fcld. Ha azonban nem fogadja el a cookie-kat, el\u0151fordulhat, hogy nem tudja haszn\u00e1lni Szolg\u00e1ltat\u00e1sunk egyes r\u00e9szeit.<\/p>\n\n\n\n<p>P\u00e9ld\u00e1k az \u00e1ltalunk haszn\u00e1lt cookie-kra:<\/p>\n\n\n\n<ul class=\"wp-block-list\">\n<li><strong>Munkamenet s\u00fctik.<\/strong> Szolg\u00e1ltat\u00e1sunk m\u0171k\u00f6dtet\u00e9s\u00e9hez munkamenet cookie-kat haszn\u00e1lunk.<\/li>\n\n\n\n<li><strong>Preferencia s\u00fctik.<\/strong> A preferencia cookie-kat arra haszn\u00e1ljuk, hogy eml\u00e9kezz\u00fcnk az \u00d6n preferenci\u00e1ira \u00e9s k\u00fcl\u00f6nb\u00f6z\u0151 be\u00e1ll\u00edt\u00e1saira.<\/li>\n\n\n\n<li><strong>Biztons\u00e1gi cookie-k.<\/strong> Biztons\u00e1gi cookie-kat haszn\u00e1lunk biztons\u00e1gi c\u00e9lokra.<\/li>\n<\/ul>\n\n\n\n<h2 class=\"wp-block-heading\">Az adatok felhaszn\u00e1l\u00e1sa<\/h2>\n\n\n\n<p>A Vangelis-House az \u00f6sszegy\u0171jt\u00f6tt adatokat k\u00fcl\u00f6nb\u00f6z\u0151 c\u00e9lokra haszn\u00e1lja fel:<\/p>\n\n\n\n<ul class=\"wp-block-list\">\n<li>A Szolg\u00e1ltat\u00e1s ny\u00fajt\u00e1sa \u00e9s fenntart\u00e1sa<\/li>\n\n\n\n<li>Hogy \u00e9rtes\u00edts\u00fck \u00d6nt a Szolg\u00e1ltat\u00e1sunk v\u00e1ltoz\u00e1sair\u00f3l<\/li>\n\n\n\n<li>Annak \u00e9rdek\u00e9ben, hogy \u00f6n r\u00e9szt vehessen Szolg\u00e1ltat\u00e1sunk interakt\u00edv funkci\u00f3iban, amikor \u00fagy d\u00f6nt<\/li>\n\n\n\n<li>\u00dcgyf\u00e9lszolg\u00e1lat \u00e9s t\u00e1mogat\u00e1s biztos\u00edt\u00e1sa<\/li>\n\n\n\n<li>Elemz\u00e9s vagy \u00e9rt\u00e9kes inform\u00e1ci\u00f3k biztos\u00edt\u00e1sa a Szolg\u00e1ltat\u00e1s jav\u00edt\u00e1sa \u00e9rdek\u00e9ben<\/li>\n\n\n\n<li>A Szolg\u00e1ltat\u00e1s haszn\u00e1lat\u00e1nak figyel\u00e9se<\/li>\n\n\n\n<li>Technikai probl\u00e9m\u00e1k \u00e9szlel\u00e9se, megel\u0151z\u00e9se \u00e9s megold\u00e1sa<\/li>\n<\/ul>\n\n\n\n<h2 class=\"wp-block-heading\">Adattov\u00e1bb\u00edt\u00e1s<\/h2>\n\n\n\n<p>Az \u00d6n adatait, bele\u00e9rtve a Szem\u00e9lyes adatokat is, tov\u00e1bb\u00edthatjuk \u2013 \u00e9s ott t\u00e1rolhatjuk \u2013 az \u00d6n \u00e1llam\u00e1n, tartom\u00e1ny\u00e1n, orsz\u00e1g\u00e1n vagy m\u00e1s korm\u00e1nyzati joghat\u00f3s\u00e1g\u00e1n k\u00edv\u00fcl tal\u00e1lhat\u00f3 sz\u00e1m\u00edt\u00f3g\u00e9peken, ahol az adatv\u00e9delmi t\u00f6rv\u00e9nyek elt\u00e9rhetnek az \u00d6n joghat\u00f3s\u00e1g\u00e1t\u00f3l.<\/p>\n\n\n\n<p>Ha \u00d6n G\u00f6r\u00f6gorsz\u00e1gon k\u00edv\u00fcl tart\u00f3zkodik, \u00e9s \u00fagy d\u00f6nt, hogy inform\u00e1ci\u00f3kat ad meg nek\u00fcnk, k\u00e9rj\u00fck, vegye figyelembe, hogy az adatokat, bele\u00e9rtve a szem\u00e9lyes adatokat is, G\u00f6r\u00f6gorsz\u00e1gba tov\u00e1bb\u00edtjuk \u00e9s ott dolgozzuk fel.<\/p>\n\n\n\n<p>A jelen Adatv\u00e9delmi szab\u00e1lyzathoz val\u00f3 hozz\u00e1j\u00e1rul\u00e1sa, amelyet az ilyen inform\u00e1ci\u00f3k beny\u00fajt\u00e1sa k\u00f6vet, azt jelenti, hogy beleegyezik az \u00e1tad\u00e1sba.<\/p>\n\n\n\n<p>A Vangelis-House minden \u00e9sszer\u0171en sz\u00fcks\u00e9ges l\u00e9p\u00e9st megtesz annak biztos\u00edt\u00e1sa \u00e9rdek\u00e9ben, hogy adatait biztons\u00e1gosan \u00e9s a jelen Adatv\u00e9delmi szab\u00e1lyzatnak megfelel\u0151en kezelj\u00e9k, \u00e9s szem\u00e9lyes adatait ne tov\u00e1bb\u00edts\u00e1k egy szervezetnek vagy egy orsz\u00e1gnak, kiv\u00e9ve, ha megfelel\u0151 ellen\u0151rz\u00e9sek vannak \u00e9rv\u00e9nyben, bele\u00e9rtve az \u00d6n adatainak \u00e9s egy\u00e9b szem\u00e9lyes adatainak biztons\u00e1g\u00e1t.<\/p>\n\n\n\n<h2 class=\"wp-block-heading\">Az adatok nyilv\u00e1noss\u00e1gra hozatala<\/h2>\n\n\n\n<h3 class=\"wp-block-heading\">Jogi k\u00f6vetelm\u00e9nyek<\/h3>\n\n\n\n<p>A Vangelis-House nyilv\u00e1noss\u00e1gra hozhatja az \u00d6n szem\u00e9lyes adatait abban a j\u00f3hiszem\u0171 meggy\u0151z\u0151d\u00e9sben, hogy az ilyen int\u00e9zked\u00e9s sz\u00fcks\u00e9ges a k\u00f6vetkez\u0151kh\u00f6z:<\/p>\n\n\n\n<ul class=\"wp-block-list\">\n<li>Jogi k\u00f6telezetts\u00e9gnek val\u00f3 megfelel\u00e9s<\/li>\n\n\n\n<li>A Vangelis-H\u00e1z jogainak vagy tulajdon\u00e1nak v\u00e9delme \u00e9s v\u00e9delme<\/li>\n\n\n\n<li>A Szolg\u00e1ltat\u00e1ssal kapcsolatos esetleges t\u00f6rv\u00e9nys\u00e9rt\u00e9sek megel\u0151z\u00e9se vagy kivizsg\u00e1l\u00e1sa<\/li>\n\n\n\n<li>A Szolg\u00e1ltat\u00e1s felhaszn\u00e1l\u00f3i vagy a nyilv\u00e1noss\u00e1g szem\u00e9lyes biztons\u00e1g\u00e1nak v\u00e9delme<\/li>\n\n\n\n<li>A jogi felel\u0151ss\u00e9g elleni v\u00e9delem \u00e9rdek\u00e9ben<\/li>\n<\/ul>\n\n\n\n<h2 class=\"wp-block-heading\">Az adatok biztons\u00e1ga<\/h2>\n\n\n\n<p>Az \u00d6n adatainak biztons\u00e1ga fontos sz\u00e1munkra, de ne feledje, hogy az interneten kereszt\u00fcli tov\u00e1bb\u00edt\u00e1s vagy az elektronikus t\u00e1rol\u00e1s egyetlen m\u00f3dja sem 100% -ban biztons\u00e1gos. B\u00e1r arra t\u00f6reksz\u00fcnk, hogy kereskedelmileg elfogadhat\u00f3 eszk\u00f6z\u00f6ket haszn\u00e1ljunk szem\u00e9lyes adatainak v\u00e9delm\u00e9re, nem tudjuk garant\u00e1lni azok abszol\u00fat biztons\u00e1g\u00e1t.<\/p>\n\n\n\n<h2 class=\"wp-block-heading\">Szolg\u00e1ltat\u00f3k<\/h2>\n\n\n\n<p>Harmadik f\u00e9l v\u00e1llalatokat \u00e9s mag\u00e1nszem\u00e9lyeket alkalmazhatunk Szolg\u00e1ltat\u00e1sunk megk\u00f6nny\u00edt\u00e9s\u00e9re (&#8222;Szolg\u00e1ltat\u00f3k&#8221;), a Szolg\u00e1ltat\u00e1s nev\u00fcnkben t\u00f6rt\u00e9n\u0151 ny\u00fajt\u00e1s\u00e1ra, a Szolg\u00e1ltat\u00e1ssal kapcsolatos szolg\u00e1ltat\u00e1sok ny\u00fajt\u00e1s\u00e1ra vagy a Szolg\u00e1ltat\u00e1sunk haszn\u00e1lat\u00e1nak elemz\u00e9s\u00e9ben val\u00f3 seg\u00edts\u00e9gny\u00fajt\u00e1sra.<\/p>\n\n\n\n<p>Ezek a harmadik felek csak az\u00e9rt f\u00e9rhetnek hozz\u00e1 az \u00d6n szem\u00e9lyes adataihoz, hogy ezeket a feladatokat a nev\u00fcnkben elv\u00e9gezz\u00e9k, \u00e9s k\u00f6telesek nem nyilv\u00e1noss\u00e1gra hozni vagy felhaszn\u00e1lni azokat semmilyen m\u00e1s c\u00e9lra.<\/p>\n\n\n\n<h3 class=\"wp-block-heading\">Analitika<\/h3>\n\n\n\n<p>Harmadik f\u00e9l szolg\u00e1ltat\u00f3kat is ig\u00e9nybe vehet\u00fcnk a Szolg\u00e1ltat\u00e1sunk haszn\u00e1lat\u00e1nak nyomon k\u00f6vet\u00e9s\u00e9re \u00e9s elemz\u00e9s\u00e9re.<\/p>\n\n\n\n<ul class=\"wp-block-list\">\n<li><strong>Google Analytics szolg\u00e1ltat\u00e1sban. <\/strong>A Google Analytics a Google \u00e1ltal k\u00edn\u00e1lt webanalitikai szolg\u00e1ltat\u00e1s, amely nyomon k\u00f6veti \u00e9s jelenti a webhely forgalm\u00e1t. A Google az \u00f6sszegy\u0171jt\u00f6tt adatokat a Szolg\u00e1ltat\u00e1sunk haszn\u00e1lat\u00e1nak nyomon k\u00f6vet\u00e9s\u00e9re \u00e9s nyomon k\u00f6vet\u00e9s\u00e9re haszn\u00e1lja. Ezeket az adatokat megosztjuk m\u00e1s Google-szolg\u00e1ltat\u00e1sokkal. A Google az \u00f6sszegy\u0171jt\u00f6tt adatokat felhaszn\u00e1lhatja saj\u00e1t hirdet\u00e9si h\u00e1l\u00f3zata hirdet\u00e9seinek kontextusba helyez\u00e9s\u00e9re \u00e9s szem\u00e9lyre szab\u00e1s\u00e1ra. A Google Analytics letilt\u00f3 b\u00f6ng\u00e9sz\u0151b\u0151v\u00edtm\u00e9ny telep\u00edt\u00e9s\u00e9vel leiratkozhat arr\u00f3l, hogy a Szolg\u00e1ltat\u00e1sban v\u00e9gzett tev\u00e9kenys\u00e9geit el\u00e9rhet\u0151v\u00e9 tegye a Google Analytics sz\u00e1m\u00e1ra. A b\u0151v\u00edtm\u00e9ny megakad\u00e1lyozza, hogy a Google Analytics JavaScript (ga.js, analytics.js \u00e9s dc.js) inform\u00e1ci\u00f3kat osszon meg a Google Analytics szolg\u00e1ltat\u00e1ssal a l\u00e1togat\u00e1si tev\u00e9kenys\u00e9gr\u0151l. A Google adatv\u00e9delmi gyakorlat\u00e1val kapcsolatos tov\u00e1bbi inform\u00e1ci\u00f3k\u00e9rt l\u00e1togasson el a Google Adatv\u00e9delmi \u00e9s \u00c1ltal\u00e1nos Szerz\u0151d\u00e9si Felt\u00e9telek weboldal\u00e1ra: <a href=\"https:\/\/policies.google.com\/privacy?hl=en\">https:\/\/policies.google.com\/privacy?hl=en<\/a><\/li>\n<\/ul>\n\n\n\n<h2 class=\"wp-block-heading\">M\u00e1s webhelyekre mutat\u00f3 hivatkoz\u00e1sok<\/h2>\n\n\n\n<p>Szolg\u00e1ltat\u00e1sunk tartalmazhat linkeket m\u00e1s, nem \u00e1ltalunk \u00fczemeltetett webhelyekre. Ha egy harmadik f\u00e9l linkj\u00e9re kattint, akkor a harmadik f\u00e9l webhely\u00e9re ker\u00fcl. Nyomat\u00e9kosan javasoljuk, hogy tekintse \u00e1t minden megl\u00e1togatott webhely adatv\u00e9delmi ir\u00e1nyelveit.<\/p>\n\n\n\n<p>Nincs ellen\u0151rz\u00e9s\u00fcnk \u00e9s nem v\u00e1llalunk felel\u0151ss\u00e9get harmadik felek webhelyeinek vagy szolg\u00e1ltat\u00e1sainak tartalm\u00e1\u00e9rt, adatv\u00e9delmi ir\u00e1nyelvei\u00e9rt vagy gyakorlat\u00e1\u00e9rt.<\/p>\n\n\n\n<h2 class=\"wp-block-heading\">Gyermekek adatainak v\u00e9delme<\/h2>\n\n\n\n<p>Szolg\u00e1ltat\u00e1sunk nem sz\u00f3l\u00edt meg 18 \u00e9ven aluliakat (&#8222;Gyermekek&#8221;).<\/p>\n\n\n\n<p>Tudatosan nem gy\u0171jt\u00fcnk szem\u00e9lyazonos\u00edt\u00e1sra alkalmas adatokat 18 \u00e9ven aluliakt\u00f3l. Ha \u00d6n sz\u00fcl\u0151 vagy gondvisel\u0151, \u00e9s tudat\u00e1ban van annak, hogy gyermekei szem\u00e9lyes adatokat adtak meg nek\u00fcnk, k\u00e9rj\u00fck, vegye fel vel\u00fcnk a kapcsolatot. Ha tudom\u00e1sunkra jut, hogy a sz\u00fcl\u0151i beleegyez\u00e9s ellen\u0151rz\u00e9se n\u00e9lk\u00fcl gy\u0171jt\u00f6tt\u00fcnk szem\u00e9lyes adatokat gyermekekt\u0151l, l\u00e9p\u00e9seket tesz\u00fcnk annak \u00e9rdek\u00e9ben, hogy elt\u00e1vol\u00edtsuk ezeket az inform\u00e1ci\u00f3kat a szervereinkr\u0151l.<\/p>\n\n\n\n<h2 class=\"wp-block-heading\">A jelen Adatv\u00e9delmi szab\u00e1lyzat m\u00f3dos\u00edt\u00e1sai<\/h2>\n\n\n\n<p>Id\u0151r\u0151l id\u0151re friss\u00edthetj\u00fck adatv\u00e9delmi ir\u00e1nyelveinket. A v\u00e1ltoz\u00e1sokr\u00f3l az \u00faj Adatv\u00e9delmi szab\u00e1lyzat ezen az oldalon t\u00f6rt\u00e9n\u0151 k\u00f6zz\u00e9t\u00e9tel\u00e9vel \u00e9rtes\u00edtj\u00fck \u00d6nt.<\/p>\n\n\n\n<p>A v\u00e1ltoz\u00e1s hat\u00e1lyba l\u00e9p\u00e9se el\u0151tt e-mailben \u00e9s\/vagy a Szolg\u00e1ltat\u00e1sunkon j\u00f3l l\u00e1that\u00f3 \u00e9rtes\u00edt\u00e9sben \u00e9rtes\u00edtj\u00fck \u00d6nt, \u00e9s friss\u00edtj\u00fck a jelen Adatv\u00e9delmi szab\u00e1lyzat tetej\u00e9n tal\u00e1lhat\u00f3 &#8222;hat\u00e1lybal\u00e9p\u00e9si d\u00e1tumot&#8221;.<\/p>\n\n\n\n<p>Javasoljuk, hogy rendszeresen tekintse \u00e1t ezt az adatv\u00e9delmi ir\u00e1nyelvet az esetleges v\u00e1ltoz\u00e1sok miatt. A jelen Adatv\u00e9delmi szab\u00e1lyzat m\u00f3dos\u00edt\u00e1sai akkor l\u00e9pnek hat\u00e1lyba, amikor azokat ezen az oldalon k\u00f6zz\u00e9teszik.<\/p>\n\n\n\n<h2 class=\"wp-block-heading\">Kapcsolat<\/h2>\n\n\n\n<p>Ha b\u00e1rmilyen k\u00e9rd\u00e9se van a jelen Adatv\u00e9delmi szab\u00e1lyzattal kapcsolatban, k\u00e9rj\u00fck, vegye fel vel\u00fcnk a kapcsolatot:<\/p>\n\n\n\n<ul class=\"wp-block-list\">\n<li>E-mailben: info@vangelis-house.com<\/li>\n<\/ul>\n\n<\/div><\/div>\n<\/div>\n<\/div>","protected":false},"excerpt":{"rendered":"","protected":false},"author":1,"featured_media":0,"parent":0,"menu_order":0,"comment_status":"closed","ping_status":"closed","template":"","meta":{"footnotes":""},"class_list":["post-19172","page","type-page","status-publish"],"yoast_head":"<!-- This site is optimized with the Yoast SEO plugin v27.5 - https:\/\/yoast.com\/product\/yoast-seo-wordpress\/ -->\n<title>Adatkezel\u00e9si t\u00e1j\u00e9koztat\u00f3 - Vangelis-House<\/title>\n<meta name=\"robots\" content=\"index, follow, max-snippet:-1, max-image-preview:large, max-video-preview:-1\" \/>\n<link rel=\"canonical\" href=\"https:\/\/vangelis-house.com\/hu\/adatkezelesi-tajekoztato\/\" \/>\n<meta property=\"og:locale\" content=\"hu_HU\" \/>\n<meta property=\"og:type\" content=\"article\" \/>\n<meta property=\"og:title\" content=\"Adatkezel\u00e9si t\u00e1j\u00e9koztat\u00f3 - Vangelis-House\" \/>\n<meta property=\"og:url\" content=\"https:\/\/vangelis-house.com\/hu\/adatkezelesi-tajekoztato\/\" \/>\n<meta property=\"og:site_name\" content=\"Vangelis-House\" \/>\n<meta property=\"article:publisher\" content=\"https:\/\/facebook.com\/vangelishouse\" \/>\n<meta property=\"article:modified_time\" content=\"2025-11-08T12:49:33+00:00\" \/>\n<meta name=\"twitter:card\" content=\"summary_large_image\" \/>\n<meta name=\"twitter:site\" content=\"@vangelishouse\" \/>\n<meta name=\"twitter:label1\" content=\"Becs\u00fclt olvas\u00e1si id\u0151\" \/>\n\t<meta name=\"twitter:data1\" content=\"9 perc\" \/>\n<script type=\"application\/ld+json\" class=\"yoast-schema-graph\">{\"@context\":\"https:\\\/\\\/schema.org\",\"@graph\":[{\"@type\":\"WebPage\",\"@id\":\"https:\\\/\\\/vangelis-house.com\\\/hu\\\/adatkezelesi-tajekoztato\\\/\",\"url\":\"https:\\\/\\\/vangelis-house.com\\\/hu\\\/adatkezelesi-tajekoztato\\\/\",\"name\":\"Adatkezel\u00e9si t\u00e1j\u00e9koztat\u00f3 - Vangelis-House\",\"isPartOf\":{\"@id\":\"https:\\\/\\\/vangelis-house.com\\\/#website\"},\"datePublished\":\"2025-11-08T12:49:29+00:00\",\"dateModified\":\"2025-11-08T12:49:33+00:00\",\"breadcrumb\":{\"@id\":\"https:\\\/\\\/vangelis-house.com\\\/hu\\\/adatkezelesi-tajekoztato\\\/#breadcrumb\"},\"inLanguage\":\"hu\",\"potentialAction\":[{\"@type\":\"ReadAction\",\"target\":[\"https:\\\/\\\/vangelis-house.com\\\/hu\\\/adatkezelesi-tajekoztato\\\/\"]}]},{\"@type\":\"BreadcrumbList\",\"@id\":\"https:\\\/\\\/vangelis-house.com\\\/hu\\\/adatkezelesi-tajekoztato\\\/#breadcrumb\",\"itemListElement\":[{\"@type\":\"ListItem\",\"position\":1,\"name\":\"Home\",\"item\":\"https:\\\/\\\/vangelis-house.com\\\/hu\\\/\"},{\"@type\":\"ListItem\",\"position\":2,\"name\":\"Adatkezel\u00e9si t\u00e1j\u00e9koztat\u00f3\"}]},{\"@type\":\"WebSite\",\"@id\":\"https:\\\/\\\/vangelis-house.com\\\/#website\",\"url\":\"https:\\\/\\\/vangelis-house.com\\\/\",\"name\":\"Vangelis-House\",\"description\":\"Holiday Apartments in Olympic Beach\",\"publisher\":{\"@id\":\"https:\\\/\\\/vangelis-house.com\\\/#organization\"},\"potentialAction\":[{\"@type\":\"SearchAction\",\"target\":{\"@type\":\"EntryPoint\",\"urlTemplate\":\"https:\\\/\\\/vangelis-house.com\\\/?s={search_term_string}\"},\"query-input\":{\"@type\":\"PropertyValueSpecification\",\"valueRequired\":true,\"valueName\":\"search_term_string\"}}],\"inLanguage\":\"hu\"},{\"@type\":\"Organization\",\"@id\":\"https:\\\/\\\/vangelis-house.com\\\/#organization\",\"name\":\"Vangelis-House\",\"alternateName\":\"Holiday Apartments in Olympic Beach\",\"url\":\"https:\\\/\\\/vangelis-house.com\\\/\",\"logo\":{\"@type\":\"ImageObject\",\"inLanguage\":\"hu\",\"@id\":\"https:\\\/\\\/vangelis-house.com\\\/#\\\/schema\\\/logo\\\/image\\\/\",\"url\":\"https:\\\/\\\/vangelis-house.com\\\/wp-content\\\/uploads\\\/2024\\\/03\\\/vh_04_2024_logo.png\",\"contentUrl\":\"https:\\\/\\\/vangelis-house.com\\\/wp-content\\\/uploads\\\/2024\\\/03\\\/vh_04_2024_logo.png\",\"width\":1500,\"height\":600,\"caption\":\"Vangelis-House\"},\"image\":{\"@id\":\"https:\\\/\\\/vangelis-house.com\\\/#\\\/schema\\\/logo\\\/image\\\/\"},\"sameAs\":[\"https:\\\/\\\/facebook.com\\\/vangelishouse\",\"https:\\\/\\\/x.com\\\/vangelishouse\",\"https:\\\/\\\/instagram.com\\\/vangelishouse\",\"https:\\\/\\\/wa.me\\\/491775069348\"]}]}<\/script>\n<!-- \/ Yoast SEO plugin. -->","yoast_head_json":{"title":"Adatkezel\u00e9si t\u00e1j\u00e9koztat\u00f3 - Vangelis-House","robots":{"index":"index","follow":"follow","max-snippet":"max-snippet:-1","max-image-preview":"max-image-preview:large","max-video-preview":"max-video-preview:-1"},"canonical":"https:\/\/vangelis-house.com\/hu\/adatkezelesi-tajekoztato\/","og_locale":"hu_HU","og_type":"article","og_title":"Adatkezel\u00e9si t\u00e1j\u00e9koztat\u00f3 - Vangelis-House","og_url":"https:\/\/vangelis-house.com\/hu\/adatkezelesi-tajekoztato\/","og_site_name":"Vangelis-House","article_publisher":"https:\/\/facebook.com\/vangelishouse","article_modified_time":"2025-11-08T12:49:33+00:00","twitter_card":"summary_large_image","twitter_site":"@vangelishouse","twitter_misc":{"Becs\u00fclt olvas\u00e1si id\u0151":"9 perc"},"schema":{"@context":"https:\/\/schema.org","@graph":[{"@type":"WebPage","@id":"https:\/\/vangelis-house.com\/hu\/adatkezelesi-tajekoztato\/","url":"https:\/\/vangelis-house.com\/hu\/adatkezelesi-tajekoztato\/","name":"Adatkezel\u00e9si t\u00e1j\u00e9koztat\u00f3 - Vangelis-House","isPartOf":{"@id":"https:\/\/vangelis-house.com\/#website"},"datePublished":"2025-11-08T12:49:29+00:00","dateModified":"2025-11-08T12:49:33+00:00","breadcrumb":{"@id":"https:\/\/vangelis-house.com\/hu\/adatkezelesi-tajekoztato\/#breadcrumb"},"inLanguage":"hu","potentialAction":[{"@type":"ReadAction","target":["https:\/\/vangelis-house.com\/hu\/adatkezelesi-tajekoztato\/"]}]},{"@type":"BreadcrumbList","@id":"https:\/\/vangelis-house.com\/hu\/adatkezelesi-tajekoztato\/#breadcrumb","itemListElement":[{"@type":"ListItem","position":1,"name":"Home","item":"https:\/\/vangelis-house.com\/hu\/"},{"@type":"ListItem","position":2,"name":"Adatkezel\u00e9si t\u00e1j\u00e9koztat\u00f3"}]},{"@type":"WebSite","@id":"https:\/\/vangelis-house.com\/#website","url":"https:\/\/vangelis-house.com\/","name":"Vangelis-House","description":"Holiday Apartments in Olympic Beach","publisher":{"@id":"https:\/\/vangelis-house.com\/#organization"},"potentialAction":[{"@type":"SearchAction","target":{"@type":"EntryPoint","urlTemplate":"https:\/\/vangelis-house.com\/?s={search_term_string}"},"query-input":{"@type":"PropertyValueSpecification","valueRequired":true,"valueName":"search_term_string"}}],"inLanguage":"hu"},{"@type":"Organization","@id":"https:\/\/vangelis-house.com\/#organization","name":"Vangelis-House","alternateName":"Holiday Apartments in Olympic Beach","url":"https:\/\/vangelis-house.com\/","logo":{"@type":"ImageObject","inLanguage":"hu","@id":"https:\/\/vangelis-house.com\/#\/schema\/logo\/image\/","url":"https:\/\/vangelis-house.com\/wp-content\/uploads\/2024\/03\/vh_04_2024_logo.png","contentUrl":"https:\/\/vangelis-house.com\/wp-content\/uploads\/2024\/03\/vh_04_2024_logo.png","width":1500,"height":600,"caption":"Vangelis-House"},"image":{"@id":"https:\/\/vangelis-house.com\/#\/schema\/logo\/image\/"},"sameAs":["https:\/\/facebook.com\/vangelishouse","https:\/\/x.com\/vangelishouse","https:\/\/instagram.com\/vangelishouse","https:\/\/wa.me\/491775069348"]}]}},"jetpack_sharing_enabled":true,"_links":{"self":[{"href":"https:\/\/vangelis-house.com\/hu\/wp-json\/wp\/v2\/pages\/19172","targetHints":{"allow":["GET"]}}],"collection":[{"href":"https:\/\/vangelis-house.com\/hu\/wp-json\/wp\/v2\/pages"}],"about":[{"href":"https:\/\/vangelis-house.com\/hu\/wp-json\/wp\/v2\/types\/page"}],"author":[{"embeddable":true,"href":"https:\/\/vangelis-house.com\/hu\/wp-json\/wp\/v2\/users\/1"}],"replies":[{"embeddable":true,"href":"https:\/\/vangelis-house.com\/hu\/wp-json\/wp\/v2\/comments?post=19172"}],"version-history":[{"count":0,"href":"https:\/\/vangelis-house.com\/hu\/wp-json\/wp\/v2\/pages\/19172\/revisions"}],"wp:attachment":[{"href":"https:\/\/vangelis-house.com\/hu\/wp-json\/wp\/v2\/media?parent=19172"}],"curies":[{"name":"wp","href":"https:\/\/api.w.org\/{rel}","templated":true}]}}