{"id":19122,"date":"2025-11-08T13:10:09","date_gmt":"2025-11-08T11:10:09","guid":{"rendered":"https:\/\/vangelis-house.com\/rolunk\/"},"modified":"2025-11-08T19:17:18","modified_gmt":"2025-11-08T17:17:18","slug":"rolunk","status":"publish","type":"page","link":"https:\/\/vangelis-house.com\/hu\/rolunk\/","title":{"rendered":"R\u00f3lunk"},"content":{"rendered":"<div class=\"gb-container gb-container-78b37af1 alignfull\">\n<div class=\"gb-grid-wrapper gb-grid-wrapper-a3e84618\">\n<div class=\"gb-grid-column gb-grid-column-1e1d252e\"><div class=\"gb-container gb-container-1e1d252e\">\n\n<div class=\"wp-block-cover alignfull is-light has-parallax\" style=\"min-height:600px;aspect-ratio:unset;\"><div class=\"wp-block-cover__image-background wp-image-3672 has-parallax\" style=\"background-position:50% 50%;background-image:url(https:\/\/vangelis-house.com\/wp-content\/uploads\/2019\/06\/Vangelis-House-09.jpg)\"><\/div><span aria-hidden=\"true\" class=\"wp-block-cover__background has-background-dim\"><\/span><div class=\"wp-block-cover__inner-container is-layout-flow wp-block-cover-is-layout-flow\">\n<p class=\"has-text-align-center has-text-color has-large-font-size\" style=\"color:#b7b4b4\"><\/p>\n<\/div><\/div>\n\n<\/div><\/div>\n<\/div>\n<\/div><div class=\"gb-container gb-container-c4eb341f alignfull\">\n<div class=\"gb-grid-wrapper gb-grid-wrapper-fc03d2ea\">\n<div class=\"gb-grid-column gb-grid-column-da798bcf\"><div class=\"gb-container gb-container-da798bcf\">\n\n<h2 class=\"wp-block-heading has-text-align-center\">R\u00f3lunk<\/h2>\n\n\n\n<hr class=\"wp-block-separator has-alpha-channel-opacity is-style-dots\"\/>\n\n\n\n<p>Az 1980-as \u00e9vekben sz\u00fcleim, Vangelis \u00e9s Galini sz\u00edvvel nyitott\u00e1k meg a Vangelis-House-t. <br\/><br\/>L\u00e9trehoztak egy vend\u00e9gl\u00e1t\u00f3helyet, egy h\u00e1zat, ahol az emberek mindenhonnan \u00fagy \u00e9rzik, hogy nagyon j\u00f3l t\u00f6r\u0151dnek vel\u00fck.<br\/><br\/>A mai napig arra t\u00f6reksz\u00fcnk, hogy minden vend\u00e9gnek p\u00e1ratlan tart\u00f3zkod\u00e1st k\u00edn\u00e1ljunk, \u00e9s a lehet\u0151 leggondosabban figyelj\u00fcnk r\u00e1juk.<br\/><br\/>Csod\u00e1latos tart\u00f3zkod\u00e1st \u00e9s sok sz\u00e9p Vangelis-H\u00e1z pillanatot k\u00edv\u00e1nunk!<br\/><br\/>Eml\u00e9kezetb\u0151l \u00e9s \u00f6r\u00f6k szeretetb\u0151l Vangelishez.<\/p>\n\n<\/div><\/div>\n<\/div>\n<\/div><div class=\"gb-container gb-container-c5b81adc alignfull\">\n<div class=\"gb-grid-wrapper gb-grid-wrapper-37c0a239\">\n<div class=\"gb-grid-column gb-grid-column-02bb57b7\"><div class=\"gb-container gb-container-02bb57b7\">\n\n<h2 class=\"wp-block-heading has-text-align-center\">El\u00e9rhet\u0151s\u00e9gei<\/h2>\n\n\n\n<hr class=\"wp-block-separator has-alpha-channel-opacity is-style-dots\"\/>\n\n\n\n<p> Nikolaos Domotsoglou<\/p>\n\n\n\n<p class=\"has-text-align-left\"><a href=\"https:\/\/goo.gl\/maps\/1JkJofPVetq\"><i class=\"fa fa-map\"><\/i> Ermou 1 | Olympic Beach | 60100 Katerini | G\u00f6r\u00f6gorsz\u00e1g<\/a><\/p>\n\n\n\n<p class=\"has-text-align-left\"><a href=\"tel:+302351062156\"><i class=\"fa-solid fa-phone\"><\/i>  +30 23510 62156<\/a><\/p>\n\n\n\n<p class=\"has-text-align-left\"><a href=\"mailto:info@vangelis-house.com\"><i class=\"fa-solid fa-envelope\"><\/i> info@vangelis-house.com<\/a><\/p>\n\n<\/div><\/div>\n<\/div>\n<\/div><div class=\"gb-container gb-container-69b78b7a alignfull\">\n<div class=\"gb-grid-wrapper gb-grid-wrapper-f3de1713\">\n<div class=\"gb-grid-column gb-grid-column-89e9728d\"><div class=\"gb-container gb-container-89e9728d\">\n\n<h2 class=\"wp-block-heading has-text-align-center\">Tudakoz\u00f3d\u00e1s<\/h2>\n\n\n\n<hr class=\"wp-block-separator has-alpha-channel-opacity is-style-dots\"\/>\n\n\n\n<div class=\"wpcf7 no-js\" id=\"wpcf7-f11970-o1\" lang=\"hu-HU\" dir=\"ltr\" data-wpcf7-id=\"11970\">\n<div class=\"screen-reader-response\"><p role=\"status\" aria-live=\"polite\" aria-atomic=\"true\"><\/p> <ul><\/ul><\/div>\n<form action=\"\/hu\/wp-json\/wp\/v2\/pages\/19122#wpcf7-f11970-o1\" method=\"post\" class=\"wpcf7-form init\" aria-label=\"Kapcsolatfelv\u00e9teli \u0171rlap\" novalidate=\"novalidate\" data-status=\"init\">\n<fieldset class=\"hidden-fields-container\"><input type=\"hidden\" name=\"_wpcf7\" value=\"11970\" \/><input type=\"hidden\" name=\"_wpcf7_version\" value=\"6.1.5\" \/><input type=\"hidden\" name=\"_wpcf7_locale\" value=\"hu_HU\" \/><input type=\"hidden\" name=\"_wpcf7_unit_tag\" value=\"wpcf7-f11970-o1\" \/><input type=\"hidden\" name=\"_wpcf7_container_post\" value=\"0\" \/><input type=\"hidden\" name=\"_wpcf7_posted_data_hash\" value=\"\" \/>\n<\/fieldset>\n<p><label> A neved (k\u00f6telez\u0151)<br \/>\n<span class=\"wpcf7-form-control-wrap\" data-name=\"your-name\"><input size=\"40\" maxlength=\"400\" class=\"wpcf7-form-control wpcf7-text wpcf7-validates-as-required\" aria-required=\"true\" aria-invalid=\"false\" value=\"\" type=\"text\" name=\"your-name\" \/><\/span> <\/label>\n<\/p>\n<p><label> Az \u00f6n e-mailje (k\u00f6telez\u0151)<br \/>\n<span class=\"wpcf7-form-control-wrap\" data-name=\"your-email\"><input size=\"40\" maxlength=\"400\" class=\"wpcf7-form-control wpcf7-email wpcf7-validates-as-required wpcf7-text wpcf7-validates-as-email\" aria-required=\"true\" aria-invalid=\"false\" value=\"\" type=\"email\" name=\"your-email\" \/><\/span> <\/label>\n<\/p>\n<p><label> Tekintet<br \/>\n<span class=\"wpcf7-form-control-wrap\" data-name=\"your-subject\"><input size=\"40\" maxlength=\"400\" class=\"wpcf7-form-control wpcf7-text\" aria-invalid=\"false\" value=\"\" type=\"text\" name=\"your-subject\" \/><\/span> <\/label>\n<\/p>\n<p><label> Az \u00fczenet<br \/>\n<span class=\"wpcf7-form-control-wrap\" data-name=\"your-message\"><textarea cols=\"40\" rows=\"10\" maxlength=\"2000\" class=\"wpcf7-form-control wpcf7-textarea\" aria-invalid=\"false\" name=\"your-message\"><\/textarea><\/span> <\/label>\n<\/p>\n<p><span class=\"wpcf7-form-control-wrap\" data-name=\"hcap-cf7\">\t\t<input\n\t\t\t\ttype=\"hidden\"\n\t\t\t\tclass=\"hcaptcha-widget-id\"\n\t\t\t\tname=\"hcaptcha-widget-id\"\n\t\t\t\tvalue=\"eyJzb3VyY2UiOlsiY29udGFjdC1mb3JtLTdcL3dwLWNvbnRhY3QtZm9ybS03LnBocCJdLCJmb3JtX2lkIjoxMTk2N30=-2cc6dd410dc171d44d1798d43a0ebff4\">\n\t\t\t\t<span id=\"hcap_cf7-6a046adb260f20.09006809\" class=\"wpcf7-form-control h-captcha \"\n\t\t\tdata-sitekey=\"9d68cc78-079a-4180-aaae-731a4508392c\"\n\t\t\tdata-theme=\"light\"\n\t\t\tdata-size=\"normal\"\n\t\t\tdata-auto=\"false\"\n\t\t\tdata-ajax=\"false\"\n\t\t\tdata-force=\"false\">\n\t\t<\/span>\n\t\t<input type=\"hidden\" id=\"_wpnonce\" name=\"_wpnonce\" value=\"2c13677d9e\" \/><input type=\"hidden\" name=\"_wp_http_referer\" value=\"\/hu\/wp-json\/wp\/v2\/pages\/19122\" \/>\t\t<label for=\"hcap_hp_uXdRuns0hzsB\"><\/label>\n\t\t<input\n\t\t\t\ttype=\"text\" id=\"hcap_hp_uXdRuns0hzsB\" name=\"hcap_hp_uXdRuns0hzsB\" value=\"\"\n\t\t\t\treadonly inputmode=\"none\" autocomplete=\"new-password\" tabindex=\"-1\" aria-hidden=\"true\"\n\t\t\t\tstyle=\"position:absolute; left:-9999px; top:auto; height:0; width:0; opacity:0;\"\/>\n\t\t<input type=\"hidden\" name=\"hcap_hp_sig\" value=\"dea3bf316f\"\/>\n\t\t<\/span><input class=\"wpcf7-form-control wpcf7-submit has-spinner\" type=\"submit\" value=\"K\u00fcld\u00e9s\" \/>\n<\/p><div class=\"wpcf7-response-output\" aria-hidden=\"true\"><\/div>\n<\/form>\n<\/div>\n\n\n<\/div><\/div>\n<\/div>\n<\/div>","protected":false},"excerpt":{"rendered":"","protected":false},"author":1,"featured_media":0,"parent":0,"menu_order":0,"comment_status":"closed","ping_status":"closed","template":"","meta":{"footnotes":""},"class_list":["post-19122","page","type-page","status-publish"],"yoast_head":"<!-- This site is optimized with the Yoast SEO plugin v27.5 - https:\/\/yoast.com\/product\/yoast-seo-wordpress\/ -->\n<title>R\u00f3lunk - Vangelis-House<\/title>\n<meta name=\"robots\" content=\"index, follow, max-snippet:-1, max-image-preview:large, max-video-preview:-1\" \/>\n<link rel=\"canonical\" href=\"https:\/\/vangelis-house.com\/hu\/rolunk\/\" \/>\n<meta property=\"og:locale\" content=\"hu_HU\" \/>\n<meta property=\"og:type\" content=\"article\" \/>\n<meta property=\"og:title\" content=\"R\u00f3lunk - Vangelis-House\" \/>\n<meta property=\"og:url\" content=\"https:\/\/vangelis-house.com\/hu\/rolunk\/\" \/>\n<meta property=\"og:site_name\" content=\"Vangelis-House\" \/>\n<meta property=\"article:publisher\" content=\"https:\/\/facebook.com\/vangelishouse\" \/>\n<meta property=\"article:modified_time\" content=\"2025-11-08T17:17:18+00:00\" \/>\n<meta name=\"twitter:card\" content=\"summary_large_image\" \/>\n<meta name=\"twitter:site\" content=\"@vangelishouse\" \/>\n<meta name=\"twitter:label1\" content=\"Becs\u00fclt olvas\u00e1si id\u0151\" \/>\n\t<meta name=\"twitter:data1\" content=\"1 perc\" \/>\n<script type=\"application\/ld+json\" class=\"yoast-schema-graph\">{\"@context\":\"https:\\\/\\\/schema.org\",\"@graph\":[{\"@type\":\"WebPage\",\"@id\":\"https:\\\/\\\/vangelis-house.com\\\/hu\\\/rolunk\\\/\",\"url\":\"https:\\\/\\\/vangelis-house.com\\\/hu\\\/rolunk\\\/\",\"name\":\"R\u00f3lunk - Vangelis-House\",\"isPartOf\":{\"@id\":\"https:\\\/\\\/vangelis-house.com\\\/#website\"},\"datePublished\":\"2025-11-08T11:10:09+00:00\",\"dateModified\":\"2025-11-08T17:17:18+00:00\",\"breadcrumb\":{\"@id\":\"https:\\\/\\\/vangelis-house.com\\\/hu\\\/rolunk\\\/#breadcrumb\"},\"inLanguage\":\"hu\",\"potentialAction\":[{\"@type\":\"ReadAction\",\"target\":[\"https:\\\/\\\/vangelis-house.com\\\/hu\\\/rolunk\\\/\"]}]},{\"@type\":\"BreadcrumbList\",\"@id\":\"https:\\\/\\\/vangelis-house.com\\\/hu\\\/rolunk\\\/#breadcrumb\",\"itemListElement\":[{\"@type\":\"ListItem\",\"position\":1,\"name\":\"Home\",\"item\":\"https:\\\/\\\/vangelis-house.com\\\/hu\\\/\"},{\"@type\":\"ListItem\",\"position\":2,\"name\":\"R\u00f3lunk\"}]},{\"@type\":\"WebSite\",\"@id\":\"https:\\\/\\\/vangelis-house.com\\\/#website\",\"url\":\"https:\\\/\\\/vangelis-house.com\\\/\",\"name\":\"Vangelis-House\",\"description\":\"Holiday Apartments in Olympic Beach\",\"publisher\":{\"@id\":\"https:\\\/\\\/vangelis-house.com\\\/#organization\"},\"potentialAction\":[{\"@type\":\"SearchAction\",\"target\":{\"@type\":\"EntryPoint\",\"urlTemplate\":\"https:\\\/\\\/vangelis-house.com\\\/?s={search_term_string}\"},\"query-input\":{\"@type\":\"PropertyValueSpecification\",\"valueRequired\":true,\"valueName\":\"search_term_string\"}}],\"inLanguage\":\"hu\"},{\"@type\":\"Organization\",\"@id\":\"https:\\\/\\\/vangelis-house.com\\\/#organization\",\"name\":\"Vangelis-House\",\"alternateName\":\"Holiday Apartments in Olympic Beach\",\"url\":\"https:\\\/\\\/vangelis-house.com\\\/\",\"logo\":{\"@type\":\"ImageObject\",\"inLanguage\":\"hu\",\"@id\":\"https:\\\/\\\/vangelis-house.com\\\/#\\\/schema\\\/logo\\\/image\\\/\",\"url\":\"https:\\\/\\\/vangelis-house.com\\\/wp-content\\\/uploads\\\/2024\\\/03\\\/vh_04_2024_logo.png\",\"contentUrl\":\"https:\\\/\\\/vangelis-house.com\\\/wp-content\\\/uploads\\\/2024\\\/03\\\/vh_04_2024_logo.png\",\"width\":1500,\"height\":600,\"caption\":\"Vangelis-House\"},\"image\":{\"@id\":\"https:\\\/\\\/vangelis-house.com\\\/#\\\/schema\\\/logo\\\/image\\\/\"},\"sameAs\":[\"https:\\\/\\\/facebook.com\\\/vangelishouse\",\"https:\\\/\\\/x.com\\\/vangelishouse\",\"https:\\\/\\\/instagram.com\\\/vangelishouse\",\"https:\\\/\\\/wa.me\\\/491775069348\"]}]}<\/script>\n<!-- \/ Yoast SEO plugin. -->","yoast_head_json":{"title":"R\u00f3lunk - Vangelis-House","robots":{"index":"index","follow":"follow","max-snippet":"max-snippet:-1","max-image-preview":"max-image-preview:large","max-video-preview":"max-video-preview:-1"},"canonical":"https:\/\/vangelis-house.com\/hu\/rolunk\/","og_locale":"hu_HU","og_type":"article","og_title":"R\u00f3lunk - Vangelis-House","og_url":"https:\/\/vangelis-house.com\/hu\/rolunk\/","og_site_name":"Vangelis-House","article_publisher":"https:\/\/facebook.com\/vangelishouse","article_modified_time":"2025-11-08T17:17:18+00:00","twitter_card":"summary_large_image","twitter_site":"@vangelishouse","twitter_misc":{"Becs\u00fclt olvas\u00e1si id\u0151":"1 perc"},"schema":{"@context":"https:\/\/schema.org","@graph":[{"@type":"WebPage","@id":"https:\/\/vangelis-house.com\/hu\/rolunk\/","url":"https:\/\/vangelis-house.com\/hu\/rolunk\/","name":"R\u00f3lunk - Vangelis-House","isPartOf":{"@id":"https:\/\/vangelis-house.com\/#website"},"datePublished":"2025-11-08T11:10:09+00:00","dateModified":"2025-11-08T17:17:18+00:00","breadcrumb":{"@id":"https:\/\/vangelis-house.com\/hu\/rolunk\/#breadcrumb"},"inLanguage":"hu","potentialAction":[{"@type":"ReadAction","target":["https:\/\/vangelis-house.com\/hu\/rolunk\/"]}]},{"@type":"BreadcrumbList","@id":"https:\/\/vangelis-house.com\/hu\/rolunk\/#breadcrumb","itemListElement":[{"@type":"ListItem","position":1,"name":"Home","item":"https:\/\/vangelis-house.com\/hu\/"},{"@type":"ListItem","position":2,"name":"R\u00f3lunk"}]},{"@type":"WebSite","@id":"https:\/\/vangelis-house.com\/#website","url":"https:\/\/vangelis-house.com\/","name":"Vangelis-House","description":"Holiday Apartments in Olympic Beach","publisher":{"@id":"https:\/\/vangelis-house.com\/#organization"},"potentialAction":[{"@type":"SearchAction","target":{"@type":"EntryPoint","urlTemplate":"https:\/\/vangelis-house.com\/?s={search_term_string}"},"query-input":{"@type":"PropertyValueSpecification","valueRequired":true,"valueName":"search_term_string"}}],"inLanguage":"hu"},{"@type":"Organization","@id":"https:\/\/vangelis-house.com\/#organization","name":"Vangelis-House","alternateName":"Holiday Apartments in Olympic Beach","url":"https:\/\/vangelis-house.com\/","logo":{"@type":"ImageObject","inLanguage":"hu","@id":"https:\/\/vangelis-house.com\/#\/schema\/logo\/image\/","url":"https:\/\/vangelis-house.com\/wp-content\/uploads\/2024\/03\/vh_04_2024_logo.png","contentUrl":"https:\/\/vangelis-house.com\/wp-content\/uploads\/2024\/03\/vh_04_2024_logo.png","width":1500,"height":600,"caption":"Vangelis-House"},"image":{"@id":"https:\/\/vangelis-house.com\/#\/schema\/logo\/image\/"},"sameAs":["https:\/\/facebook.com\/vangelishouse","https:\/\/x.com\/vangelishouse","https:\/\/instagram.com\/vangelishouse","https:\/\/wa.me\/491775069348"]}]}},"jetpack_sharing_enabled":true,"_links":{"self":[{"href":"https:\/\/vangelis-house.com\/hu\/wp-json\/wp\/v2\/pages\/19122","targetHints":{"allow":["GET"]}}],"collection":[{"href":"https:\/\/vangelis-house.com\/hu\/wp-json\/wp\/v2\/pages"}],"about":[{"href":"https:\/\/vangelis-house.com\/hu\/wp-json\/wp\/v2\/types\/page"}],"author":[{"embeddable":true,"href":"https:\/\/vangelis-house.com\/hu\/wp-json\/wp\/v2\/users\/1"}],"replies":[{"embeddable":true,"href":"https:\/\/vangelis-house.com\/hu\/wp-json\/wp\/v2\/comments?post=19122"}],"version-history":[{"count":0,"href":"https:\/\/vangelis-house.com\/hu\/wp-json\/wp\/v2\/pages\/19122\/revisions"}],"wp:attachment":[{"href":"https:\/\/vangelis-house.com\/hu\/wp-json\/wp\/v2\/media?parent=19122"}],"curies":[{"name":"wp","href":"https:\/\/api.w.org\/{rel}","templated":true}]}}