{"id":19095,"date":"2025-11-08T12:49:16","date_gmt":"2025-11-08T10:49:16","guid":{"rendered":"https:\/\/vangelis-house.com\/elhelyezkedes\/"},"modified":"2025-11-08T12:56:20","modified_gmt":"2025-11-08T10:56:20","slug":"elhelyezkedes","status":"publish","type":"page","link":"https:\/\/vangelis-house.com\/hu\/elhelyezkedes\/","title":{"rendered":"Elhelyezked\u00e9s"},"content":{"rendered":"<div class=\"gb-container gb-container-bf140469 alignfull\">\n<div class=\"gb-grid-wrapper gb-grid-wrapper-1deb3739\">\n<div class=\"gb-grid-column gb-grid-column-a1bd1789\"><div class=\"gb-container gb-container-a1bd1789\">\n\n<div class=\"wp-block-cover is-light has-parallax\" style=\"min-height:600px;aspect-ratio:unset;\"><div class=\"wp-block-cover__image-background wp-image-1660 has-parallax\" style=\"background-position:50% 50%;background-image:url(https:\/\/vangelis-house.com\/wp-content\/uploads\/2019\/03\/Olympic-Beach_Sunrise.jpg)\"><\/div><span aria-hidden=\"true\" class=\"wp-block-cover__background has-background-dim\"><\/span><div class=\"wp-block-cover__inner-container is-layout-flow wp-block-cover-is-layout-flow\">\n<p class=\"has-text-align-center has-text-color has-large-font-size\" style=\"color:#b7b4b4\"><\/p>\n<\/div><\/div>\n\n<\/div><\/div>\n<\/div>\n<\/div><div class=\"gb-container gb-container-439493e6 alignfull\">\n<div class=\"gb-grid-wrapper gb-grid-wrapper-e5d89cd0\">\n<div class=\"gb-grid-column gb-grid-column-7debb09b\"><div class=\"gb-container gb-container-7debb09b\">\n\n<h2 class=\"wp-block-heading has-text-align-center\">Az Olympic Beach<\/h2>\n\n\n\n<hr class=\"wp-block-separator has-alpha-channel-opacity is-style-dots\"\/>\n\n\n\n<p class=\"has-text-align-center\">A hely Olympic Beach (g\u00f6r\u00f6g: Olympiaki Akti) van, annak ellen\u00e9re, hogy a t\u00e1vols\u00e1g k\u00f6r\u00fclbel\u00fcl 7 kilom\u00e9ter k\u00f6zigazgat\u00e1silag a ker\u00fclet, Katerini, amely egyben a f\u0151v\u00e1ros \u00c9szak-G\u00f6r\u00f6gorsz\u00e1g a Pieria prefekt\u00fara. Olympic Beach lakoss\u00e1ga k\u00f6r\u00fclbel\u00fcl 400 lakossal eg\u00e9sz \u00e9vben, de a ny\u00e1ri h\u00f3napokban azt is fel\u00fclm\u00falta a turist\u00e1kat minden \u00e9vben. Annak ellen\u00e9re, hogy a nagy turisztikai k\u00f6tet egy id\u0151ben nem zs\u00fafolt, \u00e9s zs\u00fafolt, amelyet nagyr\u00e9szt a v\u00e1rosi rendeletek Katerini v\u00e1rosa. Sz\u00e1mos nyitott terek, j\u00e1tsz\u00f3terek, egy nagy templom, a focip\u00e1lya \u00e9s kos\u00e1rlabdap\u00e1lya laz\u00edtani az \u00e9p\u00fcletek. Ezen t\u00falmen\u0151en az \u00fajonnan kialak\u00edtott gyalogos z\u00f3na, a strand ter\u00fclet\u00e9n, a z\u00f6ld Park a tekinteteket. A parti s\u00e9t\u00e1nyon, a sz\u00e9les, \u00e9s a megvil\u00e1g\u00edtott gyalogos \u00e9s ker\u00e9kp\u00e1r\u00fat megh\u00edvja \u00d6nt v\u00e9gtelen s\u00e9t\u00e1kat. Annak ellen\u00e9re, hogy sz\u00e1mos \u00fajratervez az infrastrukt\u00fara, a v\u00e1ros tov\u00e1bbra is jav\u00edtani kell. \u00cdgy a forgalmi viszonyok tov\u00e1bb javult, \u00e9s a hely tervezte csal\u00e1dbar\u00e1t j\u00e1rd\u00e1k. Amellett, hogy sz\u00e1mos \u00e1ruh\u00e1zak, amit nyit valameddig 18 \u00f3ra-hoz ell\u00e1t r\u00e9sz\u00e9re minden napi sz\u00fcks\u00e9gleteit a ny\u00e1ri h\u00f3napokban, az \u00fcd\u00fcl\u0151hely sz\u00e1mos v\u00e1s\u00e1rl\u00e1si lehet\u0151s\u00e9g, p\u00e9ks\u00e9g, sz\u00e1mos k\u00e1v\u00e9z\u00f3k, klubok, \u00e9s sz\u00e1mos \u00e9tterem, snack b\u00e1r \u00e9s taverna tal\u00e1lhat\u00f3, ahol minden a kulin\u00e1ris \u00e9lvezetek, G\u00f6r\u00f6gorsz\u00e1g vezet a men\u00fck.<\/p>\n\n<\/div><\/div>\n<\/div>\n<\/div><div class=\"gb-container gb-container-4f110add alignfull\">\n<div class=\"gb-grid-wrapper gb-grid-wrapper-901463b5\">\n<div class=\"gb-grid-column gb-grid-column-28d2d529\"><div class=\"gb-container gb-container-28d2d529\">\n\n<h2 class=\"wp-block-heading has-text-align-center\">L\u00e9gifelv\u00e9tel<\/h2>\n\n\n\n<hr class=\"wp-block-separator has-alpha-channel-opacity is-style-dots\"\/>\n\n\n\n<figure class=\"wp-block-video\"><video height=\"1080\" style=\"aspect-ratio: 1920 \/ 1080;\" width=\"1920\" autoplay=\"\" controls=\"\" loop=\"\" muted=\"\" src=\"https:\/\/vangelis-house.com\/wp-content\/uploads\/2025\/10\/vangelis-house_2025_1.mp4\" playsinline=\"\"><\/video><\/figure>\n\n<\/div><\/div>\n<\/div>\n<\/div><div class=\"gb-container gb-container-25b04602 alignfull\">\n<div class=\"gb-grid-wrapper gb-grid-wrapper-0e4d99d2\">\n<div class=\"gb-grid-column gb-grid-column-48c9d97d\"><div class=\"gb-container gb-container-48c9d97d\">\n\n<h2 class=\"wp-block-heading has-text-align-center\">T\u00e9rk\u00e9p<\/h2>\n\n\n\n<hr class=\"wp-block-separator has-alpha-channel-opacity is-style-dots\"\/>\n\n\n<div id=\"wpgmza_map\" class=\"wpgmza_map\" data-settings='{\"id\":\"1\",\"map_title\":\"Vangelis-House\",\"map_width\":\"100\",\"map_height\":\"500\",\"map_start_lat\":\"40.240331\",\"map_start_lng\":\"22.588760\",\"map_start_location\":\"40.240331,22.58875999999998\",\"map_start_zoom\":\"15\",\"default_marker\":\"0\",\"type\":\"1\",\"alignment\":\"1\",\"directions_enabled\":\"1\",\"styling_enabled\":\"0\",\"styling_json\":\"\",\"active\":\"0\",\"kml\":\"\",\"bicycle\":\"0\",\"traffic\":\"0\",\"dbox\":\"1\",\"dbox_width\":\"100\",\"listmarkers\":\"0\",\"listmarkers_advanced\":\"0\",\"filterbycat\":\"0\",\"ugm_enabled\":\"0\",\"ugm_category_enabled\":\"0\",\"fusion\":\"\",\"map_width_type\":\"\\\\%\",\"map_height_type\":\"px\",\"mass_marker_support\":\"1\",\"ugm_access\":\"0\",\"order_markers_by\":\"1\",\"order_markers_choice\":\"2\",\"show_user_location\":\"0\",\"default_to\":\"\",\"other_settings\":{\"store_locator_enabled\":2,\"store_locator_distance\":2,\"store_locator_default_radius\":\"10\",\"store_locator_not_found_message\":\"No results found in this location. Please try again.\",\"store_locator_bounce\":1,\"store_locator_query_string\":\"ZIP \\\/ Address:\",\"store_locator_default_address\":\"\",\"wpgmza_store_locator_restrict\":\"\",\"store_locator_style\":\"modern\",\"wpgmza_store_locator_radius_style\":\"modern\",\"map_max_zoom\":\"1\",\"transport_layer\":0,\"wpgmza_theme_data\":\"[ \\\\\\\"visibility\\\\\\\", \\\\\\\"invert_lightness\\\\\\\", \\\\\\\"color\\\\\\\", \\\\\\\"weight\\\\\\\", \\\\\\\"hue\\\\\\\", \\\\\\\"saturation\\\\\\\", \\\\\\\"lightness\\\\\\\", \\\\\\\"gamma\\\\\\\"]\",\"wpgmza_theme_selection\":0,\"wpgmza_show_points_of_interest\":1}}' data-map-id='1' Data-maps-engine='google-maps' data-shortcode-attributes='{\"id\":\"1\"}' style=\"display:block; overflow:auto; width:100%; height:500px; float:left;\"><\/div>\n\n<\/div><\/div>\n<\/div>\n<\/div>","protected":false},"excerpt":{"rendered":"","protected":false},"author":1,"featured_media":0,"parent":0,"menu_order":0,"comment_status":"closed","ping_status":"closed","template":"","meta":{"footnotes":""},"class_list":["post-19095","page","type-page","status-publish"],"yoast_head":"<!-- This site is optimized with the Yoast SEO plugin v27.5 - https:\/\/yoast.com\/product\/yoast-seo-wordpress\/ -->\n<title>Elhelyezked\u00e9s - Vangelis-House<\/title>\n<meta name=\"robots\" content=\"index, follow, max-snippet:-1, max-image-preview:large, max-video-preview:-1\" \/>\n<link rel=\"canonical\" href=\"https:\/\/vangelis-house.com\/hu\/elhelyezkedes\/\" \/>\n<meta property=\"og:locale\" content=\"hu_HU\" \/>\n<meta property=\"og:type\" content=\"article\" \/>\n<meta property=\"og:title\" content=\"Elhelyezked\u00e9s - Vangelis-House\" \/>\n<meta property=\"og:url\" content=\"https:\/\/vangelis-house.com\/hu\/elhelyezkedes\/\" \/>\n<meta property=\"og:site_name\" content=\"Vangelis-House\" \/>\n<meta property=\"article:publisher\" content=\"https:\/\/facebook.com\/vangelishouse\" \/>\n<meta property=\"article:modified_time\" content=\"2025-11-08T10:56:20+00:00\" \/>\n<meta name=\"twitter:card\" content=\"summary_large_image\" \/>\n<meta name=\"twitter:site\" content=\"@vangelishouse\" \/>\n<meta name=\"twitter:label1\" content=\"Becs\u00fclt olvas\u00e1si id\u0151\" \/>\n\t<meta name=\"twitter:data1\" content=\"1 perc\" \/>\n<script type=\"application\/ld+json\" class=\"yoast-schema-graph\">{\"@context\":\"https:\\\/\\\/schema.org\",\"@graph\":[{\"@type\":\"WebPage\",\"@id\":\"https:\\\/\\\/vangelis-house.com\\\/hu\\\/elhelyezkedes\\\/\",\"url\":\"https:\\\/\\\/vangelis-house.com\\\/hu\\\/elhelyezkedes\\\/\",\"name\":\"Elhelyezked\u00e9s - Vangelis-House\",\"isPartOf\":{\"@id\":\"https:\\\/\\\/vangelis-house.com\\\/#website\"},\"datePublished\":\"2025-11-08T10:49:16+00:00\",\"dateModified\":\"2025-11-08T10:56:20+00:00\",\"breadcrumb\":{\"@id\":\"https:\\\/\\\/vangelis-house.com\\\/hu\\\/elhelyezkedes\\\/#breadcrumb\"},\"inLanguage\":\"hu\",\"potentialAction\":[{\"@type\":\"ReadAction\",\"target\":[\"https:\\\/\\\/vangelis-house.com\\\/hu\\\/elhelyezkedes\\\/\"]}]},{\"@type\":\"BreadcrumbList\",\"@id\":\"https:\\\/\\\/vangelis-house.com\\\/hu\\\/elhelyezkedes\\\/#breadcrumb\",\"itemListElement\":[{\"@type\":\"ListItem\",\"position\":1,\"name\":\"Home\",\"item\":\"https:\\\/\\\/vangelis-house.com\\\/hu\\\/\"},{\"@type\":\"ListItem\",\"position\":2,\"name\":\"Elhelyezked\u00e9s\"}]},{\"@type\":\"WebSite\",\"@id\":\"https:\\\/\\\/vangelis-house.com\\\/#website\",\"url\":\"https:\\\/\\\/vangelis-house.com\\\/\",\"name\":\"Vangelis-House\",\"description\":\"Holiday Apartments in Olympic Beach\",\"publisher\":{\"@id\":\"https:\\\/\\\/vangelis-house.com\\\/#organization\"},\"potentialAction\":[{\"@type\":\"SearchAction\",\"target\":{\"@type\":\"EntryPoint\",\"urlTemplate\":\"https:\\\/\\\/vangelis-house.com\\\/?s={search_term_string}\"},\"query-input\":{\"@type\":\"PropertyValueSpecification\",\"valueRequired\":true,\"valueName\":\"search_term_string\"}}],\"inLanguage\":\"hu\"},{\"@type\":\"Organization\",\"@id\":\"https:\\\/\\\/vangelis-house.com\\\/#organization\",\"name\":\"Vangelis-House\",\"alternateName\":\"Holiday Apartments in Olympic Beach\",\"url\":\"https:\\\/\\\/vangelis-house.com\\\/\",\"logo\":{\"@type\":\"ImageObject\",\"inLanguage\":\"hu\",\"@id\":\"https:\\\/\\\/vangelis-house.com\\\/#\\\/schema\\\/logo\\\/image\\\/\",\"url\":\"https:\\\/\\\/vangelis-house.com\\\/wp-content\\\/uploads\\\/2024\\\/03\\\/vh_04_2024_logo.png\",\"contentUrl\":\"https:\\\/\\\/vangelis-house.com\\\/wp-content\\\/uploads\\\/2024\\\/03\\\/vh_04_2024_logo.png\",\"width\":1500,\"height\":600,\"caption\":\"Vangelis-House\"},\"image\":{\"@id\":\"https:\\\/\\\/vangelis-house.com\\\/#\\\/schema\\\/logo\\\/image\\\/\"},\"sameAs\":[\"https:\\\/\\\/facebook.com\\\/vangelishouse\",\"https:\\\/\\\/x.com\\\/vangelishouse\",\"https:\\\/\\\/instagram.com\\\/vangelishouse\",\"https:\\\/\\\/wa.me\\\/491775069348\"]}]}<\/script>\n<!-- \/ Yoast SEO plugin. -->","yoast_head_json":{"title":"Elhelyezked\u00e9s - Vangelis-House","robots":{"index":"index","follow":"follow","max-snippet":"max-snippet:-1","max-image-preview":"max-image-preview:large","max-video-preview":"max-video-preview:-1"},"canonical":"https:\/\/vangelis-house.com\/hu\/elhelyezkedes\/","og_locale":"hu_HU","og_type":"article","og_title":"Elhelyezked\u00e9s - Vangelis-House","og_url":"https:\/\/vangelis-house.com\/hu\/elhelyezkedes\/","og_site_name":"Vangelis-House","article_publisher":"https:\/\/facebook.com\/vangelishouse","article_modified_time":"2025-11-08T10:56:20+00:00","twitter_card":"summary_large_image","twitter_site":"@vangelishouse","twitter_misc":{"Becs\u00fclt olvas\u00e1si id\u0151":"1 perc"},"schema":{"@context":"https:\/\/schema.org","@graph":[{"@type":"WebPage","@id":"https:\/\/vangelis-house.com\/hu\/elhelyezkedes\/","url":"https:\/\/vangelis-house.com\/hu\/elhelyezkedes\/","name":"Elhelyezked\u00e9s - Vangelis-House","isPartOf":{"@id":"https:\/\/vangelis-house.com\/#website"},"datePublished":"2025-11-08T10:49:16+00:00","dateModified":"2025-11-08T10:56:20+00:00","breadcrumb":{"@id":"https:\/\/vangelis-house.com\/hu\/elhelyezkedes\/#breadcrumb"},"inLanguage":"hu","potentialAction":[{"@type":"ReadAction","target":["https:\/\/vangelis-house.com\/hu\/elhelyezkedes\/"]}]},{"@type":"BreadcrumbList","@id":"https:\/\/vangelis-house.com\/hu\/elhelyezkedes\/#breadcrumb","itemListElement":[{"@type":"ListItem","position":1,"name":"Home","item":"https:\/\/vangelis-house.com\/hu\/"},{"@type":"ListItem","position":2,"name":"Elhelyezked\u00e9s"}]},{"@type":"WebSite","@id":"https:\/\/vangelis-house.com\/#website","url":"https:\/\/vangelis-house.com\/","name":"Vangelis-House","description":"Holiday Apartments in Olympic Beach","publisher":{"@id":"https:\/\/vangelis-house.com\/#organization"},"potentialAction":[{"@type":"SearchAction","target":{"@type":"EntryPoint","urlTemplate":"https:\/\/vangelis-house.com\/?s={search_term_string}"},"query-input":{"@type":"PropertyValueSpecification","valueRequired":true,"valueName":"search_term_string"}}],"inLanguage":"hu"},{"@type":"Organization","@id":"https:\/\/vangelis-house.com\/#organization","name":"Vangelis-House","alternateName":"Holiday Apartments in Olympic Beach","url":"https:\/\/vangelis-house.com\/","logo":{"@type":"ImageObject","inLanguage":"hu","@id":"https:\/\/vangelis-house.com\/#\/schema\/logo\/image\/","url":"https:\/\/vangelis-house.com\/wp-content\/uploads\/2024\/03\/vh_04_2024_logo.png","contentUrl":"https:\/\/vangelis-house.com\/wp-content\/uploads\/2024\/03\/vh_04_2024_logo.png","width":1500,"height":600,"caption":"Vangelis-House"},"image":{"@id":"https:\/\/vangelis-house.com\/#\/schema\/logo\/image\/"},"sameAs":["https:\/\/facebook.com\/vangelishouse","https:\/\/x.com\/vangelishouse","https:\/\/instagram.com\/vangelishouse","https:\/\/wa.me\/491775069348"]}]}},"jetpack_sharing_enabled":true,"_links":{"self":[{"href":"https:\/\/vangelis-house.com\/hu\/wp-json\/wp\/v2\/pages\/19095","targetHints":{"allow":["GET"]}}],"collection":[{"href":"https:\/\/vangelis-house.com\/hu\/wp-json\/wp\/v2\/pages"}],"about":[{"href":"https:\/\/vangelis-house.com\/hu\/wp-json\/wp\/v2\/types\/page"}],"author":[{"embeddable":true,"href":"https:\/\/vangelis-house.com\/hu\/wp-json\/wp\/v2\/users\/1"}],"replies":[{"embeddable":true,"href":"https:\/\/vangelis-house.com\/hu\/wp-json\/wp\/v2\/comments?post=19095"}],"version-history":[{"count":0,"href":"https:\/\/vangelis-house.com\/hu\/wp-json\/wp\/v2\/pages\/19095\/revisions"}],"wp:attachment":[{"href":"https:\/\/vangelis-house.com\/hu\/wp-json\/wp\/v2\/media?parent=19095"}],"curies":[{"name":"wp","href":"https:\/\/api.w.org\/{rel}","templated":true}]}}