{"id":12530,"date":"2021-10-25T19:16:22","date_gmt":"2021-10-25T16:16:22","guid":{"rendered":"https:\/\/vangelis-house.com\/bevasarlokosar\/"},"modified":"2021-10-25T19:16:22","modified_gmt":"2021-10-25T16:16:22","slug":"bevasarlokosar","status":"publish","type":"page","link":"https:\/\/vangelis-house.com\/hu\/bevasarlokosar\/","title":{"rendered":"Bev\u00e1s\u00e1rl\u00f3kos\u00e1r"},"content":{"rendered":"\n","protected":false},"excerpt":{"rendered":"","protected":false},"author":1,"featured_media":0,"parent":0,"menu_order":0,"comment_status":"closed","ping_status":"closed","template":"","meta":{"footnotes":""},"class_list":["post-12530","page","type-page","status-publish"],"yoast_head":"<!-- This site is optimized with the Yoast SEO plugin v27.5 - https:\/\/yoast.com\/product\/yoast-seo-wordpress\/ -->\n<title>Bev\u00e1s\u00e1rl\u00f3kos\u00e1r - Vangelis-House<\/title>\n<meta name=\"robots\" content=\"index, follow, max-snippet:-1, max-image-preview:large, max-video-preview:-1\" \/>\n<link rel=\"canonical\" href=\"https:\/\/vangelis-house.com\/hu\/bevasarlokosar\/\" \/>\n<meta property=\"og:locale\" content=\"hu_HU\" \/>\n<meta property=\"og:type\" content=\"article\" \/>\n<meta property=\"og:title\" content=\"Bev\u00e1s\u00e1rl\u00f3kos\u00e1r - Vangelis-House\" \/>\n<meta property=\"og:url\" content=\"https:\/\/vangelis-house.com\/hu\/bevasarlokosar\/\" \/>\n<meta property=\"og:site_name\" content=\"Vangelis-House\" \/>\n<meta property=\"article:publisher\" content=\"https:\/\/facebook.com\/vangelishouse\" \/>\n<meta name=\"twitter:card\" content=\"summary_large_image\" \/>\n<meta name=\"twitter:site\" content=\"@vangelishouse\" \/>\n<script type=\"application\/ld+json\" class=\"yoast-schema-graph\">{\"@context\":\"https:\\\/\\\/schema.org\",\"@graph\":[{\"@type\":\"WebPage\",\"@id\":\"https:\\\/\\\/vangelis-house.com\\\/hu\\\/bevasarlokosar\\\/\",\"url\":\"https:\\\/\\\/vangelis-house.com\\\/hu\\\/bevasarlokosar\\\/\",\"name\":\"Bev\u00e1s\u00e1rl\u00f3kos\u00e1r - Vangelis-House\",\"isPartOf\":{\"@id\":\"https:\\\/\\\/vangelis-house.com\\\/#website\"},\"datePublished\":\"2021-10-25T16:16:22+00:00\",\"breadcrumb\":{\"@id\":\"https:\\\/\\\/vangelis-house.com\\\/hu\\\/bevasarlokosar\\\/#breadcrumb\"},\"inLanguage\":\"hu\",\"potentialAction\":[{\"@type\":\"ReadAction\",\"target\":[\"https:\\\/\\\/vangelis-house.com\\\/hu\\\/bevasarlokosar\\\/\"]}]},{\"@type\":\"BreadcrumbList\",\"@id\":\"https:\\\/\\\/vangelis-house.com\\\/hu\\\/bevasarlokosar\\\/#breadcrumb\",\"itemListElement\":[{\"@type\":\"ListItem\",\"position\":1,\"name\":\"Home\",\"item\":\"https:\\\/\\\/vangelis-house.com\\\/hu\\\/\"},{\"@type\":\"ListItem\",\"position\":2,\"name\":\"Bev\u00e1s\u00e1rl\u00f3kos\u00e1r\"}]},{\"@type\":\"WebSite\",\"@id\":\"https:\\\/\\\/vangelis-house.com\\\/#website\",\"url\":\"https:\\\/\\\/vangelis-house.com\\\/\",\"name\":\"Vangelis-House\",\"description\":\"Holiday Apartments in Olympic Beach\",\"publisher\":{\"@id\":\"https:\\\/\\\/vangelis-house.com\\\/#organization\"},\"potentialAction\":[{\"@type\":\"SearchAction\",\"target\":{\"@type\":\"EntryPoint\",\"urlTemplate\":\"https:\\\/\\\/vangelis-house.com\\\/?s={search_term_string}\"},\"query-input\":{\"@type\":\"PropertyValueSpecification\",\"valueRequired\":true,\"valueName\":\"search_term_string\"}}],\"inLanguage\":\"hu\"},{\"@type\":\"Organization\",\"@id\":\"https:\\\/\\\/vangelis-house.com\\\/#organization\",\"name\":\"Vangelis-House\",\"alternateName\":\"Holiday Apartments in Olympic Beach\",\"url\":\"https:\\\/\\\/vangelis-house.com\\\/\",\"logo\":{\"@type\":\"ImageObject\",\"inLanguage\":\"hu\",\"@id\":\"https:\\\/\\\/vangelis-house.com\\\/#\\\/schema\\\/logo\\\/image\\\/\",\"url\":\"https:\\\/\\\/vangelis-house.com\\\/wp-content\\\/uploads\\\/2024\\\/03\\\/vh_04_2024_logo.png\",\"contentUrl\":\"https:\\\/\\\/vangelis-house.com\\\/wp-content\\\/uploads\\\/2024\\\/03\\\/vh_04_2024_logo.png\",\"width\":1500,\"height\":600,\"caption\":\"Vangelis-House\"},\"image\":{\"@id\":\"https:\\\/\\\/vangelis-house.com\\\/#\\\/schema\\\/logo\\\/image\\\/\"},\"sameAs\":[\"https:\\\/\\\/facebook.com\\\/vangelishouse\",\"https:\\\/\\\/x.com\\\/vangelishouse\",\"https:\\\/\\\/instagram.com\\\/vangelishouse\",\"https:\\\/\\\/wa.me\\\/491775069348\"]}]}<\/script>\n<!-- \/ Yoast SEO plugin. -->","yoast_head_json":{"title":"Bev\u00e1s\u00e1rl\u00f3kos\u00e1r - Vangelis-House","robots":{"index":"index","follow":"follow","max-snippet":"max-snippet:-1","max-image-preview":"max-image-preview:large","max-video-preview":"max-video-preview:-1"},"canonical":"https:\/\/vangelis-house.com\/hu\/bevasarlokosar\/","og_locale":"hu_HU","og_type":"article","og_title":"Bev\u00e1s\u00e1rl\u00f3kos\u00e1r - Vangelis-House","og_url":"https:\/\/vangelis-house.com\/hu\/bevasarlokosar\/","og_site_name":"Vangelis-House","article_publisher":"https:\/\/facebook.com\/vangelishouse","twitter_card":"summary_large_image","twitter_site":"@vangelishouse","schema":{"@context":"https:\/\/schema.org","@graph":[{"@type":"WebPage","@id":"https:\/\/vangelis-house.com\/hu\/bevasarlokosar\/","url":"https:\/\/vangelis-house.com\/hu\/bevasarlokosar\/","name":"Bev\u00e1s\u00e1rl\u00f3kos\u00e1r - Vangelis-House","isPartOf":{"@id":"https:\/\/vangelis-house.com\/#website"},"datePublished":"2021-10-25T16:16:22+00:00","breadcrumb":{"@id":"https:\/\/vangelis-house.com\/hu\/bevasarlokosar\/#breadcrumb"},"inLanguage":"hu","potentialAction":[{"@type":"ReadAction","target":["https:\/\/vangelis-house.com\/hu\/bevasarlokosar\/"]}]},{"@type":"BreadcrumbList","@id":"https:\/\/vangelis-house.com\/hu\/bevasarlokosar\/#breadcrumb","itemListElement":[{"@type":"ListItem","position":1,"name":"Home","item":"https:\/\/vangelis-house.com\/hu\/"},{"@type":"ListItem","position":2,"name":"Bev\u00e1s\u00e1rl\u00f3kos\u00e1r"}]},{"@type":"WebSite","@id":"https:\/\/vangelis-house.com\/#website","url":"https:\/\/vangelis-house.com\/","name":"Vangelis-House","description":"Holiday Apartments in Olympic Beach","publisher":{"@id":"https:\/\/vangelis-house.com\/#organization"},"potentialAction":[{"@type":"SearchAction","target":{"@type":"EntryPoint","urlTemplate":"https:\/\/vangelis-house.com\/?s={search_term_string}"},"query-input":{"@type":"PropertyValueSpecification","valueRequired":true,"valueName":"search_term_string"}}],"inLanguage":"hu"},{"@type":"Organization","@id":"https:\/\/vangelis-house.com\/#organization","name":"Vangelis-House","alternateName":"Holiday Apartments in Olympic Beach","url":"https:\/\/vangelis-house.com\/","logo":{"@type":"ImageObject","inLanguage":"hu","@id":"https:\/\/vangelis-house.com\/#\/schema\/logo\/image\/","url":"https:\/\/vangelis-house.com\/wp-content\/uploads\/2024\/03\/vh_04_2024_logo.png","contentUrl":"https:\/\/vangelis-house.com\/wp-content\/uploads\/2024\/03\/vh_04_2024_logo.png","width":1500,"height":600,"caption":"Vangelis-House"},"image":{"@id":"https:\/\/vangelis-house.com\/#\/schema\/logo\/image\/"},"sameAs":["https:\/\/facebook.com\/vangelishouse","https:\/\/x.com\/vangelishouse","https:\/\/instagram.com\/vangelishouse","https:\/\/wa.me\/491775069348"]}]}},"jetpack_sharing_enabled":true,"_links":{"self":[{"href":"https:\/\/vangelis-house.com\/hu\/wp-json\/wp\/v2\/pages\/12530","targetHints":{"allow":["GET"]}}],"collection":[{"href":"https:\/\/vangelis-house.com\/hu\/wp-json\/wp\/v2\/pages"}],"about":[{"href":"https:\/\/vangelis-house.com\/hu\/wp-json\/wp\/v2\/types\/page"}],"author":[{"embeddable":true,"href":"https:\/\/vangelis-house.com\/hu\/wp-json\/wp\/v2\/users\/1"}],"replies":[{"embeddable":true,"href":"https:\/\/vangelis-house.com\/hu\/wp-json\/wp\/v2\/comments?post=12530"}],"version-history":[{"count":0,"href":"https:\/\/vangelis-house.com\/hu\/wp-json\/wp\/v2\/pages\/12530\/revisions"}],"wp:attachment":[{"href":"https:\/\/vangelis-house.com\/hu\/wp-json\/wp\/v2\/media?parent=12530"}],"curies":[{"name":"wp","href":"https:\/\/api.w.org\/{rel}","templated":true}]}}