{"id":19200,"date":"2025-11-08T15:15:21","date_gmt":"2025-11-08T13:15:21","guid":{"rendered":"https:\/\/vangelis-house.com\/allgemeine-geschaeftsbedingungen\/"},"modified":"2025-11-08T15:15:21","modified_gmt":"2025-11-08T13:15:21","slug":"allgemeine-geschaeftsbedingungen","status":"publish","type":"page","link":"https:\/\/vangelis-house.com\/de\/allgemeine-geschaeftsbedingungen\/","title":{"rendered":"Allgemeine Gesch\u00e4ftsbedingungen"},"content":{"rendered":"<div class=\"gb-container gb-container-f280fd78 alignfull\">\n<div class=\"gb-grid-wrapper gb-grid-wrapper-7397db71\">\n<div class=\"gb-grid-column gb-grid-column-1a76069d\"><div class=\"gb-container gb-container-1a76069d\">\n\n<p>F\u00fcr die Vermietung der Apartments gelten folgende Allgemeine Gesch\u00e4ftsbedingungen:<\/p>\n\n\n\n<p>1. Allgemeines &#8211; Buchung<\/p>\n\n\n\n<p>Mit der Buchung und Buchungsbest\u00e4tigung kommt ein rechtswirksamer Vertrag zustande. Vertragspartner sind der Mieter und der Vermieter als Anbieter der Wohnungen. Es ist nicht gestattet, eine Buchung im Auftrag Dritter abzuschlie\u00dfen oder zu vermitteln. Die in der Buchung aufgef\u00fchrten Personen sind die einzigen, die jedes Apartment belegen d\u00fcrfen. Eine Untervermietung ist nicht gestattet.<\/p>\n\n\n\n<p><strong>2. Belegung &#8211; mehr Belegung &#8211; Haftung f\u00fcr Sch\u00e4den<\/strong><\/p>\n\n\n\n<p>Der Vertragsgegenstand darf nur mit der in der Buchungsbest\u00e4tigung angegebenen Anzahl von Personen und Personen belegt werden. Die maximale Anzahl von Personen \u00dcberf\u00fcllung ist niemals m\u00f6glich. Bei einer Mehrbelegung ist eine zus\u00e4tzliche Entsch\u00e4digung f\u00fcr den Zeitraum der \u00dcberbelegung erforderlich. Das Recht zur sofortigen K\u00fcndigung des mit der Buchung geschlossenen Vertrages bleibt unber\u00fchrt. Der Mieter verpflichtet sich, das Objekt pfleglich zu behandeln und w\u00e4hrend der Mietzeit entstandene Sch\u00e4den unverz\u00fcglich vor Ort zu melden. Der Mieter ist f\u00fcr die Beaufsichtigung seiner Mitreisenden verantwortlich, die die Immobilie ebenfalls pfleglich behandeln m\u00fcssen. Der Mieter haftet f\u00fcr alle Sch\u00e4den, die ihm durch den Mieter und\/oder seine Mitreisenden am Mietobjekt, dem Inventar und den Gemeinschaftseinrichtungen entstehen, z.B. zerbrochenes Geschirr, Sch\u00e4den an den M\u00f6beln. Darin enthalten sind die Kosten f\u00fcr verlorene Schl\u00fcssel (Schlie\u00dfanlage).<\/p>\n\n\n\n<p><strong>3. Zahlung &#8211; Stornierung &#8211; Kosten und Geb\u00fchren<\/strong><\/p>\n\n\n\n<p>Mit der Buchung eines Angebots und der Annahme der Buchung durch eine Buchungsbest\u00e4tigung muss der Gesamtbetrag innerhalb von sieben (7) Werktagen nach der Buchungsbest\u00e4tigung bezahlt werden. Mit der Buchung und zus\u00e4tzlich mit der \u00dcberweisung der Anzahlung akzeptiert der Mieter die Allgemeinen Gesch\u00e4ftsbedingungen. Sie werden Vertragsbestandteil. Wird der Gesamtpreis nicht drei (3) Tage vor dem in der Buchung angegebenen Ankunftstag bezahlt, ist der Vermieter berechtigt, den Vertrag ohne Fristsetzung sofort zu k\u00fcndigen und den Vertragsgegenstand anderweitig zu vermieten. Allf\u00e4llige Zahlungen f\u00fcr sp\u00e4ter und vor Ort gebuchte Leistungen sind direkt und in bar vor Ort zu bezahlen.<\/p>\n\n\n\n<p><strong>4. Vorzeitige Beendigung des Mietverh\u00e4ltnisses<\/strong><\/p>\n\n\n\n<p>Bei vorzeitiger K\u00fcndigung des Mietvertrages (auch wenn der Vermieter den Mietvertrag aus wichtigem Grund k\u00fcndigt) oder bei Nichterscheinen hat der Mieter keinen Anspruch auf Entsch\u00e4digung f\u00fcr die nicht in Anspruch genommene Mietzeit.<\/p>\n\n\n\n<p><strong>5. Anmerkungen<\/strong><\/p>\n\n\n\n<p>Es wird empfohlen, eine Reiser\u00fccktrittsversicherung und eine Haftpflichtversicherung abzuschlie\u00dfen. Somit sind Sie vor eventuellen Kosten gesch\u00fctzt. Die An- und Abreisezeiten sind vom Mieter fr\u00fchzeitig mitzuteilen, um einen optimalen und reibungslosen Ablauf zu gew\u00e4hrleisten. Die An- und Abreisetage werden als volle Tage f\u00fcr die Mietzeit gez\u00e4hlt. Am Anreisetag kann der Mieter das Mietobjekt noch fr\u00fchestens ab Mittag vermitteln. Sofern das Objekt nicht zuvor vermietet wurde, ist eine vorherige Abholung nach Absprache m\u00f6glich und wird schriftlich mitgeteilt. Die gemietete Wohnung wird am Abreisetag gefegt. Geschirr, Gl\u00e4ser und K\u00fcchenger\u00e4te m\u00fcssen sauber hinterlassen, der M\u00fclleimer geleert und der K\u00fchlschrank ger\u00e4umt werden. Die Toilette wird gereinigt und die Badezimmerausstattung ist funktionsf\u00e4hig. Geschieht dies nicht, berechnen wir eine Reinigungsgeb\u00fchr von mindestens 30,- \u20ac, dies gilt auch f\u00fcr grobe Verschmutzungen (Flecken oder unsachgem\u00e4\u00dfer Gebrauch). \u00c4nderungen oder Erg\u00e4nzungen bed\u00fcrfen zu ihrer Wirksamkeit der Schriftform. Sollte eine Bestimmung dieser Gesch\u00e4ftsbedingungen unwirksam oder nichtig sein oder werden, so ber\u00fchrt dies die Rechtswirksamkeit des \u00fcbrigen Inhalts des Vertrages nicht. Der Verwaltungssitz in Deutschland ist kein Vertragspartner und haftet nur f\u00fcr Vorsatz. Gerichtsstand f\u00fcr alle Streitigkeiten zwischen den Parteien aus dem Vertragsverh\u00e4ltnis ist der Sitz der Gesellschaft in Katerini\/Griechenland.<\/p>\n\n\n\n<p>Es gilt das Recht der Republik Griechenland.<\/p>\n\n<\/div><\/div>\n<\/div>\n<\/div>","protected":false},"excerpt":{"rendered":"","protected":false},"author":1,"featured_media":0,"parent":0,"menu_order":0,"comment_status":"closed","ping_status":"closed","template":"","meta":{"footnotes":""},"class_list":["post-19200","page","type-page","status-publish"],"yoast_head":"<!-- This site is optimized with the Yoast SEO plugin v27.5 - https:\/\/yoast.com\/product\/yoast-seo-wordpress\/ -->\n<title>Allgemeine Gesch\u00e4ftsbedingungen - Vangelis-House<\/title>\n<meta name=\"robots\" content=\"index, follow, max-snippet:-1, max-image-preview:large, max-video-preview:-1\" \/>\n<link rel=\"canonical\" href=\"https:\/\/vangelis-house.com\/de\/allgemeine-geschaeftsbedingungen\/\" \/>\n<meta property=\"og:locale\" content=\"de_DE\" \/>\n<meta property=\"og:type\" content=\"article\" \/>\n<meta property=\"og:title\" content=\"Allgemeine Gesch\u00e4ftsbedingungen - Vangelis-House\" \/>\n<meta property=\"og:url\" content=\"https:\/\/vangelis-house.com\/de\/allgemeine-geschaeftsbedingungen\/\" \/>\n<meta property=\"og:site_name\" content=\"Vangelis-House\" \/>\n<meta property=\"article:publisher\" content=\"https:\/\/facebook.com\/vangelishouse\" \/>\n<meta name=\"twitter:card\" content=\"summary_large_image\" \/>\n<meta name=\"twitter:site\" content=\"@vangelishouse\" \/>\n<meta name=\"twitter:label1\" content=\"Gesch\u00e4tzte Lesezeit\" \/>\n\t<meta name=\"twitter:data1\" content=\"3\u00a0Minuten\" \/>\n<script type=\"application\/ld+json\" class=\"yoast-schema-graph\">{\"@context\":\"https:\\\/\\\/schema.org\",\"@graph\":[{\"@type\":\"WebPage\",\"@id\":\"https:\\\/\\\/vangelis-house.com\\\/de\\\/allgemeine-geschaeftsbedingungen\\\/\",\"url\":\"https:\\\/\\\/vangelis-house.com\\\/de\\\/allgemeine-geschaeftsbedingungen\\\/\",\"name\":\"Allgemeine Gesch\u00e4ftsbedingungen - Vangelis-House\",\"isPartOf\":{\"@id\":\"https:\\\/\\\/vangelis-house.com\\\/#website\"},\"datePublished\":\"2025-11-08T13:15:21+00:00\",\"breadcrumb\":{\"@id\":\"https:\\\/\\\/vangelis-house.com\\\/de\\\/allgemeine-geschaeftsbedingungen\\\/#breadcrumb\"},\"inLanguage\":\"de\",\"potentialAction\":[{\"@type\":\"ReadAction\",\"target\":[\"https:\\\/\\\/vangelis-house.com\\\/de\\\/allgemeine-geschaeftsbedingungen\\\/\"]}]},{\"@type\":\"BreadcrumbList\",\"@id\":\"https:\\\/\\\/vangelis-house.com\\\/de\\\/allgemeine-geschaeftsbedingungen\\\/#breadcrumb\",\"itemListElement\":[{\"@type\":\"ListItem\",\"position\":1,\"name\":\"Home\",\"item\":\"https:\\\/\\\/vangelis-house.com\\\/de\\\/\"},{\"@type\":\"ListItem\",\"position\":2,\"name\":\"Allgemeine Gesch\u00e4ftsbedingungen\"}]},{\"@type\":\"WebSite\",\"@id\":\"https:\\\/\\\/vangelis-house.com\\\/#website\",\"url\":\"https:\\\/\\\/vangelis-house.com\\\/\",\"name\":\"Vangelis-House\",\"description\":\"Holiday Apartments in Olympic Beach\",\"publisher\":{\"@id\":\"https:\\\/\\\/vangelis-house.com\\\/#organization\"},\"potentialAction\":[{\"@type\":\"SearchAction\",\"target\":{\"@type\":\"EntryPoint\",\"urlTemplate\":\"https:\\\/\\\/vangelis-house.com\\\/?s={search_term_string}\"},\"query-input\":{\"@type\":\"PropertyValueSpecification\",\"valueRequired\":true,\"valueName\":\"search_term_string\"}}],\"inLanguage\":\"de\"},{\"@type\":\"Organization\",\"@id\":\"https:\\\/\\\/vangelis-house.com\\\/#organization\",\"name\":\"Vangelis-House\",\"alternateName\":\"Holiday Apartments in Olympic Beach\",\"url\":\"https:\\\/\\\/vangelis-house.com\\\/\",\"logo\":{\"@type\":\"ImageObject\",\"inLanguage\":\"de\",\"@id\":\"https:\\\/\\\/vangelis-house.com\\\/#\\\/schema\\\/logo\\\/image\\\/\",\"url\":\"https:\\\/\\\/vangelis-house.com\\\/wp-content\\\/uploads\\\/2024\\\/03\\\/vh_04_2024_logo.png\",\"contentUrl\":\"https:\\\/\\\/vangelis-house.com\\\/wp-content\\\/uploads\\\/2024\\\/03\\\/vh_04_2024_logo.png\",\"width\":1500,\"height\":600,\"caption\":\"Vangelis-House\"},\"image\":{\"@id\":\"https:\\\/\\\/vangelis-house.com\\\/#\\\/schema\\\/logo\\\/image\\\/\"},\"sameAs\":[\"https:\\\/\\\/facebook.com\\\/vangelishouse\",\"https:\\\/\\\/x.com\\\/vangelishouse\",\"https:\\\/\\\/instagram.com\\\/vangelishouse\",\"https:\\\/\\\/wa.me\\\/491775069348\"]}]}<\/script>\n<!-- \/ Yoast SEO plugin. -->","yoast_head_json":{"title":"Allgemeine Gesch\u00e4ftsbedingungen - Vangelis-House","robots":{"index":"index","follow":"follow","max-snippet":"max-snippet:-1","max-image-preview":"max-image-preview:large","max-video-preview":"max-video-preview:-1"},"canonical":"https:\/\/vangelis-house.com\/de\/allgemeine-geschaeftsbedingungen\/","og_locale":"de_DE","og_type":"article","og_title":"Allgemeine Gesch\u00e4ftsbedingungen - Vangelis-House","og_url":"https:\/\/vangelis-house.com\/de\/allgemeine-geschaeftsbedingungen\/","og_site_name":"Vangelis-House","article_publisher":"https:\/\/facebook.com\/vangelishouse","twitter_card":"summary_large_image","twitter_site":"@vangelishouse","twitter_misc":{"Gesch\u00e4tzte Lesezeit":"3\u00a0Minuten"},"schema":{"@context":"https:\/\/schema.org","@graph":[{"@type":"WebPage","@id":"https:\/\/vangelis-house.com\/de\/allgemeine-geschaeftsbedingungen\/","url":"https:\/\/vangelis-house.com\/de\/allgemeine-geschaeftsbedingungen\/","name":"Allgemeine Gesch\u00e4ftsbedingungen - Vangelis-House","isPartOf":{"@id":"https:\/\/vangelis-house.com\/#website"},"datePublished":"2025-11-08T13:15:21+00:00","breadcrumb":{"@id":"https:\/\/vangelis-house.com\/de\/allgemeine-geschaeftsbedingungen\/#breadcrumb"},"inLanguage":"de","potentialAction":[{"@type":"ReadAction","target":["https:\/\/vangelis-house.com\/de\/allgemeine-geschaeftsbedingungen\/"]}]},{"@type":"BreadcrumbList","@id":"https:\/\/vangelis-house.com\/de\/allgemeine-geschaeftsbedingungen\/#breadcrumb","itemListElement":[{"@type":"ListItem","position":1,"name":"Home","item":"https:\/\/vangelis-house.com\/de\/"},{"@type":"ListItem","position":2,"name":"Allgemeine Gesch\u00e4ftsbedingungen"}]},{"@type":"WebSite","@id":"https:\/\/vangelis-house.com\/#website","url":"https:\/\/vangelis-house.com\/","name":"Vangelis-House","description":"Holiday Apartments in Olympic Beach","publisher":{"@id":"https:\/\/vangelis-house.com\/#organization"},"potentialAction":[{"@type":"SearchAction","target":{"@type":"EntryPoint","urlTemplate":"https:\/\/vangelis-house.com\/?s={search_term_string}"},"query-input":{"@type":"PropertyValueSpecification","valueRequired":true,"valueName":"search_term_string"}}],"inLanguage":"de"},{"@type":"Organization","@id":"https:\/\/vangelis-house.com\/#organization","name":"Vangelis-House","alternateName":"Holiday Apartments in Olympic Beach","url":"https:\/\/vangelis-house.com\/","logo":{"@type":"ImageObject","inLanguage":"de","@id":"https:\/\/vangelis-house.com\/#\/schema\/logo\/image\/","url":"https:\/\/vangelis-house.com\/wp-content\/uploads\/2024\/03\/vh_04_2024_logo.png","contentUrl":"https:\/\/vangelis-house.com\/wp-content\/uploads\/2024\/03\/vh_04_2024_logo.png","width":1500,"height":600,"caption":"Vangelis-House"},"image":{"@id":"https:\/\/vangelis-house.com\/#\/schema\/logo\/image\/"},"sameAs":["https:\/\/facebook.com\/vangelishouse","https:\/\/x.com\/vangelishouse","https:\/\/instagram.com\/vangelishouse","https:\/\/wa.me\/491775069348"]}]}},"jetpack_sharing_enabled":true,"_links":{"self":[{"href":"https:\/\/vangelis-house.com\/de\/wp-json\/wp\/v2\/pages\/19200","targetHints":{"allow":["GET"]}}],"collection":[{"href":"https:\/\/vangelis-house.com\/de\/wp-json\/wp\/v2\/pages"}],"about":[{"href":"https:\/\/vangelis-house.com\/de\/wp-json\/wp\/v2\/types\/page"}],"author":[{"embeddable":true,"href":"https:\/\/vangelis-house.com\/de\/wp-json\/wp\/v2\/users\/1"}],"replies":[{"embeddable":true,"href":"https:\/\/vangelis-house.com\/de\/wp-json\/wp\/v2\/comments?post=19200"}],"version-history":[{"count":0,"href":"https:\/\/vangelis-house.com\/de\/wp-json\/wp\/v2\/pages\/19200\/revisions"}],"wp:attachment":[{"href":"https:\/\/vangelis-house.com\/de\/wp-json\/wp\/v2\/media?parent=19200"}],"curies":[{"name":"wp","href":"https:\/\/api.w.org\/{rel}","templated":true}]}}