{"id":19186,"date":"2025-11-08T15:07:05","date_gmt":"2025-11-08T13:07:05","guid":{"rendered":"https:\/\/vangelis-house.com\/rueckerstattung-und-rueckgaberecht\/"},"modified":"2025-11-08T15:07:06","modified_gmt":"2025-11-08T13:07:06","slug":"rueckerstattung-und-rueckgaberecht","status":"publish","type":"page","link":"https:\/\/vangelis-house.com\/de\/rueckerstattung-und-rueckgaberecht\/","title":{"rendered":"R\u00fcckerstattung und R\u00fcckgaberecht"},"content":{"rendered":"<div class=\"gb-container gb-container-69e0a319 alignfull\">\n<div class=\"gb-grid-wrapper gb-grid-wrapper-c930d3b3\">\n<div class=\"gb-grid-column gb-grid-column-8e4a0c23\"><div class=\"gb-container gb-container-8e4a0c23\">\n\n<p>Wir m\u00f6chten, dass Sie die bestm\u00f6gliche Erfahrung haben, wenn Sie bei uns bleiben, und wir verstehen, dass manchmal etwas schief gehen kann. Wenn Sie mit Ihrer Unterkunft nicht zufrieden sind, bieten wir Ihnen eine problemlose R\u00fcckerstattung und R\u00fcckgabe.<\/p>\n\n\n\n<p><strong>Stornierungen:<\/strong><\/p>\n\n\n\n<p>Wenn Sie Ihre Reservierung stornieren m\u00fcssen, teilen Sie uns dies bitte so schnell wie m\u00f6glich mit. Wir verstehen, dass sich Pl\u00e4ne \u00e4ndern k\u00f6nnen, und wir werden unser Bestes tun, um Ihren Bed\u00fcrfnissen gerecht zu werden. Bitte beachten Sie jedoch, dass Stornierungen je nach den Bedingungen Ihrer Reservierung Geb\u00fchren oder Strafen unterliegen k\u00f6nnen.<\/p>\n\n\n\n<p><strong>Ertrag:<\/strong><\/p>\n\n\n\n<p>Wenn Sie mit Ihrer Unterkunft nicht zufrieden sind, teilen Sie uns dies bitte so schnell wie m\u00f6glich mit, damit wir Probleme l\u00f6sen k\u00f6nnen. Wenn wir das Problem nicht zu Ihrer Zufriedenheit l\u00f6sen k\u00f6nnen, k\u00f6nnen wir Ihnen je nach den Umst\u00e4nden eine teilweise oder vollst\u00e4ndige R\u00fcckerstattung anbieten.<\/p>\n\n\n\n<p>Um Anspruch auf eine R\u00fcckerstattung zu haben, m\u00fcssen Sie uns innerhalb von 2 Tagen nach Ihrer Ankunft \u00fcber das Problem informieren. Wir k\u00f6nnen Sie auffordern, die Unterkunft zu r\u00e4umen, um die R\u00fcckerstattung zu bearbeiten.<\/p>\n\n\n\n<p><strong>Auswechselungen:<\/strong><\/p>\n\n\n\n<p>Wenn Sie mit Ihrer Unterkunft nicht zufrieden sind, k\u00f6nnen wir Ihnen m\u00f6glicherweise einen Umtausch gegen ein anderes Zimmer oder eine andere Unterkunft anbieten. Bitte lassen Sie uns so schnell wie m\u00f6glich wissen, wenn Sie diese Option erkunden m\u00f6chten.<\/p>\n\n\n\n<p>Bitte beachten Sie, dass alle R\u00fcckerstattungen und Umtausch der Verf\u00fcgbarkeit unterliegen und im alleinigen Ermessen unseres Unternehmens liegen. Wir behalten uns das Recht vor, R\u00fcckerstattungs- oder Umtauschanfragen abzulehnen, die wir f\u00fcr unangemessen oder betr\u00fcgerisch halten.<\/p>\n\n\n\n<p>Wir hoffen, dass diese R\u00fcckerstattungs- und R\u00fcckgaberichtlinie Ihren Aufenthalt bei uns sorgenfrei macht. Wenn Sie Fragen oder Bedenken haben, z\u00f6gern Sie bitte nicht, uns unter +30 23510 62156 oder info@vangelis-house.com zu kontaktieren.<\/p>\n\n<\/div><\/div>\n<\/div>\n<\/div>","protected":false},"excerpt":{"rendered":"","protected":false},"author":1,"featured_media":0,"parent":0,"menu_order":0,"comment_status":"closed","ping_status":"closed","template":"","meta":{"footnotes":""},"class_list":["post-19186","page","type-page","status-publish"],"yoast_head":"<!-- This site is optimized with the Yoast SEO plugin v27.5 - https:\/\/yoast.com\/product\/yoast-seo-wordpress\/ -->\n<title>R\u00fcckerstattung und R\u00fcckgaberecht - Vangelis-House<\/title>\n<meta name=\"robots\" content=\"index, follow, max-snippet:-1, max-image-preview:large, max-video-preview:-1\" \/>\n<link rel=\"canonical\" href=\"https:\/\/vangelis-house.com\/de\/rueckerstattung-und-rueckgaberecht\/\" \/>\n<meta property=\"og:locale\" content=\"de_DE\" \/>\n<meta property=\"og:type\" content=\"article\" \/>\n<meta property=\"og:title\" content=\"R\u00fcckerstattung und R\u00fcckgaberecht - Vangelis-House\" \/>\n<meta property=\"og:url\" content=\"https:\/\/vangelis-house.com\/de\/rueckerstattung-und-rueckgaberecht\/\" \/>\n<meta property=\"og:site_name\" content=\"Vangelis-House\" \/>\n<meta property=\"article:publisher\" content=\"https:\/\/facebook.com\/vangelishouse\" \/>\n<meta property=\"article:modified_time\" content=\"2025-11-08T13:07:06+00:00\" \/>\n<meta name=\"twitter:card\" content=\"summary_large_image\" \/>\n<meta name=\"twitter:site\" content=\"@vangelishouse\" \/>\n<meta name=\"twitter:label1\" content=\"Gesch\u00e4tzte Lesezeit\" \/>\n\t<meta name=\"twitter:data1\" content=\"2\u00a0Minuten\" \/>\n<script type=\"application\/ld+json\" class=\"yoast-schema-graph\">{\"@context\":\"https:\\\/\\\/schema.org\",\"@graph\":[{\"@type\":\"WebPage\",\"@id\":\"https:\\\/\\\/vangelis-house.com\\\/de\\\/rueckerstattung-und-rueckgaberecht\\\/\",\"url\":\"https:\\\/\\\/vangelis-house.com\\\/de\\\/rueckerstattung-und-rueckgaberecht\\\/\",\"name\":\"R\u00fcckerstattung und R\u00fcckgaberecht - Vangelis-House\",\"isPartOf\":{\"@id\":\"https:\\\/\\\/vangelis-house.com\\\/#website\"},\"datePublished\":\"2025-11-08T13:07:05+00:00\",\"dateModified\":\"2025-11-08T13:07:06+00:00\",\"breadcrumb\":{\"@id\":\"https:\\\/\\\/vangelis-house.com\\\/de\\\/rueckerstattung-und-rueckgaberecht\\\/#breadcrumb\"},\"inLanguage\":\"de\",\"potentialAction\":[{\"@type\":\"ReadAction\",\"target\":[\"https:\\\/\\\/vangelis-house.com\\\/de\\\/rueckerstattung-und-rueckgaberecht\\\/\"]}]},{\"@type\":\"BreadcrumbList\",\"@id\":\"https:\\\/\\\/vangelis-house.com\\\/de\\\/rueckerstattung-und-rueckgaberecht\\\/#breadcrumb\",\"itemListElement\":[{\"@type\":\"ListItem\",\"position\":1,\"name\":\"Home\",\"item\":\"https:\\\/\\\/vangelis-house.com\\\/de\\\/\"},{\"@type\":\"ListItem\",\"position\":2,\"name\":\"R\u00fcckerstattung und R\u00fcckgaberecht\"}]},{\"@type\":\"WebSite\",\"@id\":\"https:\\\/\\\/vangelis-house.com\\\/#website\",\"url\":\"https:\\\/\\\/vangelis-house.com\\\/\",\"name\":\"Vangelis-House\",\"description\":\"Holiday Apartments in Olympic Beach\",\"publisher\":{\"@id\":\"https:\\\/\\\/vangelis-house.com\\\/#organization\"},\"potentialAction\":[{\"@type\":\"SearchAction\",\"target\":{\"@type\":\"EntryPoint\",\"urlTemplate\":\"https:\\\/\\\/vangelis-house.com\\\/?s={search_term_string}\"},\"query-input\":{\"@type\":\"PropertyValueSpecification\",\"valueRequired\":true,\"valueName\":\"search_term_string\"}}],\"inLanguage\":\"de\"},{\"@type\":\"Organization\",\"@id\":\"https:\\\/\\\/vangelis-house.com\\\/#organization\",\"name\":\"Vangelis-House\",\"alternateName\":\"Holiday Apartments in Olympic Beach\",\"url\":\"https:\\\/\\\/vangelis-house.com\\\/\",\"logo\":{\"@type\":\"ImageObject\",\"inLanguage\":\"de\",\"@id\":\"https:\\\/\\\/vangelis-house.com\\\/#\\\/schema\\\/logo\\\/image\\\/\",\"url\":\"https:\\\/\\\/vangelis-house.com\\\/wp-content\\\/uploads\\\/2024\\\/03\\\/vh_04_2024_logo.png\",\"contentUrl\":\"https:\\\/\\\/vangelis-house.com\\\/wp-content\\\/uploads\\\/2024\\\/03\\\/vh_04_2024_logo.png\",\"width\":1500,\"height\":600,\"caption\":\"Vangelis-House\"},\"image\":{\"@id\":\"https:\\\/\\\/vangelis-house.com\\\/#\\\/schema\\\/logo\\\/image\\\/\"},\"sameAs\":[\"https:\\\/\\\/facebook.com\\\/vangelishouse\",\"https:\\\/\\\/x.com\\\/vangelishouse\",\"https:\\\/\\\/instagram.com\\\/vangelishouse\",\"https:\\\/\\\/wa.me\\\/491775069348\"]}]}<\/script>\n<!-- \/ Yoast SEO plugin. -->","yoast_head_json":{"title":"R\u00fcckerstattung und R\u00fcckgaberecht - Vangelis-House","robots":{"index":"index","follow":"follow","max-snippet":"max-snippet:-1","max-image-preview":"max-image-preview:large","max-video-preview":"max-video-preview:-1"},"canonical":"https:\/\/vangelis-house.com\/de\/rueckerstattung-und-rueckgaberecht\/","og_locale":"de_DE","og_type":"article","og_title":"R\u00fcckerstattung und R\u00fcckgaberecht - Vangelis-House","og_url":"https:\/\/vangelis-house.com\/de\/rueckerstattung-und-rueckgaberecht\/","og_site_name":"Vangelis-House","article_publisher":"https:\/\/facebook.com\/vangelishouse","article_modified_time":"2025-11-08T13:07:06+00:00","twitter_card":"summary_large_image","twitter_site":"@vangelishouse","twitter_misc":{"Gesch\u00e4tzte Lesezeit":"2\u00a0Minuten"},"schema":{"@context":"https:\/\/schema.org","@graph":[{"@type":"WebPage","@id":"https:\/\/vangelis-house.com\/de\/rueckerstattung-und-rueckgaberecht\/","url":"https:\/\/vangelis-house.com\/de\/rueckerstattung-und-rueckgaberecht\/","name":"R\u00fcckerstattung und R\u00fcckgaberecht - Vangelis-House","isPartOf":{"@id":"https:\/\/vangelis-house.com\/#website"},"datePublished":"2025-11-08T13:07:05+00:00","dateModified":"2025-11-08T13:07:06+00:00","breadcrumb":{"@id":"https:\/\/vangelis-house.com\/de\/rueckerstattung-und-rueckgaberecht\/#breadcrumb"},"inLanguage":"de","potentialAction":[{"@type":"ReadAction","target":["https:\/\/vangelis-house.com\/de\/rueckerstattung-und-rueckgaberecht\/"]}]},{"@type":"BreadcrumbList","@id":"https:\/\/vangelis-house.com\/de\/rueckerstattung-und-rueckgaberecht\/#breadcrumb","itemListElement":[{"@type":"ListItem","position":1,"name":"Home","item":"https:\/\/vangelis-house.com\/de\/"},{"@type":"ListItem","position":2,"name":"R\u00fcckerstattung und R\u00fcckgaberecht"}]},{"@type":"WebSite","@id":"https:\/\/vangelis-house.com\/#website","url":"https:\/\/vangelis-house.com\/","name":"Vangelis-House","description":"Holiday Apartments in Olympic Beach","publisher":{"@id":"https:\/\/vangelis-house.com\/#organization"},"potentialAction":[{"@type":"SearchAction","target":{"@type":"EntryPoint","urlTemplate":"https:\/\/vangelis-house.com\/?s={search_term_string}"},"query-input":{"@type":"PropertyValueSpecification","valueRequired":true,"valueName":"search_term_string"}}],"inLanguage":"de"},{"@type":"Organization","@id":"https:\/\/vangelis-house.com\/#organization","name":"Vangelis-House","alternateName":"Holiday Apartments in Olympic Beach","url":"https:\/\/vangelis-house.com\/","logo":{"@type":"ImageObject","inLanguage":"de","@id":"https:\/\/vangelis-house.com\/#\/schema\/logo\/image\/","url":"https:\/\/vangelis-house.com\/wp-content\/uploads\/2024\/03\/vh_04_2024_logo.png","contentUrl":"https:\/\/vangelis-house.com\/wp-content\/uploads\/2024\/03\/vh_04_2024_logo.png","width":1500,"height":600,"caption":"Vangelis-House"},"image":{"@id":"https:\/\/vangelis-house.com\/#\/schema\/logo\/image\/"},"sameAs":["https:\/\/facebook.com\/vangelishouse","https:\/\/x.com\/vangelishouse","https:\/\/instagram.com\/vangelishouse","https:\/\/wa.me\/491775069348"]}]}},"jetpack_sharing_enabled":true,"_links":{"self":[{"href":"https:\/\/vangelis-house.com\/de\/wp-json\/wp\/v2\/pages\/19186","targetHints":{"allow":["GET"]}}],"collection":[{"href":"https:\/\/vangelis-house.com\/de\/wp-json\/wp\/v2\/pages"}],"about":[{"href":"https:\/\/vangelis-house.com\/de\/wp-json\/wp\/v2\/types\/page"}],"author":[{"embeddable":true,"href":"https:\/\/vangelis-house.com\/de\/wp-json\/wp\/v2\/users\/1"}],"replies":[{"embeddable":true,"href":"https:\/\/vangelis-house.com\/de\/wp-json\/wp\/v2\/comments?post=19186"}],"version-history":[{"count":0,"href":"https:\/\/vangelis-house.com\/de\/wp-json\/wp\/v2\/pages\/19186\/revisions"}],"wp:attachment":[{"href":"https:\/\/vangelis-house.com\/de\/wp-json\/wp\/v2\/media?parent=19186"}],"curies":[{"name":"wp","href":"https:\/\/api.w.org\/{rel}","templated":true}]}}