{"id":19091,"date":"2025-11-08T12:46:50","date_gmt":"2025-11-08T10:46:50","guid":{"rendered":"https:\/\/vangelis-house.com\/lage\/"},"modified":"2025-11-08T12:56:19","modified_gmt":"2025-11-08T10:56:19","slug":"lage","status":"publish","type":"page","link":"https:\/\/vangelis-house.com\/de\/lage\/","title":{"rendered":"Lage"},"content":{"rendered":"<div class=\"gb-container gb-container-bf140469 alignfull\">\n<div class=\"gb-grid-wrapper gb-grid-wrapper-1deb3739\">\n<div class=\"gb-grid-column gb-grid-column-a1bd1789\"><div class=\"gb-container gb-container-a1bd1789\">\n\n<div class=\"wp-block-cover is-light has-parallax\" style=\"min-height:600px;aspect-ratio:unset;\"><div class=\"wp-block-cover__image-background wp-image-1660 has-parallax\" style=\"background-position:50% 50%;background-image:url(https:\/\/vangelis-house.com\/wp-content\/uploads\/2019\/03\/Olympic-Beach_Sunrise.jpg)\"><\/div><span aria-hidden=\"true\" class=\"wp-block-cover__background has-background-dim\"><\/span><div class=\"wp-block-cover__inner-container is-layout-flow wp-block-cover-is-layout-flow\">\n<p class=\"has-text-align-center has-text-color has-large-font-size\" style=\"color:#b7b4b4\"><\/p>\n<\/div><\/div>\n\n<\/div><\/div>\n<\/div>\n<\/div><div class=\"gb-container gb-container-439493e6 alignfull\">\n<div class=\"gb-grid-wrapper gb-grid-wrapper-e5d89cd0\">\n<div class=\"gb-grid-column gb-grid-column-7debb09b\"><div class=\"gb-container gb-container-7debb09b\">\n\n<h2 class=\"wp-block-heading has-text-align-center\">\u00dcber Olympic Beach<\/h2>\n\n\n\n<hr class=\"wp-block-separator has-alpha-channel-opacity is-style-dots\"\/>\n\n\n\n<p class=\"has-text-align-center\">Der Ort Olympic Beach (griechisch: Olympiaki Akti) ist trotz seiner Entfernung von rund 7 Kilometern administrativ ein Stadtteil von Katerini, der auch die Hauptstadt der Pr\u00e4fektur Pieria im Norden Griechenlands ist. Olympic Beach hat das ganze Jahr \u00fcber etwa 400 Einwohner, wird aber in den Sommermonaten jedes Jahr von Tausenden Touristen besucht. Trotz des hohen touristischen Volumens ist der Ort zu keinem Zeitpunkt \u00fcberf\u00fcllt, was zum gro\u00dfen Teil den st\u00e4dtebaulichen Regelungen der Stadt Katerini zu verdanken ist. Zahlreiche Freifl\u00e4chen mit Kinderspielpl\u00e4tzen, einer gro\u00dfen Kirche, einem Fu\u00dfballplatz und Basketballfeldern werten das Stadtbild auf. Ein echter Hingucker ist zudem die neu gestaltete Fu\u00dfg\u00e4ngerzone im Strandbereich mit dem gr\u00fcnen Park. Die Strandpromenade mit ihrem breiten und beleuchteten Wander-und Radweg l\u00e4dt zu endlosen Spazierg\u00e4ngen ein. Trotz zahlreicher Umbauten wird die Infrastruktur der Stadt weiter verbessert. So werden die Verkehrsverh\u00e4ltnisse weiter verbessert und der Platz durch familienfreundliche Gehwege gestaltet. Neben zahlreichen Superm\u00e4rkten, die in den Sommermonaten bis zu 18 Stunden f\u00fcr den t\u00e4glichen Bedarf ge\u00f6ffnet sind, bietet das Resort zahlreiche Einkaufsm\u00f6glichkeiten, eine B\u00e4ckerei, zahlreiche Caf\u00e9s, Clubs und viele Restaurants, Imbissbuden und Tavernen, die alle alle Kulinarische K\u00f6stlichkeiten von Griechenland in ihren Men\u00fcs f\u00fchren.<\/p>\n\n<\/div><\/div>\n<\/div>\n<\/div><div class=\"gb-container gb-container-4f110add alignfull\">\n<div class=\"gb-grid-wrapper gb-grid-wrapper-901463b5\">\n<div class=\"gb-grid-column gb-grid-column-28d2d529\"><div class=\"gb-container gb-container-28d2d529\">\n\n<h2 class=\"wp-block-heading has-text-align-center\">Luftaufnahmen<\/h2>\n\n\n\n<hr class=\"wp-block-separator has-alpha-channel-opacity is-style-dots\"\/>\n\n\n\n<figure class=\"wp-block-video\"><video height=\"1080\" style=\"aspect-ratio: 1920 \/ 1080;\" width=\"1920\" autoplay=\"\" controls=\"\" loop=\"\" muted=\"\" src=\"https:\/\/vangelis-house.com\/wp-content\/uploads\/2025\/10\/vangelis-house_2025_1.mp4\" playsinline=\"\"><\/video><\/figure>\n\n<\/div><\/div>\n<\/div>\n<\/div><div class=\"gb-container gb-container-25b04602 alignfull\">\n<div class=\"gb-grid-wrapper gb-grid-wrapper-0e4d99d2\">\n<div class=\"gb-grid-column gb-grid-column-48c9d97d\"><div class=\"gb-container gb-container-48c9d97d\">\n\n<h2 class=\"wp-block-heading has-text-align-center\">Karte<\/h2>\n\n\n\n<hr class=\"wp-block-separator has-alpha-channel-opacity is-style-dots\"\/>\n\n\n<div id=\"wpgmza_map\" class=\"wpgmza_map\" data-settings='{\"id\":\"1\",\"map_title\":\"Vangelis-House\",\"map_width\":\"100\",\"map_height\":\"500\",\"map_start_lat\":\"40.240331\",\"map_start_lng\":\"22.588760\",\"map_start_location\":\"40.240331,22.58875999999998\",\"map_start_zoom\":\"15\",\"default_marker\":\"0\",\"type\":\"1\",\"alignment\":\"1\",\"directions_enabled\":\"1\",\"styling_enabled\":\"0\",\"styling_json\":\"\",\"active\":\"0\",\"kml\":\"\",\"bicycle\":\"0\",\"traffic\":\"0\",\"dbox\":\"1\",\"dbox_width\":\"100\",\"listmarkers\":\"0\",\"listmarkers_advanced\":\"0\",\"filterbycat\":\"0\",\"ugm_enabled\":\"0\",\"ugm_category_enabled\":\"0\",\"fusion\":\"\",\"map_width_type\":\"\\\\%\",\"map_height_type\":\"px\",\"mass_marker_support\":\"1\",\"ugm_access\":\"0\",\"order_markers_by\":\"1\",\"order_markers_choice\":\"2\",\"show_user_location\":\"0\",\"default_to\":\"\",\"other_settings\":{\"store_locator_enabled\":2,\"store_locator_distance\":2,\"store_locator_default_radius\":\"10\",\"store_locator_not_found_message\":\"No results found in this location. Please try again.\",\"store_locator_bounce\":1,\"store_locator_query_string\":\"ZIP \\\/ Address:\",\"store_locator_default_address\":\"\",\"wpgmza_store_locator_restrict\":\"\",\"store_locator_style\":\"modern\",\"wpgmza_store_locator_radius_style\":\"modern\",\"map_max_zoom\":\"1\",\"transport_layer\":0,\"wpgmza_theme_data\":\"[ \\\\\\\"visibility\\\\\\\", \\\\\\\"invert_lightness\\\\\\\", \\\\\\\"color\\\\\\\", \\\\\\\"weight\\\\\\\", \\\\\\\"hue\\\\\\\", \\\\\\\"saturation\\\\\\\", \\\\\\\"lightness\\\\\\\", \\\\\\\"gamma\\\\\\\"]\",\"wpgmza_theme_selection\":0,\"wpgmza_show_points_of_interest\":1}}' data-map-id='1' Data-maps-engine='google-maps' data-shortcode-attributes='{\"id\":\"1\"}' style=\"display:block; overflow:auto; width:100%; height:500px; float:left;\"><\/div>\n\n<\/div><\/div>\n<\/div>\n<\/div>","protected":false},"excerpt":{"rendered":"","protected":false},"author":1,"featured_media":0,"parent":0,"menu_order":0,"comment_status":"closed","ping_status":"closed","template":"","meta":{"footnotes":""},"class_list":["post-19091","page","type-page","status-publish"],"yoast_head":"<!-- This site is optimized with the Yoast SEO plugin v27.5 - https:\/\/yoast.com\/product\/yoast-seo-wordpress\/ -->\n<title>Lage - Vangelis-House<\/title>\n<meta name=\"robots\" content=\"index, follow, max-snippet:-1, max-image-preview:large, max-video-preview:-1\" \/>\n<link rel=\"canonical\" href=\"https:\/\/vangelis-house.com\/de\/lage\/\" \/>\n<meta property=\"og:locale\" content=\"de_DE\" \/>\n<meta property=\"og:type\" content=\"article\" \/>\n<meta property=\"og:title\" content=\"Lage - Vangelis-House\" \/>\n<meta property=\"og:url\" content=\"https:\/\/vangelis-house.com\/de\/lage\/\" \/>\n<meta property=\"og:site_name\" content=\"Vangelis-House\" \/>\n<meta property=\"article:publisher\" content=\"https:\/\/facebook.com\/vangelishouse\" \/>\n<meta property=\"article:modified_time\" content=\"2025-11-08T10:56:19+00:00\" \/>\n<meta name=\"twitter:card\" content=\"summary_large_image\" \/>\n<meta name=\"twitter:site\" content=\"@vangelishouse\" \/>\n<meta name=\"twitter:label1\" content=\"Gesch\u00e4tzte Lesezeit\" \/>\n\t<meta name=\"twitter:data1\" content=\"1\u00a0Minute\" \/>\n<script type=\"application\/ld+json\" class=\"yoast-schema-graph\">{\"@context\":\"https:\\\/\\\/schema.org\",\"@graph\":[{\"@type\":\"WebPage\",\"@id\":\"https:\\\/\\\/vangelis-house.com\\\/de\\\/lage\\\/\",\"url\":\"https:\\\/\\\/vangelis-house.com\\\/de\\\/lage\\\/\",\"name\":\"Lage - Vangelis-House\",\"isPartOf\":{\"@id\":\"https:\\\/\\\/vangelis-house.com\\\/#website\"},\"datePublished\":\"2025-11-08T10:46:50+00:00\",\"dateModified\":\"2025-11-08T10:56:19+00:00\",\"breadcrumb\":{\"@id\":\"https:\\\/\\\/vangelis-house.com\\\/de\\\/lage\\\/#breadcrumb\"},\"inLanguage\":\"de\",\"potentialAction\":[{\"@type\":\"ReadAction\",\"target\":[\"https:\\\/\\\/vangelis-house.com\\\/de\\\/lage\\\/\"]}]},{\"@type\":\"BreadcrumbList\",\"@id\":\"https:\\\/\\\/vangelis-house.com\\\/de\\\/lage\\\/#breadcrumb\",\"itemListElement\":[{\"@type\":\"ListItem\",\"position\":1,\"name\":\"Home\",\"item\":\"https:\\\/\\\/vangelis-house.com\\\/de\\\/\"},{\"@type\":\"ListItem\",\"position\":2,\"name\":\"Lage\"}]},{\"@type\":\"WebSite\",\"@id\":\"https:\\\/\\\/vangelis-house.com\\\/#website\",\"url\":\"https:\\\/\\\/vangelis-house.com\\\/\",\"name\":\"Vangelis-House\",\"description\":\"Holiday Apartments in Olympic Beach\",\"publisher\":{\"@id\":\"https:\\\/\\\/vangelis-house.com\\\/#organization\"},\"potentialAction\":[{\"@type\":\"SearchAction\",\"target\":{\"@type\":\"EntryPoint\",\"urlTemplate\":\"https:\\\/\\\/vangelis-house.com\\\/?s={search_term_string}\"},\"query-input\":{\"@type\":\"PropertyValueSpecification\",\"valueRequired\":true,\"valueName\":\"search_term_string\"}}],\"inLanguage\":\"de\"},{\"@type\":\"Organization\",\"@id\":\"https:\\\/\\\/vangelis-house.com\\\/#organization\",\"name\":\"Vangelis-House\",\"alternateName\":\"Holiday Apartments in Olympic Beach\",\"url\":\"https:\\\/\\\/vangelis-house.com\\\/\",\"logo\":{\"@type\":\"ImageObject\",\"inLanguage\":\"de\",\"@id\":\"https:\\\/\\\/vangelis-house.com\\\/#\\\/schema\\\/logo\\\/image\\\/\",\"url\":\"https:\\\/\\\/vangelis-house.com\\\/wp-content\\\/uploads\\\/2024\\\/03\\\/vh_04_2024_logo.png\",\"contentUrl\":\"https:\\\/\\\/vangelis-house.com\\\/wp-content\\\/uploads\\\/2024\\\/03\\\/vh_04_2024_logo.png\",\"width\":1500,\"height\":600,\"caption\":\"Vangelis-House\"},\"image\":{\"@id\":\"https:\\\/\\\/vangelis-house.com\\\/#\\\/schema\\\/logo\\\/image\\\/\"},\"sameAs\":[\"https:\\\/\\\/facebook.com\\\/vangelishouse\",\"https:\\\/\\\/x.com\\\/vangelishouse\",\"https:\\\/\\\/instagram.com\\\/vangelishouse\",\"https:\\\/\\\/wa.me\\\/491775069348\"]}]}<\/script>\n<!-- \/ Yoast SEO plugin. -->","yoast_head_json":{"title":"Lage - Vangelis-House","robots":{"index":"index","follow":"follow","max-snippet":"max-snippet:-1","max-image-preview":"max-image-preview:large","max-video-preview":"max-video-preview:-1"},"canonical":"https:\/\/vangelis-house.com\/de\/lage\/","og_locale":"de_DE","og_type":"article","og_title":"Lage - Vangelis-House","og_url":"https:\/\/vangelis-house.com\/de\/lage\/","og_site_name":"Vangelis-House","article_publisher":"https:\/\/facebook.com\/vangelishouse","article_modified_time":"2025-11-08T10:56:19+00:00","twitter_card":"summary_large_image","twitter_site":"@vangelishouse","twitter_misc":{"Gesch\u00e4tzte Lesezeit":"1\u00a0Minute"},"schema":{"@context":"https:\/\/schema.org","@graph":[{"@type":"WebPage","@id":"https:\/\/vangelis-house.com\/de\/lage\/","url":"https:\/\/vangelis-house.com\/de\/lage\/","name":"Lage - Vangelis-House","isPartOf":{"@id":"https:\/\/vangelis-house.com\/#website"},"datePublished":"2025-11-08T10:46:50+00:00","dateModified":"2025-11-08T10:56:19+00:00","breadcrumb":{"@id":"https:\/\/vangelis-house.com\/de\/lage\/#breadcrumb"},"inLanguage":"de","potentialAction":[{"@type":"ReadAction","target":["https:\/\/vangelis-house.com\/de\/lage\/"]}]},{"@type":"BreadcrumbList","@id":"https:\/\/vangelis-house.com\/de\/lage\/#breadcrumb","itemListElement":[{"@type":"ListItem","position":1,"name":"Home","item":"https:\/\/vangelis-house.com\/de\/"},{"@type":"ListItem","position":2,"name":"Lage"}]},{"@type":"WebSite","@id":"https:\/\/vangelis-house.com\/#website","url":"https:\/\/vangelis-house.com\/","name":"Vangelis-House","description":"Holiday Apartments in Olympic Beach","publisher":{"@id":"https:\/\/vangelis-house.com\/#organization"},"potentialAction":[{"@type":"SearchAction","target":{"@type":"EntryPoint","urlTemplate":"https:\/\/vangelis-house.com\/?s={search_term_string}"},"query-input":{"@type":"PropertyValueSpecification","valueRequired":true,"valueName":"search_term_string"}}],"inLanguage":"de"},{"@type":"Organization","@id":"https:\/\/vangelis-house.com\/#organization","name":"Vangelis-House","alternateName":"Holiday Apartments in Olympic Beach","url":"https:\/\/vangelis-house.com\/","logo":{"@type":"ImageObject","inLanguage":"de","@id":"https:\/\/vangelis-house.com\/#\/schema\/logo\/image\/","url":"https:\/\/vangelis-house.com\/wp-content\/uploads\/2024\/03\/vh_04_2024_logo.png","contentUrl":"https:\/\/vangelis-house.com\/wp-content\/uploads\/2024\/03\/vh_04_2024_logo.png","width":1500,"height":600,"caption":"Vangelis-House"},"image":{"@id":"https:\/\/vangelis-house.com\/#\/schema\/logo\/image\/"},"sameAs":["https:\/\/facebook.com\/vangelishouse","https:\/\/x.com\/vangelishouse","https:\/\/instagram.com\/vangelishouse","https:\/\/wa.me\/491775069348"]}]}},"jetpack_sharing_enabled":true,"_links":{"self":[{"href":"https:\/\/vangelis-house.com\/de\/wp-json\/wp\/v2\/pages\/19091","targetHints":{"allow":["GET"]}}],"collection":[{"href":"https:\/\/vangelis-house.com\/de\/wp-json\/wp\/v2\/pages"}],"about":[{"href":"https:\/\/vangelis-house.com\/de\/wp-json\/wp\/v2\/types\/page"}],"author":[{"embeddable":true,"href":"https:\/\/vangelis-house.com\/de\/wp-json\/wp\/v2\/users\/1"}],"replies":[{"embeddable":true,"href":"https:\/\/vangelis-house.com\/de\/wp-json\/wp\/v2\/comments?post=19091"}],"version-history":[{"count":0,"href":"https:\/\/vangelis-house.com\/de\/wp-json\/wp\/v2\/pages\/19091\/revisions"}],"wp:attachment":[{"href":"https:\/\/vangelis-house.com\/de\/wp-json\/wp\/v2\/media?parent=19091"}],"curies":[{"name":"wp","href":"https:\/\/api.w.org\/{rel}","templated":true}]}}